{"id":689744,"date":"2025-06-18T19:42:28","date_gmt":"2025-06-18T16:42:28","guid":{"rendered":"https:\/\/nextsnkr.com\/product\/prada-grey-triangle-sale\/"},"modified":"2026-01-30T19:25:27","modified_gmt":"2026-01-30T16:25:27","slug":"prada-grey-triangle-sale","status":"publish","type":"product","link":"https:\/\/nextsnkr.com\/fi\/tuote\/prada-grey-triangle-sale\/","title":{"rendered":"Prada harmaa kolmio laukku-eco nahka, tyylik\u00e4s ja monipuolinen"},"content":{"rendered":"<h2>Prada harmaa kolmio laukku-eco nahka, tyylik\u00e4s ja monipuolinen<\/h2>\n<p>Prada Grey Triangle eco-nahkalaukussa yhdistyv\u00e4t tyylik\u00e4s muotoilu ja k\u00e4yt\u00e4nn\u00f6llisyys. T\u00e4ydellinen p\u00e4ivitt\u00e4iseen k\u00e4ytt\u00f6\u00f6n, arkity\u00f6h\u00f6n ja viikonloppuk\u00e4velyihin. Lakoninen harmaa-beige s\u00e4vy t\u00e4ydent\u00e4\u00e4 harmonisesti mit\u00e4 tahansa kuvaa, ja korkealaatuiset materiaalit takaavat kest\u00e4vyyden ja mukavuuden. Valitse Pradan harmaa kolmio tyylikk\u00e4\u00e4ksi ja toimivaksi asusteeksi vaatekaappiisi.<\/p>\n","protected":false},"excerpt":{"rendered":"<p>Prada Grey Triangle eco-nahkalaukussa yhdistyv\u00e4t tyylik\u00e4s muotoilu ja k\u00e4yt\u00e4nn\u00f6llisyys. T\u00e4ydellinen p\u00e4ivitt\u00e4iseen k\u00e4ytt\u00f6\u00f6n, arkity\u00f6h\u00f6n ja viikonloppuk\u00e4velyihin. Lakoninen harmaa-beige s\u00e4vy t\u00e4ydent\u00e4\u00e4 harmonisesti mit\u00e4 tahansa kuvaa, ja korkealaatuiset materiaalit takaavat kest\u00e4vyyden ja mukavuuden. Valitse Pradan harmaa kolmio tyylikk\u00e4\u00e4ksi ja toimivaksi asusteeksi vaatekaappiisi.<\/p>\n","protected":false},"featured_media":689745,"comment_status":"open","ping_status":"open","template":"","meta":[],"product_brand":[],"product_cat":[3199,3476],"product_tag":[],"class_list":{"0":"post-689744","1":"product","2":"type-product","3":"status-publish","4":"has-post-thumbnail","6":"product_cat-all-product","7":"product_cat-sumky","8":"pa_rozmir-23kh20kh9","10":"first","11":"instock","12":"purchasable","13":"product-type-simple"},"_links":{"self":[{"href":"https:\/\/nextsnkr.com\/fi\/wp-json\/wp\/v2\/product\/689744","targetHints":{"allow":["GET"]}}],"collection":[{"href":"https:\/\/nextsnkr.com\/fi\/wp-json\/wp\/v2\/product"}],"about":[{"href":"https:\/\/nextsnkr.com\/fi\/wp-json\/wp\/v2\/types\/product"}],"replies":[{"embeddable":true,"href":"https:\/\/nextsnkr.com\/fi\/wp-json\/wp\/v2\/comments?post=689744"}],"version-history":[{"count":0,"href":"https:\/\/nextsnkr.com\/fi\/wp-json\/wp\/v2\/product\/689744\/revisions"}],"wp:featuredmedia":[{"embeddable":true,"href":"https:\/\/nextsnkr.com\/fi\/wp-json\/wp\/v2\/media\/689745"}],"wp:attachment":[{"href":"https:\/\/nextsnkr.com\/fi\/wp-json\/wp\/v2\/media?parent=689744"}],"wp:term":[{"taxonomy":"product_brand","embeddable":true,"href":"https:\/\/nextsnkr.com\/fi\/wp-json\/wp\/v2\/product_brand?post=689744"},{"taxonomy":"product_cat","embeddable":true,"href":"https:\/\/nextsnkr.com\/fi\/wp-json\/wp\/v2\/product_cat?post=689744"},{"taxonomy":"product_tag","embeddable":true,"href":"https:\/\/nextsnkr.com\/fi\/wp-json\/wp\/v2\/product_tag?post=689744"}],"curies":[{"name":"wp","href":"https:\/\/api.w.org\/{rel}","templated":true}]}}