{"id":689214,"date":"2025-06-17T21:18:03","date_gmt":"2025-06-17T18:18:03","guid":{"rendered":"https:\/\/nextsnkr.com\/product\/slide-bone-rasprodazha\/"},"modified":"2026-01-30T19:25:14","modified_gmt":"2026-01-30T16:25:14","slug":"slide-bone-rasprodazha","status":"publish","type":"product","link":"https:\/\/nextsnkr.com\/fi\/tuote\/slide-bone-rasprodazha\/","title":{"rendered":"Slide Bone Tossut-kevyt EVA kotiin ja vapaa-aikaan"},"content":{"rendered":"<h2>Slide Bone Tossut-kevyt EVA kotiin ja vapaa-aikaan<\/h2>\n<p>Slide Bone-tossut on valmistettu kevyest\u00e4 ja kest\u00e4v\u00e4st\u00e4 EVA-materiaalista, joka tarjoaa mukavuutta, iskunvaimennusta ja helppok\u00e4ytt\u00f6isyytt\u00e4. Malli on ihanteellinen kotiin, lomalle, rannalle tai pikaiselle matkalle ulkona. Mukava muoto ja liukumaton pohja takaavat askeleen turvallisuuden ja vakauden. Tuotanto on Vietnamissa, myyntihinta tekee ostosta kannattavan. Slide Bone on k\u00e4yt\u00e4nn\u00f6llinen ja tyylik\u00e4s valinta jokap\u00e4iv\u00e4iseen mukavuuteen.<\/p>\n","protected":false},"excerpt":{"rendered":"<p>Slide Bone-tossut on valmistettu kevyest\u00e4 ja kest\u00e4v\u00e4st\u00e4 EVA-materiaalista, joka tarjoaa mukavuutta, iskunvaimennusta ja helppok\u00e4ytt\u00f6isyytt\u00e4. Malli on ihanteellinen kotiin, lomalle, rannalle tai pikaiselle matkalle ulkona. Mukava muoto ja liukumaton pohja takaavat askeleen turvallisuuden ja vakauden. Tuotanto on Vietnamissa, myyntihinta tekee ostosta kannattavan. Slide Bone on k\u00e4yt\u00e4nn\u00f6llinen ja tyylik\u00e4s valinta jokap\u00e4iv\u00e4iseen mukavuuteen.<\/p>\n","protected":false},"featured_media":689215,"comment_status":"open","ping_status":"open","template":"","meta":[],"product_brand":[],"product_cat":[3199,3420],"product_tag":[],"class_list":{"0":"post-689214","1":"product","2":"type-product","3":"status-publish","4":"has-post-thumbnail","6":"product_cat-all-product","7":"product_cat-shlopantsi","8":"pa_rozmir-910","9":"pa_rozmir-912","10":"pa_rozmir-914","11":"pa_rozmir-915","12":"pa_rozmir-916","13":"pa_rozmir-917","14":"pa_rozmir-918","15":"pa_rozmir-919","16":"pa_rozmir-920","17":"pa_rozmir-921","18":"pa_rozmir-922","20":"first","21":"instock","22":"purchasable","23":"product-type-variable"},"_links":{"self":[{"href":"https:\/\/nextsnkr.com\/fi\/wp-json\/wp\/v2\/product\/689214","targetHints":{"allow":["GET"]}}],"collection":[{"href":"https:\/\/nextsnkr.com\/fi\/wp-json\/wp\/v2\/product"}],"about":[{"href":"https:\/\/nextsnkr.com\/fi\/wp-json\/wp\/v2\/types\/product"}],"replies":[{"embeddable":true,"href":"https:\/\/nextsnkr.com\/fi\/wp-json\/wp\/v2\/comments?post=689214"}],"version-history":[{"count":0,"href":"https:\/\/nextsnkr.com\/fi\/wp-json\/wp\/v2\/product\/689214\/revisions"}],"wp:featuredmedia":[{"embeddable":true,"href":"https:\/\/nextsnkr.com\/fi\/wp-json\/wp\/v2\/media\/689215"}],"wp:attachment":[{"href":"https:\/\/nextsnkr.com\/fi\/wp-json\/wp\/v2\/media?parent=689214"}],"wp:term":[{"taxonomy":"product_brand","embeddable":true,"href":"https:\/\/nextsnkr.com\/fi\/wp-json\/wp\/v2\/product_brand?post=689214"},{"taxonomy":"product_cat","embeddable":true,"href":"https:\/\/nextsnkr.com\/fi\/wp-json\/wp\/v2\/product_cat?post=689214"},{"taxonomy":"product_tag","embeddable":true,"href":"https:\/\/nextsnkr.com\/fi\/wp-json\/wp\/v2\/product_tag?post=689214"}],"curies":[{"name":"wp","href":"https:\/\/api.w.org\/{rel}","templated":true}]}}