{"id":688653,"date":"2025-06-18T19:44:59","date_gmt":"2025-06-18T16:44:59","guid":{"rendered":"https:\/\/nextsnkr.com\/product\/new-balance-574-beige-grey-m\/"},"modified":"2026-01-30T19:24:37","modified_gmt":"2026-01-30T16:24:37","slug":"new-balance-574-beige-grey-m","status":"publish","type":"product","link":"https:\/\/nextsnkr.com\/fi\/tuote\/new-balance-574-beige-grey-m\/","title":{"rendered":"New Balance 574 Beige \/ Harmaa lenkkarit miehille-suede \/ Tekstiili"},"content":{"rendered":"<h2>New Balance 574 Beige \/ Harmaa lenkkarit miehille-suede \/ Tekstiili<\/h2>\n<p>New Balance 574 Beige \/ Harmaa (M) lenkkarit yhdist\u00e4v\u00e4t tyylin ja mukavuuden p\u00e4ivitt\u00e4iseen k\u00e4ytt\u00f6\u00f6n. Valmistettu korkealaatuisesta mokkanahasta ja tekstiileist\u00e4, ne tarjoavat mukavan istuvuuden ja pitk\u00e4kestoisen kest\u00e4vyyden. New Balance-merkin malli on ihanteellinen k\u00e4velyyn, urheiluun ja jokap\u00e4iv\u00e4iseen k\u00e4ytt\u00f6\u00f6n. Moderni beige-harmaa muotoilu tekee tennareista monipuoliset ja muodikkaat. Valitse mukavuus ja tyyli luotettavalta br\u00e4ndilt\u00e4.<\/p>\n","protected":false},"excerpt":{"rendered":"<p>New Balance 574 Beige \/ Harmaa (M) lenkkarit yhdist\u00e4v\u00e4t tyylin ja mukavuuden p\u00e4ivitt\u00e4iseen k\u00e4ytt\u00f6\u00f6n. Valmistettu korkealaatuisesta mokkanahasta ja tekstiileist\u00e4, ne tarjoavat mukavan istuvuuden ja pitk\u00e4kestoisen kest\u00e4vyyden. New Balance-merkin malli on ihanteellinen k\u00e4velyyn, urheiluun ja jokap\u00e4iv\u00e4iseen k\u00e4ytt\u00f6\u00f6n. Moderni beige-harmaa muotoilu tekee tennareista monipuoliset ja muodikkaat. Valitse mukavuus ja tyyli luotettavalta br\u00e4ndilt\u00e4.<\/p>\n","protected":false},"featured_media":688654,"comment_status":"open","ping_status":"open","template":"","meta":[],"product_brand":[],"product_cat":[3199,3200],"product_tag":[],"class_list":{"0":"post-688653","1":"product","2":"type-product","3":"status-publish","4":"has-post-thumbnail","6":"product_cat-all-product","7":"product_cat-krosivky","8":"pa_rozmir-910","9":"pa_rozmir-912","10":"pa_rozmir-914","11":"pa_rozmir-915","12":"pa_rozmir-916","13":"pa_rozmir-917","14":"pa_rozmir-918","15":"pa_rozmir-919","16":"pa_rozmir-920","17":"pa_rozmir-921","18":"pa_rozmir-922","20":"first","21":"onbackorder","22":"purchasable","23":"product-type-variable"},"_links":{"self":[{"href":"https:\/\/nextsnkr.com\/fi\/wp-json\/wp\/v2\/product\/688653","targetHints":{"allow":["GET"]}}],"collection":[{"href":"https:\/\/nextsnkr.com\/fi\/wp-json\/wp\/v2\/product"}],"about":[{"href":"https:\/\/nextsnkr.com\/fi\/wp-json\/wp\/v2\/types\/product"}],"replies":[{"embeddable":true,"href":"https:\/\/nextsnkr.com\/fi\/wp-json\/wp\/v2\/comments?post=688653"}],"version-history":[{"count":0,"href":"https:\/\/nextsnkr.com\/fi\/wp-json\/wp\/v2\/product\/688653\/revisions"}],"wp:featuredmedia":[{"embeddable":true,"href":"https:\/\/nextsnkr.com\/fi\/wp-json\/wp\/v2\/media\/688654"}],"wp:attachment":[{"href":"https:\/\/nextsnkr.com\/fi\/wp-json\/wp\/v2\/media?parent=688653"}],"wp:term":[{"taxonomy":"product_brand","embeddable":true,"href":"https:\/\/nextsnkr.com\/fi\/wp-json\/wp\/v2\/product_brand?post=688653"},{"taxonomy":"product_cat","embeddable":true,"href":"https:\/\/nextsnkr.com\/fi\/wp-json\/wp\/v2\/product_cat?post=688653"},{"taxonomy":"product_tag","embeddable":true,"href":"https:\/\/nextsnkr.com\/fi\/wp-json\/wp\/v2\/product_tag?post=688653"}],"curies":[{"name":"wp","href":"https:\/\/api.w.org\/{rel}","templated":true}]}}