{"id":687069,"date":"2025-06-17T21:24:40","date_gmt":"2025-06-17T18:24:40","guid":{"rendered":"https:\/\/nextsnkr.com\/product\/m2k-tekno-white\/"},"modified":"2026-01-30T19:23:54","modified_gmt":"2026-01-30T16:23:54","slug":"m2k-tekno-white","status":"publish","type":"product","link":"https:\/\/nextsnkr.com\/fi\/tuote\/m2k-tekno-white\/","title":{"rendered":"M2K Tekno valkoiset tennarit-miesten ja naisten nahka"},"content":{"rendered":"<h2>M2K Tekno valkoiset tennarit-miesten ja naisten nahka<\/h2>\n<p>M2K Tekno White-tyylikk\u00e4\u00e4t aidosta nahasta valmistetut tennarit, jotka tarjoavat mukavuutta, lujuutta ja kest\u00e4vyytt\u00e4. Valkoinen v\u00e4ri tekee mallista monipuolisen ja helpon yhdist\u00e4\u00e4 mihin tahansa rentoon tyyliin. Vietnamissa valmistetuissa m2K Tekno-lenkkareissa on vakaa pohja, mukava istuvuus jalassa ja moderni muotoilu. T\u00e4ydellinen valinta aktiiviseen el\u00e4m\u00e4ntapaan, k\u00e4velyyn ja tyylikk\u00e4\u00e4n ilmeen luomiseen mukavuudella ja ensiluokkaisella br\u00e4ndilaadulla.<\/p>\n","protected":false},"excerpt":{"rendered":"<p>M2K Tekno White-tyylikk\u00e4\u00e4t aidosta nahasta valmistetut tennarit, jotka tarjoavat mukavuutta, lujuutta ja kest\u00e4vyytt\u00e4. Valkoinen v\u00e4ri tekee mallista monipuolisen ja helpon yhdist\u00e4\u00e4 mihin tahansa rentoon tyyliin. Vietnamissa valmistetuissa m2K Tekno-lenkkareissa on vakaa pohja, mukava istuvuus jalassa ja moderni muotoilu. T\u00e4ydellinen valinta aktiiviseen el\u00e4m\u00e4ntapaan, k\u00e4velyyn ja tyylikk\u00e4\u00e4n ilmeen luomiseen mukavuudella ja ensiluokkaisella br\u00e4ndilaadulla.<\/p>\n","protected":false},"featured_media":687075,"comment_status":"open","ping_status":"open","template":"","meta":[],"product_brand":[],"product_cat":[3199,3200],"product_tag":[],"class_list":{"0":"post-687069","1":"product","2":"type-product","3":"status-publish","4":"has-post-thumbnail","6":"product_cat-all-product","7":"product_cat-krosivky","8":"pa_rozmir-910","9":"pa_rozmir-912","10":"pa_rozmir-914","11":"pa_rozmir-915","12":"pa_rozmir-916","13":"pa_rozmir-917","14":"pa_rozmir-918","15":"pa_rozmir-919","16":"pa_rozmir-920","17":"pa_rozmir-921","18":"pa_rozmir-922","20":"first","21":"onbackorder","22":"purchasable","23":"product-type-variable"},"_links":{"self":[{"href":"https:\/\/nextsnkr.com\/fi\/wp-json\/wp\/v2\/product\/687069","targetHints":{"allow":["GET"]}}],"collection":[{"href":"https:\/\/nextsnkr.com\/fi\/wp-json\/wp\/v2\/product"}],"about":[{"href":"https:\/\/nextsnkr.com\/fi\/wp-json\/wp\/v2\/types\/product"}],"replies":[{"embeddable":true,"href":"https:\/\/nextsnkr.com\/fi\/wp-json\/wp\/v2\/comments?post=687069"}],"version-history":[{"count":0,"href":"https:\/\/nextsnkr.com\/fi\/wp-json\/wp\/v2\/product\/687069\/revisions"}],"wp:featuredmedia":[{"embeddable":true,"href":"https:\/\/nextsnkr.com\/fi\/wp-json\/wp\/v2\/media\/687075"}],"wp:attachment":[{"href":"https:\/\/nextsnkr.com\/fi\/wp-json\/wp\/v2\/media?parent=687069"}],"wp:term":[{"taxonomy":"product_brand","embeddable":true,"href":"https:\/\/nextsnkr.com\/fi\/wp-json\/wp\/v2\/product_brand?post=687069"},{"taxonomy":"product_cat","embeddable":true,"href":"https:\/\/nextsnkr.com\/fi\/wp-json\/wp\/v2\/product_cat?post=687069"},{"taxonomy":"product_tag","embeddable":true,"href":"https:\/\/nextsnkr.com\/fi\/wp-json\/wp\/v2\/product_tag?post=687069"}],"curies":[{"name":"wp","href":"https:\/\/api.w.org\/{rel}","templated":true}]}}