{"id":686931,"date":"2025-06-18T19:49:03","date_gmt":"2025-06-18T16:49:03","guid":{"rendered":"https:\/\/nextsnkr.com\/product\/puma-white-m\/"},"modified":"2026-01-30T19:23:50","modified_gmt":"2026-01-30T16:23:50","slug":"puma-white-m","status":"publish","type":"product","link":"https:\/\/nextsnkr.com\/fi\/tuote\/puma-white-m\/","title":{"rendered":"Puma valkoiset (M) tennarit-tyylikk\u00e4\u00e4t valkoiset urheilukeng\u00e4t miehille"},"content":{"rendered":"<h2>Puma valkoiset (M) tennarit-tyylikk\u00e4\u00e4t valkoiset urheilukeng\u00e4t miehille<\/h2>\n<p>Puma White (M) &#8211; tennareissa yhdistyv\u00e4t tyyli ja mukavuus jokap\u00e4iv\u00e4isess\u00e4 k\u00e4yt\u00f6ss\u00e4. Kevyet ja kest\u00e4v\u00e4t, ne on valmistettu korkealaatuisista materiaaleista, jotka takaavat kest\u00e4vyyden ja mukavuuden k\u00e4velyn, harjoittelun tai ulkoilun aikana. Puhtaan valkoinen v\u00e4ri lis\u00e4\u00e4 monipuolisuutta ja korostaa modernia urheilullista tyyli\u00e4. Valitsemalla Puman saat br\u00e4ndi\u00e4, luotettavuutta ja mukavuutta joka askeleella.<\/p>\n","protected":false},"excerpt":{"rendered":"<p>Puma White (M) &#8211; tennareissa yhdistyv\u00e4t tyyli ja mukavuus jokap\u00e4iv\u00e4isess\u00e4 k\u00e4yt\u00f6ss\u00e4. Kevyet ja kest\u00e4v\u00e4t, ne on valmistettu korkealaatuisista materiaaleista, jotka takaavat kest\u00e4vyyden ja mukavuuden k\u00e4velyn, harjoittelun tai ulkoilun aikana. Puhtaan valkoinen v\u00e4ri lis\u00e4\u00e4 monipuolisuutta ja korostaa modernia urheilullista tyyli\u00e4. Valitsemalla Puman saat br\u00e4ndi\u00e4, luotettavuutta ja mukavuutta joka askeleella.<\/p>\n","protected":false},"featured_media":686932,"comment_status":"open","ping_status":"open","template":"","meta":[],"product_brand":[],"product_cat":[3199,3318],"product_tag":[],"class_list":{"0":"post-686931","1":"product","2":"type-product","3":"status-publish","4":"has-post-thumbnail","6":"product_cat-all-product","7":"product_cat-kedy","8":"pa_rozmir-910","9":"pa_rozmir-912","10":"pa_rozmir-914","11":"pa_rozmir-915","12":"pa_rozmir-916","13":"pa_rozmir-917","14":"pa_rozmir-918","15":"pa_rozmir-919","16":"pa_rozmir-920","17":"pa_rozmir-921","18":"pa_rozmir-922","20":"first","21":"onbackorder","22":"purchasable","23":"product-type-variable"},"_links":{"self":[{"href":"https:\/\/nextsnkr.com\/fi\/wp-json\/wp\/v2\/product\/686931","targetHints":{"allow":["GET"]}}],"collection":[{"href":"https:\/\/nextsnkr.com\/fi\/wp-json\/wp\/v2\/product"}],"about":[{"href":"https:\/\/nextsnkr.com\/fi\/wp-json\/wp\/v2\/types\/product"}],"replies":[{"embeddable":true,"href":"https:\/\/nextsnkr.com\/fi\/wp-json\/wp\/v2\/comments?post=686931"}],"version-history":[{"count":0,"href":"https:\/\/nextsnkr.com\/fi\/wp-json\/wp\/v2\/product\/686931\/revisions"}],"wp:featuredmedia":[{"embeddable":true,"href":"https:\/\/nextsnkr.com\/fi\/wp-json\/wp\/v2\/media\/686932"}],"wp:attachment":[{"href":"https:\/\/nextsnkr.com\/fi\/wp-json\/wp\/v2\/media?parent=686931"}],"wp:term":[{"taxonomy":"product_brand","embeddable":true,"href":"https:\/\/nextsnkr.com\/fi\/wp-json\/wp\/v2\/product_brand?post=686931"},{"taxonomy":"product_cat","embeddable":true,"href":"https:\/\/nextsnkr.com\/fi\/wp-json\/wp\/v2\/product_cat?post=686931"},{"taxonomy":"product_tag","embeddable":true,"href":"https:\/\/nextsnkr.com\/fi\/wp-json\/wp\/v2\/product_tag?post=686931"}],"curies":[{"name":"wp","href":"https:\/\/api.w.org\/{rel}","templated":true}]}}