{"id":686014,"date":"2025-06-18T19:51:36","date_gmt":"2025-06-18T16:51:36","guid":{"rendered":"https:\/\/nextsnkr.com\/product\/lv-backpack-mini\/"},"modified":"2026-01-30T19:23:19","modified_gmt":"2026-01-30T16:23:19","slug":"lv-backpack-mini","status":"publish","type":"product","link":"https:\/\/nextsnkr.com\/fi\/tuote\/lv-backpack-mini\/","title":{"rendered":"LV Reppu Mini reppu on kompakti ekonahkainen reppu p\u00e4ivitt\u00e4iseen k\u00e4ytt\u00f6\u00f6n"},"content":{"rendered":"<h2>LV Reppu Mini reppu on kompakti ekonahkainen reppu p\u00e4ivitt\u00e4iseen k\u00e4ytt\u00f6\u00f6n<\/h2>\n<p>LV Reppu Mini on valmistettu korkealaatuisesta ekonahasta, jossa yhdistyv\u00e4t tyyli ja k\u00e4yt\u00e4nn\u00f6llisyys. T\u00e4ydellinen p\u00e4ivitt\u00e4iseen k\u00e4ytt\u00f6\u00f6n, se mahtuu helposti v\u00e4ltt\u00e4m\u00e4tt\u00f6miin esineisiin ja lis\u00e4\u00e4 modernin vieh\u00e4tyksen lookiisi. Kompakti muotoilu ja mukavat hihnat takaavat k\u00e4ytt\u00f6mukavuuden, ja tyylik\u00e4s muotoilu tekee repusta monipuolisen lis\u00e4varusteen ty\u00f6h\u00f6n, k\u00e4velyyn tai matkustamiseen. Materiaalien luotettavuus takaa kest\u00e4vyyden ja laadun joka p\u00e4iv\u00e4.<\/p>\n","protected":false},"excerpt":{"rendered":"<p>LV Reppu Mini on valmistettu korkealaatuisesta ekonahasta, jossa yhdistyv\u00e4t tyyli ja k\u00e4yt\u00e4nn\u00f6llisyys. T\u00e4ydellinen p\u00e4ivitt\u00e4iseen k\u00e4ytt\u00f6\u00f6n, se mahtuu helposti v\u00e4ltt\u00e4m\u00e4tt\u00f6miin esineisiin ja lis\u00e4\u00e4 modernin vieh\u00e4tyksen lookiisi. Kompakti muotoilu ja mukavat hihnat takaavat k\u00e4ytt\u00f6mukavuuden, ja tyylik\u00e4s muotoilu tekee repusta monipuolisen lis\u00e4varusteen ty\u00f6h\u00f6n, k\u00e4velyyn tai matkustamiseen. Materiaalien luotettavuus takaa kest\u00e4vyyden ja laadun joka p\u00e4iv\u00e4.<\/p>\n","protected":false},"featured_media":686018,"comment_status":"open","ping_status":"open","template":"","meta":[],"product_brand":[],"product_cat":[3199,4269],"product_tag":[],"class_list":{"0":"post-686014","1":"product","2":"type-product","3":"status-publish","4":"has-post-thumbnail","6":"product_cat-all-product","7":"product_cat-riukzaky","8":"pa_rozmir-16kh21kh9","10":"first","11":"instock","12":"purchasable","13":"product-type-simple"},"_links":{"self":[{"href":"https:\/\/nextsnkr.com\/fi\/wp-json\/wp\/v2\/product\/686014","targetHints":{"allow":["GET"]}}],"collection":[{"href":"https:\/\/nextsnkr.com\/fi\/wp-json\/wp\/v2\/product"}],"about":[{"href":"https:\/\/nextsnkr.com\/fi\/wp-json\/wp\/v2\/types\/product"}],"replies":[{"embeddable":true,"href":"https:\/\/nextsnkr.com\/fi\/wp-json\/wp\/v2\/comments?post=686014"}],"version-history":[{"count":0,"href":"https:\/\/nextsnkr.com\/fi\/wp-json\/wp\/v2\/product\/686014\/revisions"}],"wp:featuredmedia":[{"embeddable":true,"href":"https:\/\/nextsnkr.com\/fi\/wp-json\/wp\/v2\/media\/686018"}],"wp:attachment":[{"href":"https:\/\/nextsnkr.com\/fi\/wp-json\/wp\/v2\/media?parent=686014"}],"wp:term":[{"taxonomy":"product_brand","embeddable":true,"href":"https:\/\/nextsnkr.com\/fi\/wp-json\/wp\/v2\/product_brand?post=686014"},{"taxonomy":"product_cat","embeddable":true,"href":"https:\/\/nextsnkr.com\/fi\/wp-json\/wp\/v2\/product_cat?post=686014"},{"taxonomy":"product_tag","embeddable":true,"href":"https:\/\/nextsnkr.com\/fi\/wp-json\/wp\/v2\/product_tag?post=686014"}],"curies":[{"name":"wp","href":"https:\/\/api.w.org\/{rel}","templated":true}]}}