{"id":685880,"date":"2025-06-17T21:28:39","date_gmt":"2025-06-17T18:28:39","guid":{"rendered":"https:\/\/nextsnkr.com\/product\/nike-dunk-low-off-white-lot-37-50\/"},"modified":"2026-01-30T19:23:23","modified_gmt":"2026-01-30T16:23:23","slug":"nike-dunk-low-off-white-lot-37-50","status":"publish","type":"product","link":"https:\/\/nextsnkr.com\/fi\/tuote\/nike-dunk-low-off-white-lot-37-50\/","title":{"rendered":"Nike Dunk Low Off Sneakers-valkoinen Lot 37\/50 &#8211; nahkaiset ker\u00e4ily lenkkarit"},"content":{"rendered":"<h2>Nike Dunk Low Off Sneakers-valkoinen Lot 37\/50 &#8211; nahkaiset ker\u00e4ily lenkkarit<\/h2>\n<p>Nike Dunk Low Off-White Lot 37\/50 lenkkarit ovatyksinomainen aitoa nahkaa malli, jossa yhdistyv\u00e4t tyyli, mukavuus ja premium-laatu. Rajoitettu er\u00e4 37\/50 tekee lenkkareista arvokkaan ker\u00e4ilyesineen merkin yst\u00e4ville. Ergonominen muotoilu takaa mukavan istuvuuden ja pehmustuksen p\u00e4ivitt\u00e4isess\u00e4 k\u00e4yt\u00f6ss\u00e4, kun taas moderni luonnonvalkoinen muotoilu korostaa yksil\u00f6llisyytt\u00e4 ja ainutlaatuista tyyli\u00e4 kaupunkiymp\u00e4rist\u00f6ss\u00e4.<\/p>\n","protected":false},"excerpt":{"rendered":"<p>Nike Dunk Low Off-White Lot 37\/50 lenkkarit ovatyksinomainen aitoa nahkaa malli, jossa yhdistyv\u00e4t tyyli, mukavuus ja premium-laatu. Rajoitettu er\u00e4 37\/50 tekee lenkkareista arvokkaan ker\u00e4ilyesineen merkin yst\u00e4ville. Ergonominen muotoilu takaa mukavan istuvuuden ja pehmustuksen p\u00e4ivitt\u00e4isess\u00e4 k\u00e4yt\u00f6ss\u00e4, kun taas moderni luonnonvalkoinen muotoilu korostaa yksil\u00f6llisyytt\u00e4 ja ainutlaatuista tyyli\u00e4 kaupunkiymp\u00e4rist\u00f6ss\u00e4.<\/p>\n","protected":false},"featured_media":685881,"comment_status":"open","ping_status":"open","template":"","meta":[],"product_brand":[],"product_cat":[3199,3318],"product_tag":[],"class_list":{"0":"post-685880","1":"product","2":"type-product","3":"status-publish","4":"has-post-thumbnail","6":"product_cat-all-product","7":"product_cat-kedy","8":"pa_rozmir-910","9":"pa_rozmir-912","10":"pa_rozmir-914","11":"pa_rozmir-915","12":"pa_rozmir-916","13":"pa_rozmir-917","14":"pa_rozmir-918","15":"pa_rozmir-919","16":"pa_rozmir-920","17":"pa_rozmir-921","18":"pa_rozmir-922","20":"first","21":"onbackorder","22":"purchasable","23":"product-type-variable"},"_links":{"self":[{"href":"https:\/\/nextsnkr.com\/fi\/wp-json\/wp\/v2\/product\/685880","targetHints":{"allow":["GET"]}}],"collection":[{"href":"https:\/\/nextsnkr.com\/fi\/wp-json\/wp\/v2\/product"}],"about":[{"href":"https:\/\/nextsnkr.com\/fi\/wp-json\/wp\/v2\/types\/product"}],"replies":[{"embeddable":true,"href":"https:\/\/nextsnkr.com\/fi\/wp-json\/wp\/v2\/comments?post=685880"}],"version-history":[{"count":0,"href":"https:\/\/nextsnkr.com\/fi\/wp-json\/wp\/v2\/product\/685880\/revisions"}],"wp:featuredmedia":[{"embeddable":true,"href":"https:\/\/nextsnkr.com\/fi\/wp-json\/wp\/v2\/media\/685881"}],"wp:attachment":[{"href":"https:\/\/nextsnkr.com\/fi\/wp-json\/wp\/v2\/media?parent=685880"}],"wp:term":[{"taxonomy":"product_brand","embeddable":true,"href":"https:\/\/nextsnkr.com\/fi\/wp-json\/wp\/v2\/product_brand?post=685880"},{"taxonomy":"product_cat","embeddable":true,"href":"https:\/\/nextsnkr.com\/fi\/wp-json\/wp\/v2\/product_cat?post=685880"},{"taxonomy":"product_tag","embeddable":true,"href":"https:\/\/nextsnkr.com\/fi\/wp-json\/wp\/v2\/product_tag?post=685880"}],"curies":[{"name":"wp","href":"https:\/\/api.w.org\/{rel}","templated":true}]}}