{"id":685316,"date":"2025-06-18T20:44:09","date_gmt":"2025-06-18T17:44:09","guid":{"rendered":"https:\/\/nextsnkr.com\/product\/celine-leather-loafers\/"},"modified":"2026-01-30T19:22:41","modified_gmt":"2026-01-30T16:22:41","slug":"celine-leather-loafers","status":"publish","type":"product","link":"https:\/\/nextsnkr.com\/fi\/tuote\/celine-leather-loafers\/","title":{"rendered":"Celine nahkaiset loaferit-tyylikk\u00e4\u00e4t nahkakeng\u00e4t Italiasta"},"content":{"rendered":"<h2>Celine nahkaiset loaferit-tyylikk\u00e4\u00e4t nahkakeng\u00e4t Italiasta<\/h2>\n<p>Tyylik\u00e4s Celine Nahka mokkasiinit on valmistettu korkealuokkaisesta nahasta Italiassa, joka takaa mukavuutta ja kest\u00e4vyytt\u00e4. Tyylik\u00e4s muotoilu yhdistyy klassinen ja moderni muoti suuntauksia, jolloin keng\u00e4t ihanteellinen arkik\u00e4ytt\u00f6\u00f6n ja erityisi\u00e4 tapahtumia. Pehme\u00e4 pohja ja huomaavainen muoto varmistaa mukavasti koko p\u00e4iv\u00e4n. Lis\u00e4\u00e4 eleganssia vaatekaappi Celine Nahka Mokkasiinit.<\/p>\n","protected":false},"excerpt":{"rendered":"<p>Tyylik\u00e4s Celine Nahka mokkasiinit on valmistettu korkealuokkaisesta nahasta Italiassa, joka takaa mukavuutta ja kest\u00e4vyytt\u00e4. Tyylik\u00e4s muotoilu yhdistyy klassinen ja moderni muoti suuntauksia, jolloin keng\u00e4t ihanteellinen arkik\u00e4ytt\u00f6\u00f6n ja erityisi\u00e4 tapahtumia. Pehme\u00e4 pohja ja huomaavainen muoto varmistaa mukavasti koko p\u00e4iv\u00e4n. Lis\u00e4\u00e4 eleganssia vaatekaappi Celine Nahka Mokkasiinit.<\/p>\n","protected":false},"featured_media":685317,"comment_status":"open","ping_status":"open","template":"","meta":[],"product_brand":[],"product_cat":[3199,4240],"product_tag":[],"class_list":{"0":"post-685316","1":"product","2":"type-product","3":"status-publish","4":"has-post-thumbnail","6":"product_cat-all-product","7":"product_cat-lofery","8":"pa_rozmir-910","9":"pa_rozmir-912","10":"pa_rozmir-914","11":"pa_rozmir-915","12":"pa_rozmir-916","13":"pa_rozmir-917","14":"pa_rozmir-918","15":"pa_rozmir-919","16":"pa_rozmir-920","17":"pa_rozmir-921","18":"pa_rozmir-922","20":"first","21":"instock","22":"purchasable","23":"product-type-variable"},"_links":{"self":[{"href":"https:\/\/nextsnkr.com\/fi\/wp-json\/wp\/v2\/product\/685316","targetHints":{"allow":["GET"]}}],"collection":[{"href":"https:\/\/nextsnkr.com\/fi\/wp-json\/wp\/v2\/product"}],"about":[{"href":"https:\/\/nextsnkr.com\/fi\/wp-json\/wp\/v2\/types\/product"}],"replies":[{"embeddable":true,"href":"https:\/\/nextsnkr.com\/fi\/wp-json\/wp\/v2\/comments?post=685316"}],"version-history":[{"count":0,"href":"https:\/\/nextsnkr.com\/fi\/wp-json\/wp\/v2\/product\/685316\/revisions"}],"wp:featuredmedia":[{"embeddable":true,"href":"https:\/\/nextsnkr.com\/fi\/wp-json\/wp\/v2\/media\/685317"}],"wp:attachment":[{"href":"https:\/\/nextsnkr.com\/fi\/wp-json\/wp\/v2\/media?parent=685316"}],"wp:term":[{"taxonomy":"product_brand","embeddable":true,"href":"https:\/\/nextsnkr.com\/fi\/wp-json\/wp\/v2\/product_brand?post=685316"},{"taxonomy":"product_cat","embeddable":true,"href":"https:\/\/nextsnkr.com\/fi\/wp-json\/wp\/v2\/product_cat?post=685316"},{"taxonomy":"product_tag","embeddable":true,"href":"https:\/\/nextsnkr.com\/fi\/wp-json\/wp\/v2\/product_tag?post=685316"}],"curies":[{"name":"wp","href":"https:\/\/api.w.org\/{rel}","templated":true}]}}