{"id":681737,"date":"2025-06-17T21:39:17","date_gmt":"2025-06-17T18:39:17","guid":{"rendered":"https:\/\/nextsnkr.com\/product\/nike-hot-step-air-terra-drake-nocta-white\/"},"modified":"2026-01-30T19:20:52","modified_gmt":"2026-01-30T16:20:52","slug":"nike-hot-step-air-terra-drake-nocta-white","status":"publish","type":"product","link":"https:\/\/nextsnkr.com\/fi\/tuote\/nike-hot-step-air-terra-drake-nocta-white\/","title":{"rendered":"Nike Hot Step Air Terra Drake Nocta valkoiset nahkakeng\u00e4t"},"content":{"rendered":"<h2>Nike Hot Step Air Terra Drake Nocta valkoiset nahkakeng\u00e4t<\/h2>\n<p>Nike Hot Step Air Terra Drake Nocta valkoiset tennarit ovat tyylikk\u00e4\u00e4t ja mukavat keng\u00e4t p\u00e4ivitt\u00e4iseen k\u00e4ytt\u00f6\u00f6n ja aktiiviseen kaupunkiel\u00e4m\u00e4\u00e4n. Valmistettu korkealaatuisesta nahasta, ne tarjoavat kest\u00e4vyyden, turvallisen jalan kiinnityksen ja mukavan istuvuuden. Valkoinen v\u00e4ri lis\u00e4\u00e4 raikkautta ja monipuolisuutta kuvaan, sopii mihin tahansa tyyliin vaatteita. Nike-mallissa on ensiluokkainen laatu, moderni muotoilu ja k\u00e4yt\u00e4nn\u00f6llisyys, joten se on ihanteellinen valinta k\u00e4velyyn, urheiluun ja jokap\u00e4iv\u00e4iseen k\u00e4ytt\u00f6\u00f6n.<\/p>\n","protected":false},"excerpt":{"rendered":"<p>Nike Hot Step Air Terra Drake Nocta valkoiset tennarit ovat tyylikk\u00e4\u00e4t ja mukavat keng\u00e4t p\u00e4ivitt\u00e4iseen k\u00e4ytt\u00f6\u00f6n ja aktiiviseen kaupunkiel\u00e4m\u00e4\u00e4n. Valmistettu korkealaatuisesta nahasta, ne tarjoavat kest\u00e4vyyden, turvallisen jalan kiinnityksen ja mukavan istuvuuden. Valkoinen v\u00e4ri lis\u00e4\u00e4 raikkautta ja monipuolisuutta kuvaan, sopii mihin tahansa tyyliin vaatteita. Nike-mallissa on ensiluokkainen laatu, moderni muotoilu ja k\u00e4yt\u00e4nn\u00f6llisyys, joten se on ihanteellinen valinta k\u00e4velyyn, urheiluun ja jokap\u00e4iv\u00e4iseen k\u00e4ytt\u00f6\u00f6n.<\/p>\n","protected":false},"featured_media":681738,"comment_status":"open","ping_status":"open","template":"","meta":[],"product_brand":[],"product_cat":[3199,3200],"product_tag":[],"class_list":{"0":"post-681737","1":"product","2":"type-product","3":"status-publish","4":"has-post-thumbnail","6":"product_cat-all-product","7":"product_cat-krosivky","8":"pa_rozmir-910","9":"pa_rozmir-912","10":"pa_rozmir-914","11":"pa_rozmir-915","12":"pa_rozmir-916","13":"pa_rozmir-917","14":"pa_rozmir-918","15":"pa_rozmir-919","16":"pa_rozmir-920","17":"pa_rozmir-921","18":"pa_rozmir-922","20":"first","21":"instock","22":"purchasable","23":"product-type-variable"},"_links":{"self":[{"href":"https:\/\/nextsnkr.com\/fi\/wp-json\/wp\/v2\/product\/681737","targetHints":{"allow":["GET"]}}],"collection":[{"href":"https:\/\/nextsnkr.com\/fi\/wp-json\/wp\/v2\/product"}],"about":[{"href":"https:\/\/nextsnkr.com\/fi\/wp-json\/wp\/v2\/types\/product"}],"replies":[{"embeddable":true,"href":"https:\/\/nextsnkr.com\/fi\/wp-json\/wp\/v2\/comments?post=681737"}],"version-history":[{"count":0,"href":"https:\/\/nextsnkr.com\/fi\/wp-json\/wp\/v2\/product\/681737\/revisions"}],"wp:featuredmedia":[{"embeddable":true,"href":"https:\/\/nextsnkr.com\/fi\/wp-json\/wp\/v2\/media\/681738"}],"wp:attachment":[{"href":"https:\/\/nextsnkr.com\/fi\/wp-json\/wp\/v2\/media?parent=681737"}],"wp:term":[{"taxonomy":"product_brand","embeddable":true,"href":"https:\/\/nextsnkr.com\/fi\/wp-json\/wp\/v2\/product_brand?post=681737"},{"taxonomy":"product_cat","embeddable":true,"href":"https:\/\/nextsnkr.com\/fi\/wp-json\/wp\/v2\/product_cat?post=681737"},{"taxonomy":"product_tag","embeddable":true,"href":"https:\/\/nextsnkr.com\/fi\/wp-json\/wp\/v2\/product_tag?post=681737"}],"curies":[{"name":"wp","href":"https:\/\/api.w.org\/{rel}","templated":true}]}}