{"id":681385,"date":"2025-06-13T12:42:11","date_gmt":"2025-06-13T09:42:11","guid":{"rendered":"https:\/\/nextsnkr.com\/product\/louis-vuitton-lv-trainer-white-beige\/"},"modified":"2026-01-30T19:20:42","modified_gmt":"2026-01-30T16:20:42","slug":"louis-vuitton-lv-trainer-white-beige","status":"publish","type":"product","link":"https:\/\/nextsnkr.com\/fi\/tuote\/louis-vuitton-lv-trainer-white-beige\/","title":{"rendered":"Louis Vuitton LV Trainer valkoinen &#8211; beiget tennarit-tyylikk\u00e4\u00e4t nahkakeng\u00e4t"},"content":{"rendered":"<h2>Louis Vuitton LV Trainer valkoinen &#8211; beiget tennarit-tyylikk\u00e4\u00e4t nahkakeng\u00e4t<\/h2>\n<p>Louis Vuitton LV Trainer valkoiset \/ Beiget lenkkarit ovat nahasta ja hengitt\u00e4v\u00e4st\u00e4 verkosta valmistettu premium-malli, joka on suunniteltu maksimaaliseen mukavuuteen ja tyylikk\u00e4\u00e4seen p\u00e4ivitt\u00e4iseen k\u00e4ytt\u00f6\u00f6n. Kevyt siluetti, laadukkaat materiaalit ja tunnistettava Louis Vuitton-muotoilu tekev\u00e4t t\u00e4st\u00e4 parista ihanteellisen urbaaniin ilmeeseen. Pehme\u00e4 iskunvaimennus ja luotettava tuki takaavat mukavuuden my\u00f6s pitk\u00e4aikaisessa k\u00e4yt\u00f6ss\u00e4.<\/p>\n","protected":false},"excerpt":{"rendered":"<p>Louis Vuitton LV Trainer valkoiset \/ Beiget lenkkarit ovat nahasta ja hengitt\u00e4v\u00e4st\u00e4 verkosta valmistettu premium-malli, joka on suunniteltu maksimaaliseen mukavuuteen ja tyylikk\u00e4\u00e4seen p\u00e4ivitt\u00e4iseen k\u00e4ytt\u00f6\u00f6n. Kevyt siluetti, laadukkaat materiaalit ja tunnistettava Louis Vuitton-muotoilu tekev\u00e4t t\u00e4st\u00e4 parista ihanteellisen urbaaniin ilmeeseen. Pehme\u00e4 iskunvaimennus ja luotettava tuki takaavat mukavuuden my\u00f6s pitk\u00e4aikaisessa k\u00e4yt\u00f6ss\u00e4.<\/p>\n","protected":false},"featured_media":681386,"comment_status":"open","ping_status":"open","template":"","meta":[],"product_brand":[],"product_cat":[3199,3200],"product_tag":[],"class_list":{"0":"post-681385","1":"product","2":"type-product","3":"status-publish","4":"has-post-thumbnail","6":"product_cat-all-product","7":"product_cat-krosivky","8":"pa_rozmir-910","9":"pa_rozmir-912","10":"pa_rozmir-914","11":"pa_rozmir-915","12":"pa_rozmir-916","13":"pa_rozmir-917","14":"pa_rozmir-918","15":"pa_rozmir-919","16":"pa_rozmir-920","17":"pa_rozmir-921","18":"pa_rozmir-922","20":"first","21":"instock","22":"purchasable","23":"product-type-variable"},"_links":{"self":[{"href":"https:\/\/nextsnkr.com\/fi\/wp-json\/wp\/v2\/product\/681385","targetHints":{"allow":["GET"]}}],"collection":[{"href":"https:\/\/nextsnkr.com\/fi\/wp-json\/wp\/v2\/product"}],"about":[{"href":"https:\/\/nextsnkr.com\/fi\/wp-json\/wp\/v2\/types\/product"}],"replies":[{"embeddable":true,"href":"https:\/\/nextsnkr.com\/fi\/wp-json\/wp\/v2\/comments?post=681385"}],"version-history":[{"count":0,"href":"https:\/\/nextsnkr.com\/fi\/wp-json\/wp\/v2\/product\/681385\/revisions"}],"wp:featuredmedia":[{"embeddable":true,"href":"https:\/\/nextsnkr.com\/fi\/wp-json\/wp\/v2\/media\/681386"}],"wp:attachment":[{"href":"https:\/\/nextsnkr.com\/fi\/wp-json\/wp\/v2\/media?parent=681385"}],"wp:term":[{"taxonomy":"product_brand","embeddable":true,"href":"https:\/\/nextsnkr.com\/fi\/wp-json\/wp\/v2\/product_brand?post=681385"},{"taxonomy":"product_cat","embeddable":true,"href":"https:\/\/nextsnkr.com\/fi\/wp-json\/wp\/v2\/product_cat?post=681385"},{"taxonomy":"product_tag","embeddable":true,"href":"https:\/\/nextsnkr.com\/fi\/wp-json\/wp\/v2\/product_tag?post=681385"}],"curies":[{"name":"wp","href":"https:\/\/api.w.org\/{rel}","templated":true}]}}