{"id":680745,"date":"2025-06-13T12:43:59","date_gmt":"2025-06-13T09:43:59","guid":{"rendered":"https:\/\/nextsnkr.com\/product\/lv-time-out-white-v2-bez-lohotypa-speredy\/"},"modified":"2026-01-30T19:20:24","modified_gmt":"2026-01-30T16:20:24","slug":"lv-time-out-white-v2-bez-lohotypa-speredy","status":"publish","type":"product","link":"https:\/\/nextsnkr.com\/fi\/tuote\/lv-time-out-white-v2-bez-lohotypa-speredy\/","title":{"rendered":"LV Time Out valkoiset v2-tennarit-valkoiset nahkaiset naisten tennarit ilman logoa"},"content":{"rendered":"<h2>LV Time Out valkoiset v2-tennarit-valkoiset nahkaiset naisten tennarit ilman logoa<\/h2>\n<p>LV Time Out valkoiset V2-lenkkarit on valmistettu aidosta nahasta, ja niiss\u00e4 yhdistyv\u00e4t minimalistinen muotoilu ilman logoa edess\u00e4 korkealaatuiseen tehdastuotantoon Kiinassa. Kevyt pohja tarjoaa mukavuutta k\u00e4velless\u00e4, ja tyylik\u00e4s siluetti tekee mallista monipuolisen mihin tahansa ilmeeseen. Ihanteellinen valinta niille, jotka arvostavat lyhyytt\u00e4, ensiluokkaisia materiaaleja ja modernia muotoilua.<\/p>\n","protected":false},"excerpt":{"rendered":"<p>LV Time Out valkoiset V2-lenkkarit on valmistettu aidosta nahasta, ja niiss\u00e4 yhdistyv\u00e4t minimalistinen muotoilu ilman logoa edess\u00e4 korkealaatuiseen tehdastuotantoon Kiinassa. Kevyt pohja tarjoaa mukavuutta k\u00e4velless\u00e4, ja tyylik\u00e4s siluetti tekee mallista monipuolisen mihin tahansa ilmeeseen. Ihanteellinen valinta niille, jotka arvostavat lyhyytt\u00e4, ensiluokkaisia materiaaleja ja modernia muotoilua.<\/p>\n","protected":false},"featured_media":680747,"comment_status":"open","ping_status":"open","template":"","meta":[],"product_brand":[],"product_cat":[3199,3318],"product_tag":[],"class_list":{"0":"post-680745","1":"product","2":"type-product","3":"status-publish","4":"has-post-thumbnail","6":"product_cat-all-product","7":"product_cat-kedy","8":"pa_rozmir-910","9":"pa_rozmir-912","10":"pa_rozmir-914","11":"pa_rozmir-915","12":"pa_rozmir-916","13":"pa_rozmir-917","14":"pa_rozmir-918","15":"pa_rozmir-919","16":"pa_rozmir-920","17":"pa_rozmir-921","18":"pa_rozmir-922","20":"first","21":"onbackorder","22":"purchasable","23":"product-type-variable"},"_links":{"self":[{"href":"https:\/\/nextsnkr.com\/fi\/wp-json\/wp\/v2\/product\/680745","targetHints":{"allow":["GET"]}}],"collection":[{"href":"https:\/\/nextsnkr.com\/fi\/wp-json\/wp\/v2\/product"}],"about":[{"href":"https:\/\/nextsnkr.com\/fi\/wp-json\/wp\/v2\/types\/product"}],"replies":[{"embeddable":true,"href":"https:\/\/nextsnkr.com\/fi\/wp-json\/wp\/v2\/comments?post=680745"}],"version-history":[{"count":0,"href":"https:\/\/nextsnkr.com\/fi\/wp-json\/wp\/v2\/product\/680745\/revisions"}],"wp:featuredmedia":[{"embeddable":true,"href":"https:\/\/nextsnkr.com\/fi\/wp-json\/wp\/v2\/media\/680747"}],"wp:attachment":[{"href":"https:\/\/nextsnkr.com\/fi\/wp-json\/wp\/v2\/media?parent=680745"}],"wp:term":[{"taxonomy":"product_brand","embeddable":true,"href":"https:\/\/nextsnkr.com\/fi\/wp-json\/wp\/v2\/product_brand?post=680745"},{"taxonomy":"product_cat","embeddable":true,"href":"https:\/\/nextsnkr.com\/fi\/wp-json\/wp\/v2\/product_cat?post=680745"},{"taxonomy":"product_tag","embeddable":true,"href":"https:\/\/nextsnkr.com\/fi\/wp-json\/wp\/v2\/product_tag?post=680745"}],"curies":[{"name":"wp","href":"https:\/\/api.w.org\/{rel}","templated":true}]}}