{"id":679699,"date":"2025-06-13T12:45:20","date_gmt":"2025-06-13T09:45:20","guid":{"rendered":"https:\/\/nextsnkr.com\/product\/veneta-lug-boots-mekh\/"},"modified":"2026-01-30T19:19:54","modified_gmt":"2026-01-30T16:19:54","slug":"veneta-lug-boots-mekh","status":"publish","type":"product","link":"https:\/\/nextsnkr.com\/fi\/tuote\/veneta-lug-boots-mekh\/","title":{"rendered":"Veneta-saappaat Aitoa nahkaa ja l\u00e4mmint\u00e4 turkista"},"content":{"rendered":"<h2>Veneta-saappaat Aitoa nahkaa ja l\u00e4mmint\u00e4 turkista<\/h2>\n<p>Veneta Lug Boots Turkissaappaat ovat tyylikk\u00e4\u00e4t ja l\u00e4mpim\u00e4t keng\u00e4t, jotka on valmistettu korkealaatuisesta nahasta ja tekoturkiksesta. Massiivisen pintapohjan ansiosta malli tarjoaa luotettavan pidon ja mukavuuden kylm\u00e4n\u00e4 vuodenaikana. Italiassa valmistetuissa saappaissa on ensiluokkainen laatu, moderni muotoilu ja kest\u00e4vyys. T\u00e4ydellinen valinta niille, jotka etsiv\u00e4t tyylin, l\u00e4mm\u00f6n ja k\u00e4yt\u00e4nn\u00f6llisyyden yhdistelm\u00e4\u00e4.<\/p>\n","protected":false},"excerpt":{"rendered":"<p>Veneta Lug Boots Turkissaappaat ovat tyylikk\u00e4\u00e4t ja l\u00e4mpim\u00e4t keng\u00e4t, jotka on valmistettu korkealaatuisesta nahasta ja tekoturkiksesta. Massiivisen pintapohjan ansiosta malli tarjoaa luotettavan pidon ja mukavuuden kylm\u00e4n\u00e4 vuodenaikana. Italiassa valmistetuissa saappaissa on ensiluokkainen laatu, moderni muotoilu ja kest\u00e4vyys. T\u00e4ydellinen valinta niille, jotka etsiv\u00e4t tyylin, l\u00e4mm\u00f6n ja k\u00e4yt\u00e4nn\u00f6llisyyden yhdistelm\u00e4\u00e4.<\/p>\n","protected":false},"featured_media":679700,"comment_status":"open","ping_status":"open","template":"","meta":[],"product_brand":[],"product_cat":[3199,3331],"product_tag":[],"class_list":{"0":"post-679699","1":"product","2":"type-product","3":"status-publish","4":"has-post-thumbnail","6":"product_cat-all-product","7":"product_cat-cherevyky","8":"pa_rozmir-910","9":"pa_rozmir-912","10":"pa_rozmir-914","11":"pa_rozmir-915","12":"pa_rozmir-916","13":"pa_rozmir-917","14":"pa_rozmir-918","15":"pa_rozmir-919","16":"pa_rozmir-920","17":"pa_rozmir-921","18":"pa_rozmir-922","20":"first","21":"instock","22":"purchasable","23":"product-type-variable"},"_links":{"self":[{"href":"https:\/\/nextsnkr.com\/fi\/wp-json\/wp\/v2\/product\/679699","targetHints":{"allow":["GET"]}}],"collection":[{"href":"https:\/\/nextsnkr.com\/fi\/wp-json\/wp\/v2\/product"}],"about":[{"href":"https:\/\/nextsnkr.com\/fi\/wp-json\/wp\/v2\/types\/product"}],"replies":[{"embeddable":true,"href":"https:\/\/nextsnkr.com\/fi\/wp-json\/wp\/v2\/comments?post=679699"}],"version-history":[{"count":0,"href":"https:\/\/nextsnkr.com\/fi\/wp-json\/wp\/v2\/product\/679699\/revisions"}],"wp:featuredmedia":[{"embeddable":true,"href":"https:\/\/nextsnkr.com\/fi\/wp-json\/wp\/v2\/media\/679700"}],"wp:attachment":[{"href":"https:\/\/nextsnkr.com\/fi\/wp-json\/wp\/v2\/media?parent=679699"}],"wp:term":[{"taxonomy":"product_brand","embeddable":true,"href":"https:\/\/nextsnkr.com\/fi\/wp-json\/wp\/v2\/product_brand?post=679699"},{"taxonomy":"product_cat","embeddable":true,"href":"https:\/\/nextsnkr.com\/fi\/wp-json\/wp\/v2\/product_cat?post=679699"},{"taxonomy":"product_tag","embeddable":true,"href":"https:\/\/nextsnkr.com\/fi\/wp-json\/wp\/v2\/product_tag?post=679699"}],"curies":[{"name":"wp","href":"https:\/\/api.w.org\/{rel}","templated":true}]}}