{"id":679043,"date":"2025-06-18T21:00:13","date_gmt":"2025-06-18T18:00:13","guid":{"rendered":"https:\/\/nextsnkr.com\/product\/nike-sb-dunk-low-acid-green\/"},"modified":"2026-01-30T19:19:37","modified_gmt":"2026-01-30T16:19:37","slug":"nike-sb-dunk-low-acid-green","status":"publish","type":"product","link":"https:\/\/nextsnkr.com\/fi\/tuote\/nike-sb-dunk-low-acid-green\/","title":{"rendered":"Nike SB Dunk Low Acid Green Sneakers-tyylikk\u00e4\u00e4t nahkaiset urheilukeng\u00e4t"},"content":{"rendered":"<h2>Nike SB Dunk Low Acid Green Sneakers-tyylikk\u00e4\u00e4t nahkaiset urheilukeng\u00e4t<\/h2>\n<p>Yksinomainen Nike SB Dunk Low Acid Green lenkkarit on valmistettu korkealaatuisesta nahasta Vietnamissa, mik\u00e4 takaa kest\u00e4vyyden ja mukavuuden k\u00e4yt\u00f6n aikana. Kirkkaan vihre\u00e4 muotoilu lis\u00e4\u00e4 korostusta ilmeeseesi, ja matala siluetti takaa liikkumisvapauden ja tyylikk\u00e4\u00e4n ilmeen joka p\u00e4iv\u00e4. Ihanteellinen kaupunkik\u00e4velyihin, rullalautailuun ja jokap\u00e4iv\u00e4iseen k\u00e4ytt\u00f6\u00f6n. Lis\u00e4\u00e4 kirkkautta ja mukavuutta Nike SB Dunk Low.<\/p>\n","protected":false},"excerpt":{"rendered":"<p>Yksinomainen Nike SB Dunk Low Acid Green lenkkarit on valmistettu korkealaatuisesta nahasta Vietnamissa, mik\u00e4 takaa kest\u00e4vyyden ja mukavuuden k\u00e4yt\u00f6n aikana. Kirkkaan vihre\u00e4 muotoilu lis\u00e4\u00e4 korostusta ilmeeseesi, ja matala siluetti takaa liikkumisvapauden ja tyylikk\u00e4\u00e4n ilmeen joka p\u00e4iv\u00e4. Ihanteellinen kaupunkik\u00e4velyihin, rullalautailuun ja jokap\u00e4iv\u00e4iseen k\u00e4ytt\u00f6\u00f6n. Lis\u00e4\u00e4 kirkkautta ja mukavuutta Nike SB Dunk Low.<\/p>\n","protected":false},"featured_media":679046,"comment_status":"open","ping_status":"open","template":"","meta":[],"product_brand":[],"product_cat":[3199,3318],"product_tag":[],"class_list":{"0":"post-679043","1":"product","2":"type-product","3":"status-publish","4":"has-post-thumbnail","6":"product_cat-all-product","7":"product_cat-kedy","8":"pa_rozmir-910","9":"pa_rozmir-912","10":"pa_rozmir-914","11":"pa_rozmir-915","12":"pa_rozmir-916","13":"pa_rozmir-917","14":"pa_rozmir-918","15":"pa_rozmir-919","16":"pa_rozmir-920","17":"pa_rozmir-921","18":"pa_rozmir-922","20":"first","21":"instock","22":"purchasable","23":"product-type-variable"},"_links":{"self":[{"href":"https:\/\/nextsnkr.com\/fi\/wp-json\/wp\/v2\/product\/679043","targetHints":{"allow":["GET"]}}],"collection":[{"href":"https:\/\/nextsnkr.com\/fi\/wp-json\/wp\/v2\/product"}],"about":[{"href":"https:\/\/nextsnkr.com\/fi\/wp-json\/wp\/v2\/types\/product"}],"replies":[{"embeddable":true,"href":"https:\/\/nextsnkr.com\/fi\/wp-json\/wp\/v2\/comments?post=679043"}],"version-history":[{"count":0,"href":"https:\/\/nextsnkr.com\/fi\/wp-json\/wp\/v2\/product\/679043\/revisions"}],"wp:featuredmedia":[{"embeddable":true,"href":"https:\/\/nextsnkr.com\/fi\/wp-json\/wp\/v2\/media\/679046"}],"wp:attachment":[{"href":"https:\/\/nextsnkr.com\/fi\/wp-json\/wp\/v2\/media?parent=679043"}],"wp:term":[{"taxonomy":"product_brand","embeddable":true,"href":"https:\/\/nextsnkr.com\/fi\/wp-json\/wp\/v2\/product_brand?post=679043"},{"taxonomy":"product_cat","embeddable":true,"href":"https:\/\/nextsnkr.com\/fi\/wp-json\/wp\/v2\/product_cat?post=679043"},{"taxonomy":"product_tag","embeddable":true,"href":"https:\/\/nextsnkr.com\/fi\/wp-json\/wp\/v2\/product_tag?post=679043"}],"curies":[{"name":"wp","href":"https:\/\/api.w.org\/{rel}","templated":true}]}}