{"id":677148,"date":"2025-06-13T12:48:34","date_gmt":"2025-06-13T09:48:34","guid":{"rendered":"https:\/\/nextsnkr.com\/product\/ugg-neumel-no-logo-black\/"},"modified":"2026-01-30T19:18:32","modified_gmt":"2026-01-30T16:18:32","slug":"ugg-neumel-no-logo-black","status":"publish","type":"product","link":"https:\/\/nextsnkr.com\/fi\/tuote\/ugg-neumel-no-logo-black\/","title":{"rendered":"Ugg Neumel No Logo Musta-l\u00e4mpim\u00e4t miesten ekonahkasaappaat"},"content":{"rendered":"<h2>Ugg Neumel No Logo Musta-l\u00e4mpim\u00e4t miesten ekonahkasaappaat<\/h2>\n<p>Tyylikk\u00e4iss\u00e4 Ugg Neumel No Logo &#8211; mustissa saappaissa yhdistyv\u00e4t moderni, minimalistinen muotoilu ja Ugg-br\u00e4ndille tyypillinen mukavuus. P\u00e4\u00e4llinen on valmistettu ekologisen nahan ja Tekstiilien yhdistelm\u00e4st\u00e4, joka tarjoaa kest\u00e4vyytt\u00e4 ja miellytt\u00e4v\u00e4n tunteen k\u00e4yt\u00f6n aikana. Pehme\u00e4 sis\u00e4vuori tarjoaa l\u00e4mp\u00f6\u00e4, kun taas kevyt pohja tarjoaa pehmusteen ja varman askeleen kaupungissa. Ihanteellinen valinta p\u00e4ivitt\u00e4iseen k\u00e4ytt\u00f6\u00f6n kylm\u00e4n\u00e4 vuodenaikana.<\/p>\n","protected":false},"excerpt":{"rendered":"<p>Tyylikk\u00e4iss\u00e4 Ugg Neumel No Logo &#8211; mustissa saappaissa yhdistyv\u00e4t moderni, minimalistinen muotoilu ja Ugg-br\u00e4ndille tyypillinen mukavuus. P\u00e4\u00e4llinen on valmistettu ekologisen nahan ja Tekstiilien yhdistelm\u00e4st\u00e4, joka tarjoaa kest\u00e4vyytt\u00e4 ja miellytt\u00e4v\u00e4n tunteen k\u00e4yt\u00f6n aikana. Pehme\u00e4 sis\u00e4vuori tarjoaa l\u00e4mp\u00f6\u00e4, kun taas kevyt pohja tarjoaa pehmusteen ja varman askeleen kaupungissa. Ihanteellinen valinta p\u00e4ivitt\u00e4iseen k\u00e4ytt\u00f6\u00f6n kylm\u00e4n\u00e4 vuodenaikana.<\/p>\n","protected":false},"featured_media":677149,"comment_status":"open","ping_status":"open","template":"","meta":[],"product_brand":[],"product_cat":[3407,3199],"product_tag":[],"class_list":{"0":"post-677148","1":"product","2":"type-product","3":"status-publish","4":"has-post-thumbnail","6":"product_cat-ugg","7":"product_cat-all-product","8":"pa_rozmir-910","9":"pa_rozmir-912","10":"pa_rozmir-914","11":"pa_rozmir-915","12":"pa_rozmir-916","13":"pa_rozmir-917","14":"pa_rozmir-918","15":"pa_rozmir-919","16":"pa_rozmir-920","17":"pa_rozmir-921","18":"pa_rozmir-922","20":"first","21":"onbackorder","22":"purchasable","23":"product-type-variable"},"_links":{"self":[{"href":"https:\/\/nextsnkr.com\/fi\/wp-json\/wp\/v2\/product\/677148","targetHints":{"allow":["GET"]}}],"collection":[{"href":"https:\/\/nextsnkr.com\/fi\/wp-json\/wp\/v2\/product"}],"about":[{"href":"https:\/\/nextsnkr.com\/fi\/wp-json\/wp\/v2\/types\/product"}],"replies":[{"embeddable":true,"href":"https:\/\/nextsnkr.com\/fi\/wp-json\/wp\/v2\/comments?post=677148"}],"version-history":[{"count":0,"href":"https:\/\/nextsnkr.com\/fi\/wp-json\/wp\/v2\/product\/677148\/revisions"}],"wp:featuredmedia":[{"embeddable":true,"href":"https:\/\/nextsnkr.com\/fi\/wp-json\/wp\/v2\/media\/677149"}],"wp:attachment":[{"href":"https:\/\/nextsnkr.com\/fi\/wp-json\/wp\/v2\/media?parent=677148"}],"wp:term":[{"taxonomy":"product_brand","embeddable":true,"href":"https:\/\/nextsnkr.com\/fi\/wp-json\/wp\/v2\/product_brand?post=677148"},{"taxonomy":"product_cat","embeddable":true,"href":"https:\/\/nextsnkr.com\/fi\/wp-json\/wp\/v2\/product_cat?post=677148"},{"taxonomy":"product_tag","embeddable":true,"href":"https:\/\/nextsnkr.com\/fi\/wp-json\/wp\/v2\/product_tag?post=677148"}],"curies":[{"name":"wp","href":"https:\/\/api.w.org\/{rel}","templated":true}]}}