{"id":676808,"date":"2025-06-13T12:49:09","date_gmt":"2025-06-13T09:49:09","guid":{"rendered":"https:\/\/nextsnkr.com\/product\/slide-earth-bone-no-logo\/"},"modified":"2026-01-30T19:18:23","modified_gmt":"2026-01-30T16:18:23","slug":"slide-earth-bone-no-logo","status":"publish","type":"product","link":"https:\/\/nextsnkr.com\/fi\/tuote\/slide-earth-bone-no-logo\/","title":{"rendered":"Slide Earth Bone EVA-Tossut-kevyet miesten laatat ilman logoa"},"content":{"rendered":"<h2>Slide Earth Bone EVA-Tossut-kevyet miesten laatat ilman logoa<\/h2>\n<p>Slide Earth Bone No Logo ovat mukavat ja ultrakevyet tossut, jotka on valmistettu kest\u00e4v\u00e4st\u00e4 EVA-materiaalista, joka tarjoaa pehmusteen, joustavuuden ja mukavuuden k\u00e4velless\u00e4. Lakoninen muotoilu ilman logoja tekee mallista monipuolisen kotiin, rannalle, uima-altaalle tai ulkoiluun. Vietnamissa valmistetuille laatoille on ominaista kulutuskest\u00e4vyys ja miellytt\u00e4v\u00e4 istuvuus jalassa. Ihanteellinen valinta niille, jotka arvostavat mukavuutta, yksinkertaisuutta ja k\u00e4yt\u00e4nn\u00f6llisyytt\u00e4 p\u00e4ivitt\u00e4isess\u00e4 k\u00e4yt\u00f6ss\u00e4.<\/p>\n","protected":false},"excerpt":{"rendered":"<p>Slide Earth Bone No Logo ovat mukavat ja ultrakevyet tossut, jotka on valmistettu kest\u00e4v\u00e4st\u00e4 EVA-materiaalista, joka tarjoaa pehmusteen, joustavuuden ja mukavuuden k\u00e4velless\u00e4. Lakoninen muotoilu ilman logoja tekee mallista monipuolisen kotiin, rannalle, uima-altaalle tai ulkoiluun. Vietnamissa valmistetuille laatoille on ominaista kulutuskest\u00e4vyys ja miellytt\u00e4v\u00e4 istuvuus jalassa. Ihanteellinen valinta niille, jotka arvostavat mukavuutta, yksinkertaisuutta ja k\u00e4yt\u00e4nn\u00f6llisyytt\u00e4 p\u00e4ivitt\u00e4isess\u00e4 k\u00e4yt\u00f6ss\u00e4.<\/p>\n","protected":false},"featured_media":676809,"comment_status":"open","ping_status":"open","template":"","meta":[],"product_brand":[],"product_cat":[3199,3420],"product_tag":[],"class_list":{"0":"post-676808","1":"product","2":"type-product","3":"status-publish","4":"has-post-thumbnail","6":"product_cat-all-product","7":"product_cat-shlopantsi","8":"pa_rozmir-910","9":"pa_rozmir-912","10":"pa_rozmir-914","11":"pa_rozmir-915","12":"pa_rozmir-916","13":"pa_rozmir-917","14":"pa_rozmir-918","15":"pa_rozmir-919","16":"pa_rozmir-920","17":"pa_rozmir-921","18":"pa_rozmir-922","20":"first","21":"instock","22":"purchasable","23":"product-type-variable"},"_links":{"self":[{"href":"https:\/\/nextsnkr.com\/fi\/wp-json\/wp\/v2\/product\/676808","targetHints":{"allow":["GET"]}}],"collection":[{"href":"https:\/\/nextsnkr.com\/fi\/wp-json\/wp\/v2\/product"}],"about":[{"href":"https:\/\/nextsnkr.com\/fi\/wp-json\/wp\/v2\/types\/product"}],"replies":[{"embeddable":true,"href":"https:\/\/nextsnkr.com\/fi\/wp-json\/wp\/v2\/comments?post=676808"}],"version-history":[{"count":0,"href":"https:\/\/nextsnkr.com\/fi\/wp-json\/wp\/v2\/product\/676808\/revisions"}],"wp:featuredmedia":[{"embeddable":true,"href":"https:\/\/nextsnkr.com\/fi\/wp-json\/wp\/v2\/media\/676809"}],"wp:attachment":[{"href":"https:\/\/nextsnkr.com\/fi\/wp-json\/wp\/v2\/media?parent=676808"}],"wp:term":[{"taxonomy":"product_brand","embeddable":true,"href":"https:\/\/nextsnkr.com\/fi\/wp-json\/wp\/v2\/product_brand?post=676808"},{"taxonomy":"product_cat","embeddable":true,"href":"https:\/\/nextsnkr.com\/fi\/wp-json\/wp\/v2\/product_cat?post=676808"},{"taxonomy":"product_tag","embeddable":true,"href":"https:\/\/nextsnkr.com\/fi\/wp-json\/wp\/v2\/product_tag?post=676808"}],"curies":[{"name":"wp","href":"https:\/\/api.w.org\/{rel}","templated":true}]}}