{"id":672952,"date":"2025-06-13T12:54:05","date_gmt":"2025-06-13T09:54:05","guid":{"rendered":"https:\/\/nextsnkr.com\/product\/wapor-blue-no-brand\/"},"modified":"2026-01-30T19:16:30","modified_gmt":"2026-01-30T16:16:30","slug":"wapor-blue-no-brand","status":"publish","type":"product","link":"https:\/\/nextsnkr.com\/fi\/tuote\/wapor-blue-no-brand\/","title":{"rendered":"Wapor Blue No Brand sneakers-kevyet tekstiililenkkarit, jotka on valmistettu ekonahasta"},"content":{"rendered":"<h2>Wapor Blue No Brand sneakers-kevyet tekstiililenkkarit, jotka on valmistettu ekonahasta<\/h2>\n<p>Vapor Blue No Brand-lenkkareissa yhdistyv\u00e4t tyylik\u00e4s sininen muotoilu, kevyet tekstiilit ja ekonahkaiset insertit mukavuuden ja kest\u00e4vyyden takaamiseksi. Vietnamin tehdastuotannon ansiosta malli erottuu laadustaan ja luotettavuudestaan. Mukava pohja takaa mukavuuden p\u00e4ivitt\u00e4isess\u00e4 k\u00e4yt\u00f6ss\u00e4, ja monipuolinen tyyli tekee n\u00e4ist\u00e4 tennareista erinomaisen valinnan aktiiviseen el\u00e4m\u00e4ntapaan.<\/p>\n","protected":false},"excerpt":{"rendered":"<p>Vapor Blue No Brand-lenkkareissa yhdistyv\u00e4t tyylik\u00e4s sininen muotoilu, kevyet tekstiilit ja ekonahkaiset insertit mukavuuden ja kest\u00e4vyyden takaamiseksi. Vietnamin tehdastuotannon ansiosta malli erottuu laadustaan ja luotettavuudestaan. Mukava pohja takaa mukavuuden p\u00e4ivitt\u00e4isess\u00e4 k\u00e4yt\u00f6ss\u00e4, ja monipuolinen tyyli tekee n\u00e4ist\u00e4 tennareista erinomaisen valinnan aktiiviseen el\u00e4m\u00e4ntapaan.<\/p>\n","protected":false},"featured_media":672954,"comment_status":"open","ping_status":"open","template":"","meta":[],"product_brand":[],"product_cat":[3199,3200],"product_tag":[],"class_list":{"0":"post-672952","1":"product","2":"type-product","3":"status-publish","4":"has-post-thumbnail","6":"product_cat-all-product","7":"product_cat-krosivky","8":"pa_rozmir-910","9":"pa_rozmir-912","10":"pa_rozmir-914","11":"pa_rozmir-915","12":"pa_rozmir-916","13":"pa_rozmir-917","14":"pa_rozmir-918","15":"pa_rozmir-919","16":"pa_rozmir-920","17":"pa_rozmir-921","18":"pa_rozmir-922","20":"first","21":"instock","22":"purchasable","23":"product-type-variable"},"_links":{"self":[{"href":"https:\/\/nextsnkr.com\/fi\/wp-json\/wp\/v2\/product\/672952","targetHints":{"allow":["GET"]}}],"collection":[{"href":"https:\/\/nextsnkr.com\/fi\/wp-json\/wp\/v2\/product"}],"about":[{"href":"https:\/\/nextsnkr.com\/fi\/wp-json\/wp\/v2\/types\/product"}],"replies":[{"embeddable":true,"href":"https:\/\/nextsnkr.com\/fi\/wp-json\/wp\/v2\/comments?post=672952"}],"version-history":[{"count":0,"href":"https:\/\/nextsnkr.com\/fi\/wp-json\/wp\/v2\/product\/672952\/revisions"}],"wp:featuredmedia":[{"embeddable":true,"href":"https:\/\/nextsnkr.com\/fi\/wp-json\/wp\/v2\/media\/672954"}],"wp:attachment":[{"href":"https:\/\/nextsnkr.com\/fi\/wp-json\/wp\/v2\/media?parent=672952"}],"wp:term":[{"taxonomy":"product_brand","embeddable":true,"href":"https:\/\/nextsnkr.com\/fi\/wp-json\/wp\/v2\/product_brand?post=672952"},{"taxonomy":"product_cat","embeddable":true,"href":"https:\/\/nextsnkr.com\/fi\/wp-json\/wp\/v2\/product_cat?post=672952"},{"taxonomy":"product_tag","embeddable":true,"href":"https:\/\/nextsnkr.com\/fi\/wp-json\/wp\/v2\/product_tag?post=672952"}],"curies":[{"name":"wp","href":"https:\/\/api.w.org\/{rel}","templated":true}]}}