{"id":672602,"date":"2025-06-13T12:54:31","date_gmt":"2025-06-13T09:54:31","guid":{"rendered":"https:\/\/nextsnkr.com\/product\/wapor-white-no-brand\/"},"modified":"2026-01-30T19:16:21","modified_gmt":"2026-01-30T16:16:21","slug":"wapor-white-no-brand","status":"publish","type":"product","link":"https:\/\/nextsnkr.com\/fi\/tuote\/wapor-white-no-brand\/","title":{"rendered":"Vapore valkoiset tennarit tekstiilist\u00e4 ja ekonahasta"},"content":{"rendered":"<h2>Vapore valkoiset tennarit tekstiilist\u00e4 ja ekonahasta<\/h2>\n<p>Vapore Valkoinen kevyt ja mukava lenkkarit on valmistettu yhdistelm\u00e4 hengitt\u00e4v\u00e4 tekstiili ja kest\u00e4v\u00e4 eco-nahka, joka tarjoaa mukavuutta ja kest\u00e4vyytt\u00e4. Valmistettu Vietnamissa, niiss\u00e4 on monipuolinen valkoinen muotoilu, joka sopii helposti mihin tahansa pukeutumistyyliin. Sopii p\u00e4ivitt\u00e4in kulumista, k\u00e4vely ja ulkoilu. T\u00e4ydellinen valinta niille, jotka etsiv\u00e4t k\u00e4yt\u00e4nn\u00f6llisi\u00e4 ja tyylikk\u00e4it\u00e4 kenki\u00e4 joka p\u00e4iv\u00e4.<\/p>\n","protected":false},"excerpt":{"rendered":"<p>Vapore Valkoinen kevyt ja mukava lenkkarit on valmistettu yhdistelm\u00e4 hengitt\u00e4v\u00e4 tekstiili ja kest\u00e4v\u00e4 eco-nahka, joka tarjoaa mukavuutta ja kest\u00e4vyytt\u00e4. Valmistettu Vietnamissa, niiss\u00e4 on monipuolinen valkoinen muotoilu, joka sopii helposti mihin tahansa pukeutumistyyliin. Sopii p\u00e4ivitt\u00e4in kulumista, k\u00e4vely ja ulkoilu. T\u00e4ydellinen valinta niille, jotka etsiv\u00e4t k\u00e4yt\u00e4nn\u00f6llisi\u00e4 ja tyylikk\u00e4it\u00e4 kenki\u00e4 joka p\u00e4iv\u00e4.<\/p>\n","protected":false},"featured_media":672607,"comment_status":"open","ping_status":"open","template":"","meta":[],"product_brand":[],"product_cat":[3199,3200],"product_tag":[],"class_list":{"0":"post-672602","1":"product","2":"type-product","3":"status-publish","4":"has-post-thumbnail","6":"product_cat-all-product","7":"product_cat-krosivky","8":"pa_rozmir-910","9":"pa_rozmir-912","10":"pa_rozmir-914","11":"pa_rozmir-915","12":"pa_rozmir-916","13":"pa_rozmir-917","14":"pa_rozmir-918","15":"pa_rozmir-919","16":"pa_rozmir-920","17":"pa_rozmir-921","18":"pa_rozmir-922","20":"first","21":"instock","22":"purchasable","23":"product-type-variable"},"_links":{"self":[{"href":"https:\/\/nextsnkr.com\/fi\/wp-json\/wp\/v2\/product\/672602","targetHints":{"allow":["GET"]}}],"collection":[{"href":"https:\/\/nextsnkr.com\/fi\/wp-json\/wp\/v2\/product"}],"about":[{"href":"https:\/\/nextsnkr.com\/fi\/wp-json\/wp\/v2\/types\/product"}],"replies":[{"embeddable":true,"href":"https:\/\/nextsnkr.com\/fi\/wp-json\/wp\/v2\/comments?post=672602"}],"version-history":[{"count":0,"href":"https:\/\/nextsnkr.com\/fi\/wp-json\/wp\/v2\/product\/672602\/revisions"}],"wp:featuredmedia":[{"embeddable":true,"href":"https:\/\/nextsnkr.com\/fi\/wp-json\/wp\/v2\/media\/672607"}],"wp:attachment":[{"href":"https:\/\/nextsnkr.com\/fi\/wp-json\/wp\/v2\/media?parent=672602"}],"wp:term":[{"taxonomy":"product_brand","embeddable":true,"href":"https:\/\/nextsnkr.com\/fi\/wp-json\/wp\/v2\/product_brand?post=672602"},{"taxonomy":"product_cat","embeddable":true,"href":"https:\/\/nextsnkr.com\/fi\/wp-json\/wp\/v2\/product_cat?post=672602"},{"taxonomy":"product_tag","embeddable":true,"href":"https:\/\/nextsnkr.com\/fi\/wp-json\/wp\/v2\/product_tag?post=672602"}],"curies":[{"name":"wp","href":"https:\/\/api.w.org\/{rel}","templated":true}]}}