{"id":671195,"date":"2025-06-13T12:56:12","date_gmt":"2025-06-13T09:56:12","guid":{"rendered":"https:\/\/nextsnkr.com\/product\/run-hike-no-brand\/"},"modified":"2026-01-30T19:15:27","modified_gmt":"2026-01-30T16:15:27","slug":"run-hike-no-brand","status":"publish","type":"product","link":"https:\/\/nextsnkr.com\/fi\/tuote\/run-hike-no-brand\/","title":{"rendered":"Run Hike sneakers-tekstiililenkkarit ekonahalla p\u00e4ivitt\u00e4iseen k\u00e4ytt\u00f6\u00f6n"},"content":{"rendered":"<h2>Run Hike sneakers-tekstiililenkkarit ekonahalla p\u00e4ivitt\u00e4iseen k\u00e4ytt\u00f6\u00f6n<\/h2>\n<p>Run Hike No Brandin lenkkarit ovat kevyt ja monipuolinen malli urbaaniin tyyliin ja aktiiviseen el\u00e4m\u00e4ntapaan. Ne on valmistettu tekstiilien ja ekonahan yhdistelm\u00e4st\u00e4, ja ne tarjoavat mukavuutta, ilmanvaihtoa ja kest\u00e4vyytt\u00e4. Pehme\u00e4 pohja tekee kengist\u00e4 mukavat pitkill\u00e4 k\u00e4velyill\u00e4, ja harkittu muotoilu takaa turvallisen pidon jalasta. Vietnamissa valmistetut lenkkarit ovat k\u00e4yt\u00e4nn\u00f6llinen ja tyylik\u00e4s lis\u00e4 vaatekaappiisi. Valitse Juoksuretki-jokaisen p\u00e4iv\u00e4n mukavuus ja helppous.<\/p>\n","protected":false},"excerpt":{"rendered":"<p>Run Hike No Brandin lenkkarit ovat kevyt ja monipuolinen malli urbaaniin tyyliin ja aktiiviseen el\u00e4m\u00e4ntapaan. Ne on valmistettu tekstiilien ja ekonahan yhdistelm\u00e4st\u00e4, ja ne tarjoavat mukavuutta, ilmanvaihtoa ja kest\u00e4vyytt\u00e4. Pehme\u00e4 pohja tekee kengist\u00e4 mukavat pitkill\u00e4 k\u00e4velyill\u00e4, ja harkittu muotoilu takaa turvallisen pidon jalasta. Vietnamissa valmistetut lenkkarit ovat k\u00e4yt\u00e4nn\u00f6llinen ja tyylik\u00e4s lis\u00e4 vaatekaappiisi. Valitse Juoksuretki-jokaisen p\u00e4iv\u00e4n mukavuus ja helppous.<\/p>\n","protected":false},"featured_media":671199,"comment_status":"open","ping_status":"open","template":"","meta":[],"product_brand":[],"product_cat":[3199,3318],"product_tag":[],"class_list":{"0":"post-671195","1":"product","2":"type-product","3":"status-publish","4":"has-post-thumbnail","6":"product_cat-all-product","7":"product_cat-kedy","8":"pa_rozmir-910","9":"pa_rozmir-912","10":"pa_rozmir-914","11":"pa_rozmir-915","12":"pa_rozmir-916","13":"pa_rozmir-917","14":"pa_rozmir-918","15":"pa_rozmir-919","16":"pa_rozmir-920","17":"pa_rozmir-921","18":"pa_rozmir-922","20":"first","21":"instock","22":"purchasable","23":"product-type-variable"},"_links":{"self":[{"href":"https:\/\/nextsnkr.com\/fi\/wp-json\/wp\/v2\/product\/671195","targetHints":{"allow":["GET"]}}],"collection":[{"href":"https:\/\/nextsnkr.com\/fi\/wp-json\/wp\/v2\/product"}],"about":[{"href":"https:\/\/nextsnkr.com\/fi\/wp-json\/wp\/v2\/types\/product"}],"replies":[{"embeddable":true,"href":"https:\/\/nextsnkr.com\/fi\/wp-json\/wp\/v2\/comments?post=671195"}],"version-history":[{"count":0,"href":"https:\/\/nextsnkr.com\/fi\/wp-json\/wp\/v2\/product\/671195\/revisions"}],"wp:featuredmedia":[{"embeddable":true,"href":"https:\/\/nextsnkr.com\/fi\/wp-json\/wp\/v2\/media\/671199"}],"wp:attachment":[{"href":"https:\/\/nextsnkr.com\/fi\/wp-json\/wp\/v2\/media?parent=671195"}],"wp:term":[{"taxonomy":"product_brand","embeddable":true,"href":"https:\/\/nextsnkr.com\/fi\/wp-json\/wp\/v2\/product_brand?post=671195"},{"taxonomy":"product_cat","embeddable":true,"href":"https:\/\/nextsnkr.com\/fi\/wp-json\/wp\/v2\/product_cat?post=671195"},{"taxonomy":"product_tag","embeddable":true,"href":"https:\/\/nextsnkr.com\/fi\/wp-json\/wp\/v2\/product_tag?post=671195"}],"curies":[{"name":"wp","href":"https:\/\/api.w.org\/{rel}","templated":true}]}}