{"id":668952,"date":"2025-06-18T21:27:50","date_gmt":"2025-06-18T18:27:50","guid":{"rendered":"https:\/\/nextsnkr.com\/product\/nike-sb-dunk-x-off-white-pine-green-orange-laces-premium\/"},"modified":"2026-01-30T19:14:27","modified_gmt":"2026-01-30T16:14:27","slug":"nike-sb-dunk-x-off-white-pine-green-orange-laces-premium","status":"publish","type":"product","link":"https:\/\/nextsnkr.com\/fi\/tuote\/nike-sb-dunk-x-off-white-pine-green-orange-laces-premium\/","title":{"rendered":"\u041a\u0435\u0434\u0438 NIKE SB Dunk x luonnonvalkoinen m\u00e4nty vihre\u00e4 \/ Oranssi nauhat Premium"},"content":{"rendered":"<h2>\u041a\u0435\u0434\u0438 NIKE SB Dunk x luonnonvalkoinen m\u00e4nty vihre\u00e4 \/ Oranssi nauhat Premium<\/h2>\n<p>Tyylik\u00e4s NIKE SB Dunk x Off-White Pine Green \/ Orange nauhat lenkkarit on valmistettu korkealaatuisesta nahasta, jossa yhdistyv\u00e4t ensiluokkainen muotoilu ja mukavuus p\u00e4ivitt\u00e4iseen k\u00e4ytt\u00f6\u00f6n. Kirkkaan vihre\u00e4t ja oranssit aksentit korostavat ainutlaatuista tyyli\u00e4 ja persoonallisuutta. N\u00e4m\u00e4 NIKE SB Dunk lenkkarit ovat ihanteellisia k\u00e4velyyn, ulkoiluun ja muodikkaan ilmeen luomiseen.<\/p>\n","protected":false},"excerpt":{"rendered":"<p>Tyylik\u00e4s NIKE SB Dunk x Off-White Pine Green \/ Orange nauhat lenkkarit on valmistettu korkealaatuisesta nahasta, jossa yhdistyv\u00e4t ensiluokkainen muotoilu ja mukavuus p\u00e4ivitt\u00e4iseen k\u00e4ytt\u00f6\u00f6n. Kirkkaan vihre\u00e4t ja oranssit aksentit korostavat ainutlaatuista tyyli\u00e4 ja persoonallisuutta. N\u00e4m\u00e4 NIKE SB Dunk lenkkarit ovat ihanteellisia k\u00e4velyyn, ulkoiluun ja muodikkaan ilmeen luomiseen.<\/p>\n","protected":false},"featured_media":668954,"comment_status":"open","ping_status":"open","template":"","meta":[],"product_brand":[],"product_cat":[3199,3318],"product_tag":[],"class_list":{"0":"post-668952","1":"product","2":"type-product","3":"status-publish","4":"has-post-thumbnail","6":"product_cat-all-product","7":"product_cat-kedy","8":"pa_rozmir-910","9":"pa_rozmir-912","10":"pa_rozmir-914","11":"pa_rozmir-915","12":"pa_rozmir-916","13":"pa_rozmir-917","14":"pa_rozmir-918","15":"pa_rozmir-919","16":"pa_rozmir-920","17":"pa_rozmir-921","18":"pa_rozmir-922","20":"first","21":"instock","22":"purchasable","23":"product-type-variable"},"_links":{"self":[{"href":"https:\/\/nextsnkr.com\/fi\/wp-json\/wp\/v2\/product\/668952","targetHints":{"allow":["GET"]}}],"collection":[{"href":"https:\/\/nextsnkr.com\/fi\/wp-json\/wp\/v2\/product"}],"about":[{"href":"https:\/\/nextsnkr.com\/fi\/wp-json\/wp\/v2\/types\/product"}],"replies":[{"embeddable":true,"href":"https:\/\/nextsnkr.com\/fi\/wp-json\/wp\/v2\/comments?post=668952"}],"version-history":[{"count":0,"href":"https:\/\/nextsnkr.com\/fi\/wp-json\/wp\/v2\/product\/668952\/revisions"}],"wp:featuredmedia":[{"embeddable":true,"href":"https:\/\/nextsnkr.com\/fi\/wp-json\/wp\/v2\/media\/668954"}],"wp:attachment":[{"href":"https:\/\/nextsnkr.com\/fi\/wp-json\/wp\/v2\/media?parent=668952"}],"wp:term":[{"taxonomy":"product_brand","embeddable":true,"href":"https:\/\/nextsnkr.com\/fi\/wp-json\/wp\/v2\/product_brand?post=668952"},{"taxonomy":"product_cat","embeddable":true,"href":"https:\/\/nextsnkr.com\/fi\/wp-json\/wp\/v2\/product_cat?post=668952"},{"taxonomy":"product_tag","embeddable":true,"href":"https:\/\/nextsnkr.com\/fi\/wp-json\/wp\/v2\/product_tag?post=668952"}],"curies":[{"name":"wp","href":"https:\/\/api.w.org\/{rel}","templated":true}]}}