{"id":668810,"date":"2025-06-13T12:59:03","date_gmt":"2025-06-13T09:59:03","guid":{"rendered":"https:\/\/nextsnkr.com\/product\/ugg-black-ultra-mini-no-logo-black\/"},"modified":"2026-01-30T19:14:23","modified_gmt":"2026-01-30T16:14:23","slug":"ugg-black-ultra-mini-no-logo-black","status":"publish","type":"product","link":"https:\/\/nextsnkr.com\/fi\/tuote\/ugg-black-ultra-mini-no-logo-black\/","title":{"rendered":"Ugg Ultra Mini musta No Logo-Naisten eristetty ugg saappaat Tekstiili \/ eko-nahka"},"content":{"rendered":"<h2>Ugg Ultra Mini musta No Logo-Naisten eristetty ugg saappaat Tekstiili \/ eko-nahka<\/h2>\n<p>Ugg Ultra Mini Black No Logo on tyylik\u00e4s musta ugg saappaat minimalistinen muotoilu ilman logoja. Malli on valmistettu Tekstiilin ja ekonahan yhdistelm\u00e4st\u00e4, joka tarjoaa keveytt\u00e4, mukavuutta ja miellytt\u00e4v\u00e4n istuvuuden. Ultra Mini low-muoto lis\u00e4\u00e4 monipuolisuutta ja mukavuutta kenkiin p\u00e4ivitt\u00e4iseen k\u00e4ytt\u00f6\u00f6n. Vietnamissa valmistetut Ugg-saappaat erottuvat k\u00e4yt\u00e4nn\u00f6llisyydest\u00e4\u00e4n, kest\u00e4vyydest\u00e4\u00e4n ja modernista ulkon\u00e4\u00f6st\u00e4\u00e4n. Ihanteellinen valinta kaupunkiin ja kylm\u00e4\u00e4n vuodenaikaan.<\/p>\n","protected":false},"excerpt":{"rendered":"<p>Ugg Ultra Mini Black No Logo on tyylik\u00e4s musta ugg saappaat minimalistinen muotoilu ilman logoja. Malli on valmistettu Tekstiilin ja ekonahan yhdistelm\u00e4st\u00e4, joka tarjoaa keveytt\u00e4, mukavuutta ja miellytt\u00e4v\u00e4n istuvuuden. Ultra Mini low-muoto lis\u00e4\u00e4 monipuolisuutta ja mukavuutta kenkiin p\u00e4ivitt\u00e4iseen k\u00e4ytt\u00f6\u00f6n. Vietnamissa valmistetut Ugg-saappaat erottuvat k\u00e4yt\u00e4nn\u00f6llisyydest\u00e4\u00e4n, kest\u00e4vyydest\u00e4\u00e4n ja modernista ulkon\u00e4\u00f6st\u00e4\u00e4n. Ihanteellinen valinta kaupunkiin ja kylm\u00e4\u00e4n vuodenaikaan.<\/p>\n","protected":false},"featured_media":668811,"comment_status":"open","ping_status":"open","template":"","meta":[],"product_brand":[],"product_cat":[3407,3199],"product_tag":[],"class_list":{"0":"post-668810","1":"product","2":"type-product","3":"status-publish","4":"has-post-thumbnail","6":"product_cat-ugg","7":"product_cat-all-product","8":"pa_rozmir-910","9":"pa_rozmir-912","10":"pa_rozmir-914","11":"pa_rozmir-915","12":"pa_rozmir-916","13":"pa_rozmir-917","14":"pa_rozmir-918","15":"pa_rozmir-919","16":"pa_rozmir-920","17":"pa_rozmir-921","18":"pa_rozmir-922","20":"first","21":"onbackorder","22":"purchasable","23":"product-type-variable"},"_links":{"self":[{"href":"https:\/\/nextsnkr.com\/fi\/wp-json\/wp\/v2\/product\/668810","targetHints":{"allow":["GET"]}}],"collection":[{"href":"https:\/\/nextsnkr.com\/fi\/wp-json\/wp\/v2\/product"}],"about":[{"href":"https:\/\/nextsnkr.com\/fi\/wp-json\/wp\/v2\/types\/product"}],"replies":[{"embeddable":true,"href":"https:\/\/nextsnkr.com\/fi\/wp-json\/wp\/v2\/comments?post=668810"}],"version-history":[{"count":0,"href":"https:\/\/nextsnkr.com\/fi\/wp-json\/wp\/v2\/product\/668810\/revisions"}],"wp:featuredmedia":[{"embeddable":true,"href":"https:\/\/nextsnkr.com\/fi\/wp-json\/wp\/v2\/media\/668811"}],"wp:attachment":[{"href":"https:\/\/nextsnkr.com\/fi\/wp-json\/wp\/v2\/media?parent=668810"}],"wp:term":[{"taxonomy":"product_brand","embeddable":true,"href":"https:\/\/nextsnkr.com\/fi\/wp-json\/wp\/v2\/product_brand?post=668810"},{"taxonomy":"product_cat","embeddable":true,"href":"https:\/\/nextsnkr.com\/fi\/wp-json\/wp\/v2\/product_cat?post=668810"},{"taxonomy":"product_tag","embeddable":true,"href":"https:\/\/nextsnkr.com\/fi\/wp-json\/wp\/v2\/product_tag?post=668810"}],"curies":[{"name":"wp","href":"https:\/\/api.w.org\/{rel}","templated":true}]}}