{"id":668130,"date":"2025-06-13T13:00:01","date_gmt":"2025-06-13T10:00:01","guid":{"rendered":"https:\/\/nextsnkr.com\/product\/prada-black-brushed-leather-loafers\/"},"modified":"2026-01-30T19:13:50","modified_gmt":"2026-01-30T16:13:50","slug":"prada-black-brushed-leather-loafers","status":"publish","type":"product","link":"https:\/\/nextsnkr.com\/fi\/tuote\/prada-black-brushed-leather-loafers\/","title":{"rendered":"Prada Mustat loaferit-miesten kiiltonahkakeng\u00e4t"},"content":{"rendered":"<h2>Prada Mustat loaferit-miesten kiiltonahkakeng\u00e4t<\/h2>\n<p>Prada musta harjattu Nahka loaferit ovat tyylikk\u00e4it\u00e4 Miesten loaferit valmistettu premium kiiltonahkaa, valmistettu Italiassa. Niiss\u00e4 yhdistyv\u00e4t ylellinen muotoilu, t\u00e4ydellinen istuvuus ja laadukkaat materiaalit. Malli sopii liiketoiminnan ulkoasuun, erityistapahtumiin ja p\u00e4ivitt\u00e4iseen k\u00e4ytt\u00f6\u00f6n, mik\u00e4 lis\u00e4\u00e4 tyyli\u00e4 ja luottamusta. Kulutusta kest\u00e4v\u00e4 pohja ja moitteeton Italialainen ammattitaito takaavat mukavuuden ja kest\u00e4vyyden. Valitse Prada korostaaksesi tilaasi ja moitteetonta makuasi.<\/p>\n","protected":false},"excerpt":{"rendered":"<p>Prada musta harjattu Nahka loaferit ovat tyylikk\u00e4it\u00e4 Miesten loaferit valmistettu premium kiiltonahkaa, valmistettu Italiassa. Niiss\u00e4 yhdistyv\u00e4t ylellinen muotoilu, t\u00e4ydellinen istuvuus ja laadukkaat materiaalit. Malli sopii liiketoiminnan ulkoasuun, erityistapahtumiin ja p\u00e4ivitt\u00e4iseen k\u00e4ytt\u00f6\u00f6n, mik\u00e4 lis\u00e4\u00e4 tyyli\u00e4 ja luottamusta. Kulutusta kest\u00e4v\u00e4 pohja ja moitteeton Italialainen ammattitaito takaavat mukavuuden ja kest\u00e4vyyden. Valitse Prada korostaaksesi tilaasi ja moitteetonta makuasi.<\/p>\n","protected":false},"featured_media":668131,"comment_status":"open","ping_status":"open","template":"","meta":[],"product_brand":[],"product_cat":[3199,4240],"product_tag":[],"class_list":{"0":"post-668130","1":"product","2":"type-product","3":"status-publish","4":"has-post-thumbnail","6":"product_cat-all-product","7":"product_cat-lofery","8":"pa_rozmir-910","9":"pa_rozmir-912","10":"pa_rozmir-914","11":"pa_rozmir-915","12":"pa_rozmir-916","13":"pa_rozmir-917","14":"pa_rozmir-918","15":"pa_rozmir-919","16":"pa_rozmir-920","17":"pa_rozmir-921","18":"pa_rozmir-922","20":"first","21":"instock","22":"purchasable","23":"product-type-variable"},"_links":{"self":[{"href":"https:\/\/nextsnkr.com\/fi\/wp-json\/wp\/v2\/product\/668130","targetHints":{"allow":["GET"]}}],"collection":[{"href":"https:\/\/nextsnkr.com\/fi\/wp-json\/wp\/v2\/product"}],"about":[{"href":"https:\/\/nextsnkr.com\/fi\/wp-json\/wp\/v2\/types\/product"}],"replies":[{"embeddable":true,"href":"https:\/\/nextsnkr.com\/fi\/wp-json\/wp\/v2\/comments?post=668130"}],"version-history":[{"count":0,"href":"https:\/\/nextsnkr.com\/fi\/wp-json\/wp\/v2\/product\/668130\/revisions"}],"wp:featuredmedia":[{"embeddable":true,"href":"https:\/\/nextsnkr.com\/fi\/wp-json\/wp\/v2\/media\/668131"}],"wp:attachment":[{"href":"https:\/\/nextsnkr.com\/fi\/wp-json\/wp\/v2\/media?parent=668130"}],"wp:term":[{"taxonomy":"product_brand","embeddable":true,"href":"https:\/\/nextsnkr.com\/fi\/wp-json\/wp\/v2\/product_brand?post=668130"},{"taxonomy":"product_cat","embeddable":true,"href":"https:\/\/nextsnkr.com\/fi\/wp-json\/wp\/v2\/product_cat?post=668130"},{"taxonomy":"product_tag","embeddable":true,"href":"https:\/\/nextsnkr.com\/fi\/wp-json\/wp\/v2\/product_tag?post=668130"}],"curies":[{"name":"wp","href":"https:\/\/api.w.org\/{rel}","templated":true}]}}