{"id":667790,"date":"2025-06-13T13:00:24","date_gmt":"2025-06-13T10:00:24","guid":{"rendered":"https:\/\/nextsnkr.com\/product\/prada-white-brushed-leather-loafers\/"},"modified":"2026-01-30T19:13:41","modified_gmt":"2026-01-30T16:13:41","slug":"prada-white-brushed-leather-loafers","status":"publish","type":"product","link":"https:\/\/nextsnkr.com\/fi\/tuote\/prada-white-brushed-leather-loafers\/","title":{"rendered":"Prada valkoiset harjatut nahkaiset loaferit-valkoinen kiiltonahka miehille \/ naisille"},"content":{"rendered":"<h2>Prada valkoiset harjatut nahkaiset loaferit-valkoinen kiiltonahka miehille \/ naisille<\/h2>\n<p>Prada White Brushed Leather loaferit ovat ylellisi\u00e4 kenki\u00e4, jotka on valmistettu korkealaatuisesta kiiltonahasta, luotu Italiassa. Moitteeton valkoinen v\u00e4ri ja Pradan tunnusomainen siluetti korostavat omistajan eleganssia ja asemaa. Mallille on ominaista mukava istuvuus, kest\u00e4vyys ja monipuolisuus \u2014 sopii sek\u00e4 liike-ett\u00e4 jokap\u00e4iv\u00e4iseen ulkon\u00e4k\u00f6\u00f6n. T\u00e4ydellinen valinta niille, jotka arvostavat ensiluokkaista laatua, tyyli\u00e4 ja moitteetonta ulkon\u00e4k\u00f6\u00e4 jokaisessa yksityiskohdassa.<\/p>\n","protected":false},"excerpt":{"rendered":"<p>Prada White Brushed Leather loaferit ovat ylellisi\u00e4 kenki\u00e4, jotka on valmistettu korkealaatuisesta kiiltonahasta, luotu Italiassa. Moitteeton valkoinen v\u00e4ri ja Pradan tunnusomainen siluetti korostavat omistajan eleganssia ja asemaa. Mallille on ominaista mukava istuvuus, kest\u00e4vyys ja monipuolisuus \u2014 sopii sek\u00e4 liike-ett\u00e4 jokap\u00e4iv\u00e4iseen ulkon\u00e4k\u00f6\u00f6n. T\u00e4ydellinen valinta niille, jotka arvostavat ensiluokkaista laatua, tyyli\u00e4 ja moitteetonta ulkon\u00e4k\u00f6\u00e4 jokaisessa yksityiskohdassa.<\/p>\n","protected":false},"featured_media":667791,"comment_status":"open","ping_status":"open","template":"","meta":[],"product_brand":[],"product_cat":[3199,4240],"product_tag":[],"class_list":{"0":"post-667790","1":"product","2":"type-product","3":"status-publish","4":"has-post-thumbnail","6":"product_cat-all-product","7":"product_cat-lofery","8":"pa_rozmir-910","9":"pa_rozmir-912","10":"pa_rozmir-914","11":"pa_rozmir-915","12":"pa_rozmir-916","13":"pa_rozmir-917","14":"pa_rozmir-918","15":"pa_rozmir-919","16":"pa_rozmir-920","17":"pa_rozmir-921","18":"pa_rozmir-922","20":"first","21":"instock","22":"purchasable","23":"product-type-variable"},"_links":{"self":[{"href":"https:\/\/nextsnkr.com\/fi\/wp-json\/wp\/v2\/product\/667790","targetHints":{"allow":["GET"]}}],"collection":[{"href":"https:\/\/nextsnkr.com\/fi\/wp-json\/wp\/v2\/product"}],"about":[{"href":"https:\/\/nextsnkr.com\/fi\/wp-json\/wp\/v2\/types\/product"}],"replies":[{"embeddable":true,"href":"https:\/\/nextsnkr.com\/fi\/wp-json\/wp\/v2\/comments?post=667790"}],"version-history":[{"count":0,"href":"https:\/\/nextsnkr.com\/fi\/wp-json\/wp\/v2\/product\/667790\/revisions"}],"wp:featuredmedia":[{"embeddable":true,"href":"https:\/\/nextsnkr.com\/fi\/wp-json\/wp\/v2\/media\/667791"}],"wp:attachment":[{"href":"https:\/\/nextsnkr.com\/fi\/wp-json\/wp\/v2\/media?parent=667790"}],"wp:term":[{"taxonomy":"product_brand","embeddable":true,"href":"https:\/\/nextsnkr.com\/fi\/wp-json\/wp\/v2\/product_brand?post=667790"},{"taxonomy":"product_cat","embeddable":true,"href":"https:\/\/nextsnkr.com\/fi\/wp-json\/wp\/v2\/product_cat?post=667790"},{"taxonomy":"product_tag","embeddable":true,"href":"https:\/\/nextsnkr.com\/fi\/wp-json\/wp\/v2\/product_tag?post=667790"}],"curies":[{"name":"wp","href":"https:\/\/api.w.org\/{rel}","templated":true}]}}