{"id":667449,"date":"2025-06-13T13:00:46","date_gmt":"2025-06-13T10:00:46","guid":{"rendered":"https:\/\/nextsnkr.com\/product\/leather-boots-nylon-pouch\/"},"modified":"2026-01-30T19:13:32","modified_gmt":"2026-01-30T16:13:32","slug":"leather-boots-nylon-pouch","status":"publish","type":"product","link":"https:\/\/nextsnkr.com\/fi\/tuote\/leather-boots-nylon-pouch\/","title":{"rendered":"Nahkasaappaat Nylon Pouch-naisten nahkasaappaat nailontaskulla"},"content":{"rendered":"<h2>Nahkasaappaat Nylon Pouch-naisten nahkasaappaat nailontaskulla<\/h2>\n<p>Nahkasaappaat Nailonpussisaappaat ovat tyylikk\u00e4it\u00e4 ja k\u00e4yt\u00e4nn\u00f6llisi\u00e4 naisten kenki\u00e4, jotka on valmistettu korkealaatuisesta aidosta nahasta. Mallia t\u00e4ydent\u00e4\u00e4 alkuper\u00e4inen nailontasku, joka lis\u00e4\u00e4 mukavuutta ja modernia korostusta muotoiluun. Kest\u00e4v\u00e4n pohjan ansiosta saappaat sopivat p\u00e4ivitt\u00e4iseen k\u00e4ytt\u00f6\u00f6n ja aktiiviseen kaupunkirytmiin. Tehdastuotanto Kiinassa takaa tarkan toteutuksen ja kest\u00e4vyyden. Valitse nahkasaappaat nailonpussi &#8211; yhdistelm\u00e4 tyyli\u00e4, toimivuutta ja mukavuutta.<\/p>\n","protected":false},"excerpt":{"rendered":"<p>Nahkasaappaat Nailonpussisaappaat ovat tyylikk\u00e4it\u00e4 ja k\u00e4yt\u00e4nn\u00f6llisi\u00e4 naisten kenki\u00e4, jotka on valmistettu korkealaatuisesta aidosta nahasta. Mallia t\u00e4ydent\u00e4\u00e4 alkuper\u00e4inen nailontasku, joka lis\u00e4\u00e4 mukavuutta ja modernia korostusta muotoiluun. Kest\u00e4v\u00e4n pohjan ansiosta saappaat sopivat p\u00e4ivitt\u00e4iseen k\u00e4ytt\u00f6\u00f6n ja aktiiviseen kaupunkirytmiin. Tehdastuotanto Kiinassa takaa tarkan toteutuksen ja kest\u00e4vyyden. Valitse nahkasaappaat nailonpussi &#8211; yhdistelm\u00e4 tyyli\u00e4, toimivuutta ja mukavuutta.<\/p>\n","protected":false},"featured_media":667450,"comment_status":"open","ping_status":"open","template":"","meta":[],"product_brand":[],"product_cat":[3199,3331],"product_tag":[],"class_list":{"0":"post-667449","1":"product","2":"type-product","3":"status-publish","4":"has-post-thumbnail","6":"product_cat-all-product","7":"product_cat-cherevyky","8":"pa_rozmir-910","9":"pa_rozmir-912","10":"pa_rozmir-914","11":"pa_rozmir-915","12":"pa_rozmir-916","13":"pa_rozmir-917","14":"pa_rozmir-918","15":"pa_rozmir-919","16":"pa_rozmir-920","17":"pa_rozmir-921","18":"pa_rozmir-922","20":"first","21":"onbackorder","22":"purchasable","23":"product-type-variable"},"_links":{"self":[{"href":"https:\/\/nextsnkr.com\/fi\/wp-json\/wp\/v2\/product\/667449","targetHints":{"allow":["GET"]}}],"collection":[{"href":"https:\/\/nextsnkr.com\/fi\/wp-json\/wp\/v2\/product"}],"about":[{"href":"https:\/\/nextsnkr.com\/fi\/wp-json\/wp\/v2\/types\/product"}],"replies":[{"embeddable":true,"href":"https:\/\/nextsnkr.com\/fi\/wp-json\/wp\/v2\/comments?post=667449"}],"version-history":[{"count":0,"href":"https:\/\/nextsnkr.com\/fi\/wp-json\/wp\/v2\/product\/667449\/revisions"}],"wp:featuredmedia":[{"embeddable":true,"href":"https:\/\/nextsnkr.com\/fi\/wp-json\/wp\/v2\/media\/667450"}],"wp:attachment":[{"href":"https:\/\/nextsnkr.com\/fi\/wp-json\/wp\/v2\/media?parent=667449"}],"wp:term":[{"taxonomy":"product_brand","embeddable":true,"href":"https:\/\/nextsnkr.com\/fi\/wp-json\/wp\/v2\/product_brand?post=667449"},{"taxonomy":"product_cat","embeddable":true,"href":"https:\/\/nextsnkr.com\/fi\/wp-json\/wp\/v2\/product_cat?post=667449"},{"taxonomy":"product_tag","embeddable":true,"href":"https:\/\/nextsnkr.com\/fi\/wp-json\/wp\/v2\/product_tag?post=667449"}],"curies":[{"name":"wp","href":"https:\/\/api.w.org\/{rel}","templated":true}]}}