{"id":666970,"date":"2025-06-13T13:03:02","date_gmt":"2025-06-13T10:03:02","guid":{"rendered":"https:\/\/nextsnkr.com\/product\/louis-vuitton-5\/"},"modified":"2026-01-30T19:13:02","modified_gmt":"2026-01-30T16:13:02","slug":"louis-vuitton-5","status":"publish","type":"product","link":"https:\/\/nextsnkr.com\/fi\/tuote\/louis-vuitton-5\/","title":{"rendered":"Louis Vuitton laukku on tyylik\u00e4s naisten laukku ekonahasta"},"content":{"rendered":"<h2>Louis Vuitton laukku on tyylik\u00e4s naisten laukku ekonahasta<\/h2>\n<p>Tyylik\u00e4s Louis Vuitton-laukku on valmistettu korkealaatuisesta ekonahasta, joka tarjoaa miellytt\u00e4v\u00e4n tekstuurin, kest\u00e4vyyden ja kulutuskest\u00e4vyyden. Sen tiivis muotoilu tekee siit\u00e4 monipuolisen p\u00e4ivitt\u00e4iseen k\u00e4ytt\u00f6\u00f6n ja t\u00e4ydent\u00e4\u00e4 liike-tai rentoa ilmett\u00e4. K\u00e4tev\u00e4n muodon avulla voit sijoittaa kaikki tarvittavat asiat, ja harkitut varusteet lis\u00e4\u00e4v\u00e4t malliin hienostuneisuutta. Louis Vuitton-laukku on k\u00e4yt\u00e4nn\u00f6llinen ja tyylik\u00e4s asuste modernille naiselle.<\/p>\n","protected":false},"excerpt":{"rendered":"<p>Tyylik\u00e4s Louis Vuitton-laukku on valmistettu korkealaatuisesta ekonahasta, joka tarjoaa miellytt\u00e4v\u00e4n tekstuurin, kest\u00e4vyyden ja kulutuskest\u00e4vyyden. Sen tiivis muotoilu tekee siit\u00e4 monipuolisen p\u00e4ivitt\u00e4iseen k\u00e4ytt\u00f6\u00f6n ja t\u00e4ydent\u00e4\u00e4 liike-tai rentoa ilmett\u00e4. K\u00e4tev\u00e4n muodon avulla voit sijoittaa kaikki tarvittavat asiat, ja harkitut varusteet lis\u00e4\u00e4v\u00e4t malliin hienostuneisuutta. Louis Vuitton-laukku on k\u00e4yt\u00e4nn\u00f6llinen ja tyylik\u00e4s asuste modernille naiselle.<\/p>\n","protected":false},"featured_media":666971,"comment_status":"open","ping_status":"open","template":"","meta":[],"product_brand":[],"product_cat":[3199,3476],"product_tag":[],"class_list":{"0":"post-666970","1":"product","2":"type-product","3":"status-publish","4":"has-post-thumbnail","6":"product_cat-all-product","7":"product_cat-sumky","8":"pa_rozmir-22x14","10":"first","11":"instock","12":"purchasable","13":"product-type-simple"},"_links":{"self":[{"href":"https:\/\/nextsnkr.com\/fi\/wp-json\/wp\/v2\/product\/666970","targetHints":{"allow":["GET"]}}],"collection":[{"href":"https:\/\/nextsnkr.com\/fi\/wp-json\/wp\/v2\/product"}],"about":[{"href":"https:\/\/nextsnkr.com\/fi\/wp-json\/wp\/v2\/types\/product"}],"replies":[{"embeddable":true,"href":"https:\/\/nextsnkr.com\/fi\/wp-json\/wp\/v2\/comments?post=666970"}],"version-history":[{"count":0,"href":"https:\/\/nextsnkr.com\/fi\/wp-json\/wp\/v2\/product\/666970\/revisions"}],"wp:featuredmedia":[{"embeddable":true,"href":"https:\/\/nextsnkr.com\/fi\/wp-json\/wp\/v2\/media\/666971"}],"wp:attachment":[{"href":"https:\/\/nextsnkr.com\/fi\/wp-json\/wp\/v2\/media?parent=666970"}],"wp:term":[{"taxonomy":"product_brand","embeddable":true,"href":"https:\/\/nextsnkr.com\/fi\/wp-json\/wp\/v2\/product_brand?post=666970"},{"taxonomy":"product_cat","embeddable":true,"href":"https:\/\/nextsnkr.com\/fi\/wp-json\/wp\/v2\/product_cat?post=666970"},{"taxonomy":"product_tag","embeddable":true,"href":"https:\/\/nextsnkr.com\/fi\/wp-json\/wp\/v2\/product_tag?post=666970"}],"curies":[{"name":"wp","href":"https:\/\/api.w.org\/{rel}","templated":true}]}}