{"id":666662,"date":"2025-06-13T13:04:17","date_gmt":"2025-06-13T10:04:17","guid":{"rendered":"https:\/\/nextsnkr.com\/product\/guess-crossbody\/"},"modified":"2026-01-30T19:12:16","modified_gmt":"2026-01-30T16:12:16","slug":"guess-crossbody","status":"publish","type":"product","link":"https:\/\/nextsnkr.com\/fi\/tuote\/guess-crossbody\/","title":{"rendered":"Guess Crossbody bag on Tyylik\u00e4s Naisten crossbody-laukku, joka on valmistettu ekonahasta"},"content":{"rendered":"<h2>Guess Crossbody bag on Tyylik\u00e4s Naisten crossbody-laukku, joka on valmistettu ekonahasta<\/h2>\n<p>Guess Crossbody-laukku on kompakti ja mukava naisten laukku, joka on valmistettu korkealaatuisesta ekonahasta. Siin\u00e4 yhdistyv\u00e4t tyylik\u00e4s muotoilu, kest\u00e4vyys ja k\u00e4yt\u00e4nn\u00f6llisyys, ihanteellinen p\u00e4ivitt\u00e4iseen k\u00e4ytt\u00f6\u00f6n. Crossbody-muoto tarjoaa mukavuutta ja liikkumisvapautta, ja hyvin harkitun sisustuksen avulla voit sijoittaa kaikki tarvittavat asiat. Tyylikk\u00e4\u00e4st\u00e4 ja monipuolisesta Guess-laukusta tulee kirkas korostus lookissasi.<\/p>\n","protected":false},"excerpt":{"rendered":"<p>Guess Crossbody-laukku on kompakti ja mukava naisten laukku, joka on valmistettu korkealaatuisesta ekonahasta. Siin\u00e4 yhdistyv\u00e4t tyylik\u00e4s muotoilu, kest\u00e4vyys ja k\u00e4yt\u00e4nn\u00f6llisyys, ihanteellinen p\u00e4ivitt\u00e4iseen k\u00e4ytt\u00f6\u00f6n. Crossbody-muoto tarjoaa mukavuutta ja liikkumisvapautta, ja hyvin harkitun sisustuksen avulla voit sijoittaa kaikki tarvittavat asiat. Tyylikk\u00e4\u00e4st\u00e4 ja monipuolisesta Guess-laukusta tulee kirkas korostus lookissasi.<\/p>\n","protected":false},"featured_media":666664,"comment_status":"open","ping_status":"open","template":"","meta":[],"product_brand":[],"product_cat":[3199,3476],"product_tag":[],"class_list":{"0":"post-666662","1":"product","2":"type-product","3":"status-publish","4":"has-post-thumbnail","6":"product_cat-all-product","7":"product_cat-sumky","8":"pa_rozmir-21x13x7","10":"first","11":"instock","12":"purchasable","13":"product-type-simple"},"_links":{"self":[{"href":"https:\/\/nextsnkr.com\/fi\/wp-json\/wp\/v2\/product\/666662","targetHints":{"allow":["GET"]}}],"collection":[{"href":"https:\/\/nextsnkr.com\/fi\/wp-json\/wp\/v2\/product"}],"about":[{"href":"https:\/\/nextsnkr.com\/fi\/wp-json\/wp\/v2\/types\/product"}],"replies":[{"embeddable":true,"href":"https:\/\/nextsnkr.com\/fi\/wp-json\/wp\/v2\/comments?post=666662"}],"version-history":[{"count":0,"href":"https:\/\/nextsnkr.com\/fi\/wp-json\/wp\/v2\/product\/666662\/revisions"}],"wp:featuredmedia":[{"embeddable":true,"href":"https:\/\/nextsnkr.com\/fi\/wp-json\/wp\/v2\/media\/666664"}],"wp:attachment":[{"href":"https:\/\/nextsnkr.com\/fi\/wp-json\/wp\/v2\/media?parent=666662"}],"wp:term":[{"taxonomy":"product_brand","embeddable":true,"href":"https:\/\/nextsnkr.com\/fi\/wp-json\/wp\/v2\/product_brand?post=666662"},{"taxonomy":"product_cat","embeddable":true,"href":"https:\/\/nextsnkr.com\/fi\/wp-json\/wp\/v2\/product_cat?post=666662"},{"taxonomy":"product_tag","embeddable":true,"href":"https:\/\/nextsnkr.com\/fi\/wp-json\/wp\/v2\/product_tag?post=666662"}],"curies":[{"name":"wp","href":"https:\/\/api.w.org\/{rel}","templated":true}]}}