{"id":665969,"date":"2025-06-13T13:05:59","date_gmt":"2025-06-13T10:05:59","guid":{"rendered":"https:\/\/nextsnkr.com\/product\/chanel-tweed\/"},"modified":"2026-01-30T19:11:44","modified_gmt":"2026-01-30T16:11:44","slug":"chanel-tweed","status":"publish","type":"product","link":"https:\/\/nextsnkr.com\/fi\/tuote\/chanel-tweed\/","title":{"rendered":"Chanel Tweed tekstiililaukku-tyylik\u00e4s ja tyylik\u00e4s"},"content":{"rendered":"<h2>Chanel Tweed tekstiililaukku-tyylik\u00e4s ja tyylik\u00e4s<\/h2>\n<p>Chanelin Tweed-laukku on valmistettu korkealaatuisista tekstiileist\u00e4, joissa yhdistyv\u00e4t pehmeys, keveys ja kest\u00e4vyys. Tweed-rakenne antaa lis\u00e4varusteelle hienostuneen ilmeen, mik\u00e4 tekee siit\u00e4 ihanteellisen lis\u00e4n rentoihin ja juhlallisiin lookeihin. Tilava Sis\u00e4tila ja k\u00e4tev\u00e4 muoto takaavat k\u00e4ytt\u00f6mukavuuden. Tyylikk\u00e4\u00e4st\u00e4 ja k\u00e4yt\u00e4nn\u00f6llisest\u00e4 laukusta tulee upea aksentti modernin naisen vaatekaapissa.<\/p>\n","protected":false},"excerpt":{"rendered":"<p>Chanelin Tweed-laukku on valmistettu korkealaatuisista tekstiileist\u00e4, joissa yhdistyv\u00e4t pehmeys, keveys ja kest\u00e4vyys. Tweed-rakenne antaa lis\u00e4varusteelle hienostuneen ilmeen, mik\u00e4 tekee siit\u00e4 ihanteellisen lis\u00e4n rentoihin ja juhlallisiin lookeihin. Tilava Sis\u00e4tila ja k\u00e4tev\u00e4 muoto takaavat k\u00e4ytt\u00f6mukavuuden. Tyylikk\u00e4\u00e4st\u00e4 ja k\u00e4yt\u00e4nn\u00f6llisest\u00e4 laukusta tulee upea aksentti modernin naisen vaatekaapissa.<\/p>\n","protected":false},"featured_media":665972,"comment_status":"open","ping_status":"open","template":"","meta":[],"product_brand":[],"product_cat":[3199,3476],"product_tag":[],"class_list":{"0":"post-665969","1":"product","2":"type-product","3":"status-publish","4":"has-post-thumbnail","6":"product_cat-all-product","7":"product_cat-sumky","8":"pa_rozmir-20kh14","10":"first","11":"instock","12":"purchasable","13":"product-type-simple"},"_links":{"self":[{"href":"https:\/\/nextsnkr.com\/fi\/wp-json\/wp\/v2\/product\/665969","targetHints":{"allow":["GET"]}}],"collection":[{"href":"https:\/\/nextsnkr.com\/fi\/wp-json\/wp\/v2\/product"}],"about":[{"href":"https:\/\/nextsnkr.com\/fi\/wp-json\/wp\/v2\/types\/product"}],"replies":[{"embeddable":true,"href":"https:\/\/nextsnkr.com\/fi\/wp-json\/wp\/v2\/comments?post=665969"}],"version-history":[{"count":0,"href":"https:\/\/nextsnkr.com\/fi\/wp-json\/wp\/v2\/product\/665969\/revisions"}],"wp:featuredmedia":[{"embeddable":true,"href":"https:\/\/nextsnkr.com\/fi\/wp-json\/wp\/v2\/media\/665972"}],"wp:attachment":[{"href":"https:\/\/nextsnkr.com\/fi\/wp-json\/wp\/v2\/media?parent=665969"}],"wp:term":[{"taxonomy":"product_brand","embeddable":true,"href":"https:\/\/nextsnkr.com\/fi\/wp-json\/wp\/v2\/product_brand?post=665969"},{"taxonomy":"product_cat","embeddable":true,"href":"https:\/\/nextsnkr.com\/fi\/wp-json\/wp\/v2\/product_cat?post=665969"},{"taxonomy":"product_tag","embeddable":true,"href":"https:\/\/nextsnkr.com\/fi\/wp-json\/wp\/v2\/product_tag?post=665969"}],"curies":[{"name":"wp","href":"https:\/\/api.w.org\/{rel}","templated":true}]}}