{"id":664905,"date":"2025-06-13T13:08:35","date_gmt":"2025-06-13T10:08:35","guid":{"rendered":"https:\/\/nextsnkr.com\/product\/pinko-puff\/"},"modified":"2026-01-30T19:10:42","modified_gmt":"2026-01-30T16:10:42","slug":"pinko-puff","status":"publish","type":"product","link":"https:\/\/nextsnkr.com\/fi\/tuote\/pinko-puff\/","title":{"rendered":"Pinko Puff ekonahkainen laukku on tyylik\u00e4s naisten asuste"},"content":{"rendered":"<h2>Pinko Puff ekonahkainen laukku on tyylik\u00e4s naisten asuste<\/h2>\n<p>Pinko Puff bag on tyylik\u00e4s ja moderni malli, joka on luotu tyyli\u00e4 ja mukavuutta arvostaville. Valmistettu korkealaatuisesta ekonahasta, siin\u00e4 yhdistyv\u00e4t helppohoitoisuus, miellytt\u00e4v\u00e4 rakenne ja pitk\u00e4 k\u00e4ytt\u00f6ik\u00e4. Tyylik\u00e4s muotoilu ja asiaankuuluvat yksityiskohdat tekev\u00e4t laukusta monipuolisen p\u00e4ivitt\u00e4iseen k\u00e4ytt\u00f6\u00f6n, k\u00e4velyihin tai iltameikkiin. Pinko Puff t\u00e4ydent\u00e4\u00e4 t\u00e4ydellisesti vaatekaappia ja siit\u00e4 tulee kirkas aksentti, joka korostaa omistajan yksil\u00f6llisyytt\u00e4.<\/p>\n","protected":false},"excerpt":{"rendered":"<p>Pinko Puff bag on tyylik\u00e4s ja moderni malli, joka on luotu tyyli\u00e4 ja mukavuutta arvostaville. Valmistettu korkealaatuisesta ekonahasta, siin\u00e4 yhdistyv\u00e4t helppohoitoisuus, miellytt\u00e4v\u00e4 rakenne ja pitk\u00e4 k\u00e4ytt\u00f6ik\u00e4. Tyylik\u00e4s muotoilu ja asiaankuuluvat yksityiskohdat tekev\u00e4t laukusta monipuolisen p\u00e4ivitt\u00e4iseen k\u00e4ytt\u00f6\u00f6n, k\u00e4velyihin tai iltameikkiin. Pinko Puff t\u00e4ydent\u00e4\u00e4 t\u00e4ydellisesti vaatekaappia ja siit\u00e4 tulee kirkas aksentti, joka korostaa omistajan yksil\u00f6llisyytt\u00e4.<\/p>\n","protected":false},"featured_media":664906,"comment_status":"open","ping_status":"open","template":"","meta":[],"product_brand":[],"product_cat":[3199,3476],"product_tag":[],"class_list":{"0":"post-664905","1":"product","2":"type-product","3":"status-publish","4":"has-post-thumbnail","6":"product_cat-all-product","7":"product_cat-sumky","8":"pa_rozmir-25x20-sale","10":"first","11":"instock","12":"purchasable","13":"product-type-simple"},"_links":{"self":[{"href":"https:\/\/nextsnkr.com\/fi\/wp-json\/wp\/v2\/product\/664905","targetHints":{"allow":["GET"]}}],"collection":[{"href":"https:\/\/nextsnkr.com\/fi\/wp-json\/wp\/v2\/product"}],"about":[{"href":"https:\/\/nextsnkr.com\/fi\/wp-json\/wp\/v2\/types\/product"}],"replies":[{"embeddable":true,"href":"https:\/\/nextsnkr.com\/fi\/wp-json\/wp\/v2\/comments?post=664905"}],"version-history":[{"count":0,"href":"https:\/\/nextsnkr.com\/fi\/wp-json\/wp\/v2\/product\/664905\/revisions"}],"wp:featuredmedia":[{"embeddable":true,"href":"https:\/\/nextsnkr.com\/fi\/wp-json\/wp\/v2\/media\/664906"}],"wp:attachment":[{"href":"https:\/\/nextsnkr.com\/fi\/wp-json\/wp\/v2\/media?parent=664905"}],"wp:term":[{"taxonomy":"product_brand","embeddable":true,"href":"https:\/\/nextsnkr.com\/fi\/wp-json\/wp\/v2\/product_brand?post=664905"},{"taxonomy":"product_cat","embeddable":true,"href":"https:\/\/nextsnkr.com\/fi\/wp-json\/wp\/v2\/product_cat?post=664905"},{"taxonomy":"product_tag","embeddable":true,"href":"https:\/\/nextsnkr.com\/fi\/wp-json\/wp\/v2\/product_tag?post=664905"}],"curies":[{"name":"wp","href":"https:\/\/api.w.org\/{rel}","templated":true}]}}