{"id":664708,"date":"2025-06-13T13:08:35","date_gmt":"2025-06-13T10:08:35","guid":{"rendered":"https:\/\/nextsnkr.com\/product\/pinko-puff-khaki\/"},"modified":"2026-01-30T19:10:34","modified_gmt":"2026-01-30T16:10:34","slug":"pinko-puff-khaki","status":"publish","type":"product","link":"https:\/\/nextsnkr.com\/fi\/tuote\/pinko-puff-khaki\/","title":{"rendered":"Pinko Puff Khaki bag on tyylik\u00e4s naisten laukku, joka on valmistettu ekonahasta"},"content":{"rendered":"<h2>Pinko Puff Khaki bag on tyylik\u00e4s naisten laukku, joka on valmistettu ekonahasta<\/h2>\n<p>Pinko Puff Khaki-laukku on muodikas ja monipuolinen malli, joka on valmistettu korkealaatuisesta ekonahasta trendikk\u00e4\u00e4ss\u00e4 khaki-s\u00e4vyss\u00e4. Pehme\u00e4 muoto ja tyylik\u00e4s muotoilu tekev\u00e4t siit\u00e4 ihanteellisen p\u00e4ivitt\u00e4iseen k\u00e4ytt\u00f6\u00f6n. Laukussa on suuri kapasiteetti, k\u00e4tev\u00e4 lokeroiden sijainti ja miellytt\u00e4v\u00e4 rakenne kosketukseen. Se yhdistet\u00e4\u00e4n helposti rentoon ja hienostuneempaan ulkon\u00e4k\u00f6\u00f6n, mik\u00e4 korostaa omistajan makua.<\/p>\n","protected":false},"excerpt":{"rendered":"<p>Pinko Puff Khaki-laukku on muodikas ja monipuolinen malli, joka on valmistettu korkealaatuisesta ekonahasta trendikk\u00e4\u00e4ss\u00e4 khaki-s\u00e4vyss\u00e4. Pehme\u00e4 muoto ja tyylik\u00e4s muotoilu tekev\u00e4t siit\u00e4 ihanteellisen p\u00e4ivitt\u00e4iseen k\u00e4ytt\u00f6\u00f6n. Laukussa on suuri kapasiteetti, k\u00e4tev\u00e4 lokeroiden sijainti ja miellytt\u00e4v\u00e4 rakenne kosketukseen. Se yhdistet\u00e4\u00e4n helposti rentoon ja hienostuneempaan ulkon\u00e4k\u00f6\u00f6n, mik\u00e4 korostaa omistajan makua.<\/p>\n","protected":false},"featured_media":664709,"comment_status":"open","ping_status":"open","template":"","meta":[],"product_brand":[],"product_cat":[3199,3476],"product_tag":[],"class_list":{"0":"post-664708","1":"product","2":"type-product","3":"status-publish","4":"has-post-thumbnail","6":"product_cat-all-product","7":"product_cat-sumky","8":"pa_rozmir-25x20-sale","10":"first","11":"instock","12":"purchasable","13":"product-type-simple"},"_links":{"self":[{"href":"https:\/\/nextsnkr.com\/fi\/wp-json\/wp\/v2\/product\/664708","targetHints":{"allow":["GET"]}}],"collection":[{"href":"https:\/\/nextsnkr.com\/fi\/wp-json\/wp\/v2\/product"}],"about":[{"href":"https:\/\/nextsnkr.com\/fi\/wp-json\/wp\/v2\/types\/product"}],"replies":[{"embeddable":true,"href":"https:\/\/nextsnkr.com\/fi\/wp-json\/wp\/v2\/comments?post=664708"}],"version-history":[{"count":0,"href":"https:\/\/nextsnkr.com\/fi\/wp-json\/wp\/v2\/product\/664708\/revisions"}],"wp:featuredmedia":[{"embeddable":true,"href":"https:\/\/nextsnkr.com\/fi\/wp-json\/wp\/v2\/media\/664709"}],"wp:attachment":[{"href":"https:\/\/nextsnkr.com\/fi\/wp-json\/wp\/v2\/media?parent=664708"}],"wp:term":[{"taxonomy":"product_brand","embeddable":true,"href":"https:\/\/nextsnkr.com\/fi\/wp-json\/wp\/v2\/product_brand?post=664708"},{"taxonomy":"product_cat","embeddable":true,"href":"https:\/\/nextsnkr.com\/fi\/wp-json\/wp\/v2\/product_cat?post=664708"},{"taxonomy":"product_tag","embeddable":true,"href":"https:\/\/nextsnkr.com\/fi\/wp-json\/wp\/v2\/product_tag?post=664708"}],"curies":[{"name":"wp","href":"https:\/\/api.w.org\/{rel}","templated":true}]}}