{"id":664513,"date":"2025-06-14T15:00:35","date_gmt":"2025-06-14T12:00:35","guid":{"rendered":"https:\/\/nextsnkr.com\/product\/louis-vuitton-3\/"},"modified":"2026-01-30T19:10:25","modified_gmt":"2026-01-30T16:10:25","slug":"louis-vuitton-3","status":"publish","type":"product","link":"https:\/\/nextsnkr.com\/fi\/tuote\/louis-vuitton-3\/","title":{"rendered":"Louis Vuitton laukku-naisten Tyylik\u00e4s Eko-nahkainen laukku"},"content":{"rendered":"<h2>Louis Vuitton laukku-naisten Tyylik\u00e4s Eko-nahkainen laukku<\/h2>\n<p>Louis Vuitton-laukku on tyylik\u00e4s asuste, joka on luotu br\u00e4ndin tunnistettavaan yritysidentiteettiin. Valmistettu korkealaatuisesta ekonahasta, siin\u00e4 yhdistyv\u00e4t kest\u00e4vyys, keveys ja mukavuus jokap\u00e4iv\u00e4isess\u00e4 k\u00e4yt\u00f6ss\u00e4. K\u00e4tev\u00e4n muodon avulla voit sijoittaa kaikki tarvittavat asiat, ja tyylik\u00e4s muotoilu korostaa kuvaasi miss\u00e4 tahansa tilanteessa. Ihanteellinen valinta niille, jotka arvostavat k\u00e4yt\u00e4nn\u00f6llisyytt\u00e4, modernia ilmett\u00e4 ja monipuolisuutta.<\/p>\n","protected":false},"excerpt":{"rendered":"<p>Louis Vuitton-laukku on tyylik\u00e4s asuste, joka on luotu br\u00e4ndin tunnistettavaan yritysidentiteettiin. Valmistettu korkealaatuisesta ekonahasta, siin\u00e4 yhdistyv\u00e4t kest\u00e4vyys, keveys ja mukavuus jokap\u00e4iv\u00e4isess\u00e4 k\u00e4yt\u00f6ss\u00e4. K\u00e4tev\u00e4n muodon avulla voit sijoittaa kaikki tarvittavat asiat, ja tyylik\u00e4s muotoilu korostaa kuvaasi miss\u00e4 tahansa tilanteessa. Ihanteellinen valinta niille, jotka arvostavat k\u00e4yt\u00e4nn\u00f6llisyytt\u00e4, modernia ilmett\u00e4 ja monipuolisuutta.<\/p>\n","protected":false},"featured_media":664514,"comment_status":"open","ping_status":"open","template":"","meta":[],"product_brand":[],"product_cat":[3199,3476],"product_tag":[],"class_list":{"0":"post-664513","1":"product","2":"type-product","3":"status-publish","4":"has-post-thumbnail","6":"product_cat-all-product","7":"product_cat-sumky","8":"pa_rozmir-3759","10":"first","11":"instock","12":"purchasable","13":"product-type-simple"},"_links":{"self":[{"href":"https:\/\/nextsnkr.com\/fi\/wp-json\/wp\/v2\/product\/664513","targetHints":{"allow":["GET"]}}],"collection":[{"href":"https:\/\/nextsnkr.com\/fi\/wp-json\/wp\/v2\/product"}],"about":[{"href":"https:\/\/nextsnkr.com\/fi\/wp-json\/wp\/v2\/types\/product"}],"replies":[{"embeddable":true,"href":"https:\/\/nextsnkr.com\/fi\/wp-json\/wp\/v2\/comments?post=664513"}],"version-history":[{"count":0,"href":"https:\/\/nextsnkr.com\/fi\/wp-json\/wp\/v2\/product\/664513\/revisions"}],"wp:featuredmedia":[{"embeddable":true,"href":"https:\/\/nextsnkr.com\/fi\/wp-json\/wp\/v2\/media\/664514"}],"wp:attachment":[{"href":"https:\/\/nextsnkr.com\/fi\/wp-json\/wp\/v2\/media?parent=664513"}],"wp:term":[{"taxonomy":"product_brand","embeddable":true,"href":"https:\/\/nextsnkr.com\/fi\/wp-json\/wp\/v2\/product_brand?post=664513"},{"taxonomy":"product_cat","embeddable":true,"href":"https:\/\/nextsnkr.com\/fi\/wp-json\/wp\/v2\/product_cat?post=664513"},{"taxonomy":"product_tag","embeddable":true,"href":"https:\/\/nextsnkr.com\/fi\/wp-json\/wp\/v2\/product_tag?post=664513"}],"curies":[{"name":"wp","href":"https:\/\/api.w.org\/{rel}","templated":true}]}}