{"id":664316,"date":"2025-06-14T15:00:42","date_gmt":"2025-06-14T12:00:42","guid":{"rendered":"https:\/\/nextsnkr.com\/product\/louis-vuitton-speedy-mini\/"},"modified":"2026-01-30T19:10:15","modified_gmt":"2026-01-30T16:10:15","slug":"louis-vuitton-speedy-mini","status":"publish","type":"product","link":"https:\/\/nextsnkr.com\/fi\/tuote\/louis-vuitton-speedy-mini\/","title":{"rendered":"Louis Vuitton Speedy Mini laukku on tyylik\u00e4s naisten EKONAHKAINEN olkalaukku"},"content":{"rendered":"<h2>Louis Vuitton Speedy Mini laukku on tyylik\u00e4s naisten EKONAHKAINEN olkalaukku<\/h2>\n<p>Tyylik\u00e4s Louis Vuitton Speedy &#8211; minilaukku on yhdistelm\u00e4 ikonista muotoilua ja modernia k\u00e4yt\u00e4nn\u00f6llisyytt\u00e4. Valmistettu korkealaatuisesta ekonahasta, se s\u00e4ilytt\u00e4\u00e4 ensiluokkaisen ulkon\u00e4\u00f6n samalla kun se on kevyt ja mukava jokap\u00e4iv\u00e4isess\u00e4 k\u00e4yt\u00f6ss\u00e4. Kompakti muoto tekee Speedy Minist\u00e4 monipuolisen kaupunkik\u00e4velyihin, matkustamiseen ja tyylikk\u00e4\u00e4seen ulkon\u00e4k\u00f6\u00f6n. Malli erottuu harkitusta tilavuudesta ja siistist\u00e4 toteutuksesta. T\u00e4ydellinen valinta naisille, jotka arvostavat Louis Vuittonin tyyli\u00e4, mukavuutta ja tunnistettavaa estetiikkaa.<\/p>\n","protected":false},"excerpt":{"rendered":"<p>Tyylik\u00e4s Louis Vuitton Speedy &#8211; minilaukku on yhdistelm\u00e4 ikonista muotoilua ja modernia k\u00e4yt\u00e4nn\u00f6llisyytt\u00e4. Valmistettu korkealaatuisesta ekonahasta, se s\u00e4ilytt\u00e4\u00e4 ensiluokkaisen ulkon\u00e4\u00f6n samalla kun se on kevyt ja mukava jokap\u00e4iv\u00e4isess\u00e4 k\u00e4yt\u00f6ss\u00e4. Kompakti muoto tekee Speedy Minist\u00e4 monipuolisen kaupunkik\u00e4velyihin, matkustamiseen ja tyylikk\u00e4\u00e4seen ulkon\u00e4k\u00f6\u00f6n. Malli erottuu harkitusta tilavuudesta ja siistist\u00e4 toteutuksesta. T\u00e4ydellinen valinta naisille, jotka arvostavat Louis Vuittonin tyyli\u00e4, mukavuutta ja tunnistettavaa estetiikkaa.<\/p>\n","protected":false},"featured_media":664317,"comment_status":"open","ping_status":"open","template":"","meta":[],"product_brand":[],"product_cat":[3199,3476],"product_tag":[],"class_list":{"0":"post-664316","1":"product","2":"type-product","3":"status-publish","4":"has-post-thumbnail","6":"product_cat-all-product","7":"product_cat-sumky","8":"pa_rozmir-3759","10":"first","11":"instock","12":"purchasable","13":"product-type-simple"},"_links":{"self":[{"href":"https:\/\/nextsnkr.com\/fi\/wp-json\/wp\/v2\/product\/664316","targetHints":{"allow":["GET"]}}],"collection":[{"href":"https:\/\/nextsnkr.com\/fi\/wp-json\/wp\/v2\/product"}],"about":[{"href":"https:\/\/nextsnkr.com\/fi\/wp-json\/wp\/v2\/types\/product"}],"replies":[{"embeddable":true,"href":"https:\/\/nextsnkr.com\/fi\/wp-json\/wp\/v2\/comments?post=664316"}],"version-history":[{"count":0,"href":"https:\/\/nextsnkr.com\/fi\/wp-json\/wp\/v2\/product\/664316\/revisions"}],"wp:featuredmedia":[{"embeddable":true,"href":"https:\/\/nextsnkr.com\/fi\/wp-json\/wp\/v2\/media\/664317"}],"wp:attachment":[{"href":"https:\/\/nextsnkr.com\/fi\/wp-json\/wp\/v2\/media?parent=664316"}],"wp:term":[{"taxonomy":"product_brand","embeddable":true,"href":"https:\/\/nextsnkr.com\/fi\/wp-json\/wp\/v2\/product_brand?post=664316"},{"taxonomy":"product_cat","embeddable":true,"href":"https:\/\/nextsnkr.com\/fi\/wp-json\/wp\/v2\/product_cat?post=664316"},{"taxonomy":"product_tag","embeddable":true,"href":"https:\/\/nextsnkr.com\/fi\/wp-json\/wp\/v2\/product_tag?post=664316"}],"curies":[{"name":"wp","href":"https:\/\/api.w.org\/{rel}","templated":true}]}}