{"id":664107,"date":"2025-06-14T15:00:54","date_gmt":"2025-06-14T12:00:54","guid":{"rendered":"https:\/\/nextsnkr.com\/product\/louis-vuitton-2\/"},"modified":"2026-01-30T19:10:07","modified_gmt":"2026-01-30T16:10:07","slug":"louis-vuitton-2","status":"publish","type":"product","link":"https:\/\/nextsnkr.com\/fi\/tuote\/louis-vuitton-2\/","title":{"rendered":"Louis Vuitton laukku on tyylik\u00e4s naisten laukku ekonahasta"},"content":{"rendered":"<h2>Louis Vuitton laukku on tyylik\u00e4s naisten laukku ekonahasta<\/h2>\n<p>Louis Vuitton-laukku on laadukkaasta ekonahasta valmistettu tyylik\u00e4s asuste, joka on suunniteltu jokap\u00e4iv\u00e4iseen k\u00e4ytt\u00f6\u00f6n ja tyylikk\u00e4\u00e4seen ulkon\u00e4k\u00f6\u00f6n. Kevyt, mukava ja tilava, se tarjoaa mukavan sijoittelun kaikkiin tarvittaviin asioihin. Lakoninen muotoilu ja tunnistettava br\u00e4ndityyli tekev\u00e4t t\u00e4st\u00e4 mallista monipuolisen lis\u00e4yksen mihin tahansa vaatekaappiin. T\u00e4ydellinen valinta naisille, jotka arvostavat k\u00e4yt\u00e4nn\u00f6llisyytt\u00e4 ja ensiluokkaista ulkon\u00e4k\u00f6\u00e4.<\/p>\n","protected":false},"excerpt":{"rendered":"<p>Louis Vuitton-laukku on laadukkaasta ekonahasta valmistettu tyylik\u00e4s asuste, joka on suunniteltu jokap\u00e4iv\u00e4iseen k\u00e4ytt\u00f6\u00f6n ja tyylikk\u00e4\u00e4seen ulkon\u00e4k\u00f6\u00f6n. Kevyt, mukava ja tilava, se tarjoaa mukavan sijoittelun kaikkiin tarvittaviin asioihin. Lakoninen muotoilu ja tunnistettava br\u00e4ndityyli tekev\u00e4t t\u00e4st\u00e4 mallista monipuolisen lis\u00e4yksen mihin tahansa vaatekaappiin. T\u00e4ydellinen valinta naisille, jotka arvostavat k\u00e4yt\u00e4nn\u00f6llisyytt\u00e4 ja ensiluokkaista ulkon\u00e4k\u00f6\u00e4.<\/p>\n","protected":false},"featured_media":664108,"comment_status":"open","ping_status":"open","template":"","meta":[],"product_brand":[],"product_cat":[3199,3476],"product_tag":[],"class_list":{"0":"post-664107","1":"product","2":"type-product","3":"status-publish","4":"has-post-thumbnail","6":"product_cat-all-product","7":"product_cat-sumky","8":"pa_rozmir-22kh13","10":"first","11":"instock","12":"purchasable","13":"product-type-simple"},"_links":{"self":[{"href":"https:\/\/nextsnkr.com\/fi\/wp-json\/wp\/v2\/product\/664107","targetHints":{"allow":["GET"]}}],"collection":[{"href":"https:\/\/nextsnkr.com\/fi\/wp-json\/wp\/v2\/product"}],"about":[{"href":"https:\/\/nextsnkr.com\/fi\/wp-json\/wp\/v2\/types\/product"}],"replies":[{"embeddable":true,"href":"https:\/\/nextsnkr.com\/fi\/wp-json\/wp\/v2\/comments?post=664107"}],"version-history":[{"count":0,"href":"https:\/\/nextsnkr.com\/fi\/wp-json\/wp\/v2\/product\/664107\/revisions"}],"wp:featuredmedia":[{"embeddable":true,"href":"https:\/\/nextsnkr.com\/fi\/wp-json\/wp\/v2\/media\/664108"}],"wp:attachment":[{"href":"https:\/\/nextsnkr.com\/fi\/wp-json\/wp\/v2\/media?parent=664107"}],"wp:term":[{"taxonomy":"product_brand","embeddable":true,"href":"https:\/\/nextsnkr.com\/fi\/wp-json\/wp\/v2\/product_brand?post=664107"},{"taxonomy":"product_cat","embeddable":true,"href":"https:\/\/nextsnkr.com\/fi\/wp-json\/wp\/v2\/product_cat?post=664107"},{"taxonomy":"product_tag","embeddable":true,"href":"https:\/\/nextsnkr.com\/fi\/wp-json\/wp\/v2\/product_tag?post=664107"}],"curies":[{"name":"wp","href":"https:\/\/api.w.org\/{rel}","templated":true}]}}