{"id":663308,"date":"2025-06-14T15:01:27","date_gmt":"2025-06-14T12:01:27","guid":{"rendered":"https:\/\/nextsnkr.com\/product\/guess-black\/"},"modified":"2026-01-30T19:09:34","modified_gmt":"2026-01-30T16:09:34","slug":"guess-black","status":"publish","type":"product","link":"https:\/\/nextsnkr.com\/fi\/tuote\/guess-black\/","title":{"rendered":"Guess Black bag on tyylik\u00e4s naisten laukku, joka on valmistettu ekonahasta"},"content":{"rendered":"<h2>Guess Black bag on tyylik\u00e4s naisten laukku, joka on valmistettu ekonahasta<\/h2>\n<p>Guess Black-laukku on tyylik\u00e4s asuste, jossa yhdistyv\u00e4t moderni muotoilu ja k\u00e4yt\u00e4nn\u00f6llisyys. Valmistettu korkealaatuisesta ekonahasta, se kest\u00e4\u00e4 kulutusta ja s\u00e4ilytt\u00e4\u00e4 virheett\u00f6m\u00e4n ulkon\u00e4k\u00f6ns\u00e4 p\u00e4ivitt\u00e4isess\u00e4 k\u00e4yt\u00f6ss\u00e4. Tilavan muodon avulla voit sijoittaa kaikki tarvittavat asiat k\u00e4tev\u00e4sti, ja klassinen musta v\u00e4ri sopii mihin tahansa kuvaan. Guess Black on valinta niille, jotka arvostavat tyyli\u00e4, toimivuutta ja korkeaa laatua.<\/p>\n","protected":false},"excerpt":{"rendered":"<p>Guess Black-laukku on tyylik\u00e4s asuste, jossa yhdistyv\u00e4t moderni muotoilu ja k\u00e4yt\u00e4nn\u00f6llisyys. Valmistettu korkealaatuisesta ekonahasta, se kest\u00e4\u00e4 kulutusta ja s\u00e4ilytt\u00e4\u00e4 virheett\u00f6m\u00e4n ulkon\u00e4k\u00f6ns\u00e4 p\u00e4ivitt\u00e4isess\u00e4 k\u00e4yt\u00f6ss\u00e4. Tilavan muodon avulla voit sijoittaa kaikki tarvittavat asiat k\u00e4tev\u00e4sti, ja klassinen musta v\u00e4ri sopii mihin tahansa kuvaan. Guess Black on valinta niille, jotka arvostavat tyyli\u00e4, toimivuutta ja korkeaa laatua.<\/p>\n","protected":false},"featured_media":663310,"comment_status":"open","ping_status":"open","template":"","meta":[],"product_brand":[],"product_cat":[3199,3476],"product_tag":[],"class_list":{"0":"post-663308","1":"product","2":"type-product","3":"status-publish","4":"has-post-thumbnail","6":"product_cat-all-product","7":"product_cat-sumky","8":"pa_rozmir-20kh13kh5","10":"first","11":"instock","12":"purchasable","13":"product-type-simple"},"_links":{"self":[{"href":"https:\/\/nextsnkr.com\/fi\/wp-json\/wp\/v2\/product\/663308","targetHints":{"allow":["GET"]}}],"collection":[{"href":"https:\/\/nextsnkr.com\/fi\/wp-json\/wp\/v2\/product"}],"about":[{"href":"https:\/\/nextsnkr.com\/fi\/wp-json\/wp\/v2\/types\/product"}],"replies":[{"embeddable":true,"href":"https:\/\/nextsnkr.com\/fi\/wp-json\/wp\/v2\/comments?post=663308"}],"version-history":[{"count":0,"href":"https:\/\/nextsnkr.com\/fi\/wp-json\/wp\/v2\/product\/663308\/revisions"}],"wp:featuredmedia":[{"embeddable":true,"href":"https:\/\/nextsnkr.com\/fi\/wp-json\/wp\/v2\/media\/663310"}],"wp:attachment":[{"href":"https:\/\/nextsnkr.com\/fi\/wp-json\/wp\/v2\/media?parent=663308"}],"wp:term":[{"taxonomy":"product_brand","embeddable":true,"href":"https:\/\/nextsnkr.com\/fi\/wp-json\/wp\/v2\/product_brand?post=663308"},{"taxonomy":"product_cat","embeddable":true,"href":"https:\/\/nextsnkr.com\/fi\/wp-json\/wp\/v2\/product_cat?post=663308"},{"taxonomy":"product_tag","embeddable":true,"href":"https:\/\/nextsnkr.com\/fi\/wp-json\/wp\/v2\/product_tag?post=663308"}],"curies":[{"name":"wp","href":"https:\/\/api.w.org\/{rel}","templated":true}]}}