{"id":663114,"date":"2025-06-14T15:01:39","date_gmt":"2025-06-14T12:01:39","guid":{"rendered":"https:\/\/nextsnkr.com\/product\/guess\/"},"modified":"2026-01-30T19:09:13","modified_gmt":"2026-01-30T16:09:13","slug":"guess","status":"publish","type":"product","link":"https:\/\/nextsnkr.com\/fi\/tuote\/guess\/","title":{"rendered":"Guess Eco-nahkalaukku on tyylik\u00e4s naisten rento malli"},"content":{"rendered":"<h2>Guess Eco-nahkalaukku on tyylik\u00e4s naisten rento malli<\/h2>\n<p>Guess-laukku on valmistettu korkealaatuisesta ekonahasta, jossa yhdistyv\u00e4t tyylik\u00e4s ulkon\u00e4k\u00f6 ja k\u00e4yt\u00e4nn\u00f6llisyys. Mallissa on siisti muotoilu, mukavuus p\u00e4ivitt\u00e4isess\u00e4 k\u00e4yt\u00f6ss\u00e4 ja monipuolisuus mihin tahansa ulkoasuun. Kest\u00e4v\u00e4 materiaali pit\u00e4\u00e4 muotonsa hyvin, ja Guess-tuotemerkki lis\u00e4\u00e4 tuotteeseen eleganssia ja statusta. T\u00e4m\u00e4 laukku on loistava valinta naisille, jotka arvostavat laatua, mukavuutta ja modernia tyyli\u00e4.<\/p>\n","protected":false},"excerpt":{"rendered":"<p>Guess-laukku on valmistettu korkealaatuisesta ekonahasta, jossa yhdistyv\u00e4t tyylik\u00e4s ulkon\u00e4k\u00f6 ja k\u00e4yt\u00e4nn\u00f6llisyys. Mallissa on siisti muotoilu, mukavuus p\u00e4ivitt\u00e4isess\u00e4 k\u00e4yt\u00f6ss\u00e4 ja monipuolisuus mihin tahansa ulkoasuun. Kest\u00e4v\u00e4 materiaali pit\u00e4\u00e4 muotonsa hyvin, ja Guess-tuotemerkki lis\u00e4\u00e4 tuotteeseen eleganssia ja statusta. T\u00e4m\u00e4 laukku on loistava valinta naisille, jotka arvostavat laatua, mukavuutta ja modernia tyyli\u00e4.<\/p>\n","protected":false},"featured_media":663116,"comment_status":"open","ping_status":"open","template":"","meta":[],"product_brand":[],"product_cat":[3199,3476],"product_tag":[],"class_list":{"0":"post-663114","1":"product","2":"type-product","3":"status-publish","4":"has-post-thumbnail","6":"product_cat-all-product","7":"product_cat-sumky","8":"pa_rozmir-29x16","10":"first","11":"instock","12":"purchasable","13":"product-type-simple"},"_links":{"self":[{"href":"https:\/\/nextsnkr.com\/fi\/wp-json\/wp\/v2\/product\/663114","targetHints":{"allow":["GET"]}}],"collection":[{"href":"https:\/\/nextsnkr.com\/fi\/wp-json\/wp\/v2\/product"}],"about":[{"href":"https:\/\/nextsnkr.com\/fi\/wp-json\/wp\/v2\/types\/product"}],"replies":[{"embeddable":true,"href":"https:\/\/nextsnkr.com\/fi\/wp-json\/wp\/v2\/comments?post=663114"}],"version-history":[{"count":0,"href":"https:\/\/nextsnkr.com\/fi\/wp-json\/wp\/v2\/product\/663114\/revisions"}],"wp:featuredmedia":[{"embeddable":true,"href":"https:\/\/nextsnkr.com\/fi\/wp-json\/wp\/v2\/media\/663116"}],"wp:attachment":[{"href":"https:\/\/nextsnkr.com\/fi\/wp-json\/wp\/v2\/media?parent=663114"}],"wp:term":[{"taxonomy":"product_brand","embeddable":true,"href":"https:\/\/nextsnkr.com\/fi\/wp-json\/wp\/v2\/product_brand?post=663114"},{"taxonomy":"product_cat","embeddable":true,"href":"https:\/\/nextsnkr.com\/fi\/wp-json\/wp\/v2\/product_cat?post=663114"},{"taxonomy":"product_tag","embeddable":true,"href":"https:\/\/nextsnkr.com\/fi\/wp-json\/wp\/v2\/product_tag?post=663114"}],"curies":[{"name":"wp","href":"https:\/\/api.w.org\/{rel}","templated":true}]}}