{"id":662345,"date":"2025-06-14T15:02:55","date_gmt":"2025-06-14T12:02:55","guid":{"rendered":"https:\/\/nextsnkr.com\/product\/marc-jacobs-tote-bag\/"},"modified":"2026-01-30T19:08:39","modified_gmt":"2026-01-30T16:08:39","slug":"marc-jacobs-tote-bag","status":"publish","type":"product","link":"https:\/\/nextsnkr.com\/fi\/tuote\/marc-jacobs-tote-bag\/","title":{"rendered":"Marc Jacobs kangaskassi on tyylik\u00e4s tekstiilinen naisten ostoskassi"},"content":{"rendered":"<h2>Marc Jacobs kangaskassi on tyylik\u00e4s tekstiilinen naisten ostoskassi<\/h2>\n<p>Marc Jacobs kangaskassi on monipuolinen Tekstiili malli suunniteltu p\u00e4ivitt\u00e4iseen k\u00e4ytt\u00f6\u00f6n. Valmistettu kest\u00e4v\u00e4st\u00e4 ja kevyest\u00e4 materiaalista, se s\u00e4ilytt\u00e4\u00e4 muotonsa ja kest\u00e4\u00e4 kuormia, joten se on ihanteellinen ostoksille, matkoille tai kaupunkik\u00e4velyille. Tilavaan sis\u00e4osastoon voit k\u00e4tev\u00e4sti sijoittaa kaikki tarvittavat tavarat. Tyylik\u00e4s Marc Jacobsin yrityssuunnittelu t\u00e4ydent\u00e4\u00e4 mit\u00e4 tahansa modernia ilmett\u00e4. valitse Kangaskassi-toiminnallisuutta ja eleganssia jokaisessa yksityiskohdassa.<\/p>\n","protected":false},"excerpt":{"rendered":"<p>Marc Jacobs kangaskassi on monipuolinen Tekstiili malli suunniteltu p\u00e4ivitt\u00e4iseen k\u00e4ytt\u00f6\u00f6n. Valmistettu kest\u00e4v\u00e4st\u00e4 ja kevyest\u00e4 materiaalista, se s\u00e4ilytt\u00e4\u00e4 muotonsa ja kest\u00e4\u00e4 kuormia, joten se on ihanteellinen ostoksille, matkoille tai kaupunkik\u00e4velyille. Tilavaan sis\u00e4osastoon voit k\u00e4tev\u00e4sti sijoittaa kaikki tarvittavat tavarat. Tyylik\u00e4s Marc Jacobsin yrityssuunnittelu t\u00e4ydent\u00e4\u00e4 mit\u00e4 tahansa modernia ilmett\u00e4. valitse Kangaskassi-toiminnallisuutta ja eleganssia jokaisessa yksityiskohdassa.<\/p>\n","protected":false},"featured_media":662350,"comment_status":"open","ping_status":"open","template":"","meta":[],"product_brand":[],"product_cat":[3199,3476],"product_tag":[],"class_list":{"0":"post-662345","1":"product","2":"type-product","3":"status-publish","4":"has-post-thumbnail","6":"product_cat-all-product","7":"product_cat-sumky","8":"pa_rozmir-34kh26","10":"first","11":"instock","12":"purchasable","13":"product-type-simple"},"_links":{"self":[{"href":"https:\/\/nextsnkr.com\/fi\/wp-json\/wp\/v2\/product\/662345","targetHints":{"allow":["GET"]}}],"collection":[{"href":"https:\/\/nextsnkr.com\/fi\/wp-json\/wp\/v2\/product"}],"about":[{"href":"https:\/\/nextsnkr.com\/fi\/wp-json\/wp\/v2\/types\/product"}],"replies":[{"embeddable":true,"href":"https:\/\/nextsnkr.com\/fi\/wp-json\/wp\/v2\/comments?post=662345"}],"version-history":[{"count":0,"href":"https:\/\/nextsnkr.com\/fi\/wp-json\/wp\/v2\/product\/662345\/revisions"}],"wp:featuredmedia":[{"embeddable":true,"href":"https:\/\/nextsnkr.com\/fi\/wp-json\/wp\/v2\/media\/662350"}],"wp:attachment":[{"href":"https:\/\/nextsnkr.com\/fi\/wp-json\/wp\/v2\/media?parent=662345"}],"wp:term":[{"taxonomy":"product_brand","embeddable":true,"href":"https:\/\/nextsnkr.com\/fi\/wp-json\/wp\/v2\/product_brand?post=662345"},{"taxonomy":"product_cat","embeddable":true,"href":"https:\/\/nextsnkr.com\/fi\/wp-json\/wp\/v2\/product_cat?post=662345"},{"taxonomy":"product_tag","embeddable":true,"href":"https:\/\/nextsnkr.com\/fi\/wp-json\/wp\/v2\/product_tag?post=662345"}],"curies":[{"name":"wp","href":"https:\/\/api.w.org\/{rel}","templated":true}]}}