{"id":662133,"date":"2025-06-14T15:03:04","date_gmt":"2025-06-14T12:03:04","guid":{"rendered":"https:\/\/nextsnkr.com\/product\/marc-jacobs-tote-bag-2\/"},"modified":"2026-01-30T19:08:31","modified_gmt":"2026-01-30T16:08:31","slug":"marc-jacobs-tote-bag-2","status":"publish","type":"product","link":"https:\/\/nextsnkr.com\/fi\/tuote\/marc-jacobs-tote-bag-2\/","title":{"rendered":"Ekologisesta nahasta valmistettu Marc Jacobs-kangaskassi on tyylik\u00e4s naisten malli"},"content":{"rendered":"<h2>Ekologisesta nahasta valmistettu Marc Jacobs-kangaskassi on tyylik\u00e4s naisten malli<\/h2>\n<p>Marc Jacobs Tote Bag on tyylik\u00e4s ja k\u00e4yt\u00e4nn\u00f6llinen laukku, joka on valmistettu korkealaatuisesta ekonahasta ja suunniteltu p\u00e4ivitt\u00e4iseen k\u00e4ytt\u00f6\u00f6n. Tilava sis\u00e4inen tilavuus mahdollistaa kaikkien tarvittavien tavaroiden asettamisen k\u00e4tev\u00e4sti, ja kest\u00e4v\u00e4 materiaali takaa kest\u00e4vyyden. Marc Jacobsin lakoninen muotoilu ja yritysidentiteetti tekev\u00e4t laukusta monipuolisen ty\u00f6h\u00f6n, opiskeluun tai k\u00e4velyyn. T\u00e4ydellinen valinta naisille, jotka arvostavat toiminnallisuuden ja modernin estetiikan yhdistelm\u00e4\u00e4.<\/p>\n","protected":false},"excerpt":{"rendered":"<p>Marc Jacobs Tote Bag on tyylik\u00e4s ja k\u00e4yt\u00e4nn\u00f6llinen laukku, joka on valmistettu korkealaatuisesta ekonahasta ja suunniteltu p\u00e4ivitt\u00e4iseen k\u00e4ytt\u00f6\u00f6n. Tilava sis\u00e4inen tilavuus mahdollistaa kaikkien tarvittavien tavaroiden asettamisen k\u00e4tev\u00e4sti, ja kest\u00e4v\u00e4 materiaali takaa kest\u00e4vyyden. Marc Jacobsin lakoninen muotoilu ja yritysidentiteetti tekev\u00e4t laukusta monipuolisen ty\u00f6h\u00f6n, opiskeluun tai k\u00e4velyyn. T\u00e4ydellinen valinta naisille, jotka arvostavat toiminnallisuuden ja modernin estetiikan yhdistelm\u00e4\u00e4.<\/p>\n","protected":false},"featured_media":662136,"comment_status":"open","ping_status":"open","template":"","meta":[],"product_brand":[],"product_cat":[3199,3476],"product_tag":[],"class_list":{"0":"post-662133","1":"product","2":"type-product","3":"status-publish","4":"has-post-thumbnail","6":"product_cat-all-product","7":"product_cat-sumky","8":"pa_rozmir-21kh16","10":"first","11":"instock","12":"purchasable","13":"product-type-simple"},"_links":{"self":[{"href":"https:\/\/nextsnkr.com\/fi\/wp-json\/wp\/v2\/product\/662133","targetHints":{"allow":["GET"]}}],"collection":[{"href":"https:\/\/nextsnkr.com\/fi\/wp-json\/wp\/v2\/product"}],"about":[{"href":"https:\/\/nextsnkr.com\/fi\/wp-json\/wp\/v2\/types\/product"}],"replies":[{"embeddable":true,"href":"https:\/\/nextsnkr.com\/fi\/wp-json\/wp\/v2\/comments?post=662133"}],"version-history":[{"count":0,"href":"https:\/\/nextsnkr.com\/fi\/wp-json\/wp\/v2\/product\/662133\/revisions"}],"wp:featuredmedia":[{"embeddable":true,"href":"https:\/\/nextsnkr.com\/fi\/wp-json\/wp\/v2\/media\/662136"}],"wp:attachment":[{"href":"https:\/\/nextsnkr.com\/fi\/wp-json\/wp\/v2\/media?parent=662133"}],"wp:term":[{"taxonomy":"product_brand","embeddable":true,"href":"https:\/\/nextsnkr.com\/fi\/wp-json\/wp\/v2\/product_brand?post=662133"},{"taxonomy":"product_cat","embeddable":true,"href":"https:\/\/nextsnkr.com\/fi\/wp-json\/wp\/v2\/product_cat?post=662133"},{"taxonomy":"product_tag","embeddable":true,"href":"https:\/\/nextsnkr.com\/fi\/wp-json\/wp\/v2\/product_tag?post=662133"}],"curies":[{"name":"wp","href":"https:\/\/api.w.org\/{rel}","templated":true}]}}