{"id":661543,"date":"2025-06-14T15:03:32","date_gmt":"2025-06-14T12:03:32","guid":{"rendered":"https:\/\/nextsnkr.com\/product\/karl-lagerfeld-2\/"},"modified":"2026-01-30T19:08:10","modified_gmt":"2026-01-30T16:08:10","slug":"karl-lagerfeld-2","status":"publish","type":"product","link":"https:\/\/nextsnkr.com\/fi\/tuote\/karl-lagerfeld-2\/","title":{"rendered":"Karl Lagerfeld laukku-naisten Tyylik\u00e4s Eko-nahkainen laukku"},"content":{"rendered":"<h2>Karl Lagerfeld laukku-naisten Tyylik\u00e4s Eko-nahkainen laukku<\/h2>\n<p>Karl Lagerfeld laukku on tyylik\u00e4s naisten malli, joka on valmistettu korkealaatuisesta ekonahasta. Siin\u00e4 on moderni muotoilu, harkittu muoto ja monipuolisuus, joka sopii sek\u00e4 p\u00e4ivitt\u00e4iseen k\u00e4ytt\u00f6\u00f6n ett\u00e4 erikoistilaisuuksiin. Kest\u00e4v\u00e4 materiaali takaa kest\u00e4vyyden, ja Karl Lagerfeld-br\u00e4ndi lis\u00e4\u00e4 tuotteeseen statusta ja tyyli\u00e4. Valitse t\u00e4m\u00e4 laukku korostaaksesi persoonallisuuttasi ja t\u00e4ydent\u00e4\u00e4ksesi ilmett\u00e4 trendikk\u00e4\u00e4ll\u00e4 asusteella.<\/p>\n","protected":false},"excerpt":{"rendered":"<p>Karl Lagerfeld laukku on tyylik\u00e4s naisten malli, joka on valmistettu korkealaatuisesta ekonahasta. Siin\u00e4 on moderni muotoilu, harkittu muoto ja monipuolisuus, joka sopii sek\u00e4 p\u00e4ivitt\u00e4iseen k\u00e4ytt\u00f6\u00f6n ett\u00e4 erikoistilaisuuksiin. Kest\u00e4v\u00e4 materiaali takaa kest\u00e4vyyden, ja Karl Lagerfeld-br\u00e4ndi lis\u00e4\u00e4 tuotteeseen statusta ja tyyli\u00e4. Valitse t\u00e4m\u00e4 laukku korostaaksesi persoonallisuuttasi ja t\u00e4ydent\u00e4\u00e4ksesi ilmett\u00e4 trendikk\u00e4\u00e4ll\u00e4 asusteella.<\/p>\n","protected":false},"featured_media":661552,"comment_status":"open","ping_status":"open","template":"","meta":[],"product_brand":[],"product_cat":[3199,3476],"product_tag":[],"class_list":{"0":"post-661543","1":"product","2":"type-product","3":"status-publish","4":"has-post-thumbnail","6":"product_cat-all-product","7":"product_cat-sumky","8":"pa_rozmir-33kh24","10":"first","11":"instock","12":"purchasable","13":"product-type-simple"},"_links":{"self":[{"href":"https:\/\/nextsnkr.com\/fi\/wp-json\/wp\/v2\/product\/661543","targetHints":{"allow":["GET"]}}],"collection":[{"href":"https:\/\/nextsnkr.com\/fi\/wp-json\/wp\/v2\/product"}],"about":[{"href":"https:\/\/nextsnkr.com\/fi\/wp-json\/wp\/v2\/types\/product"}],"replies":[{"embeddable":true,"href":"https:\/\/nextsnkr.com\/fi\/wp-json\/wp\/v2\/comments?post=661543"}],"version-history":[{"count":0,"href":"https:\/\/nextsnkr.com\/fi\/wp-json\/wp\/v2\/product\/661543\/revisions"}],"wp:featuredmedia":[{"embeddable":true,"href":"https:\/\/nextsnkr.com\/fi\/wp-json\/wp\/v2\/media\/661552"}],"wp:attachment":[{"href":"https:\/\/nextsnkr.com\/fi\/wp-json\/wp\/v2\/media?parent=661543"}],"wp:term":[{"taxonomy":"product_brand","embeddable":true,"href":"https:\/\/nextsnkr.com\/fi\/wp-json\/wp\/v2\/product_brand?post=661543"},{"taxonomy":"product_cat","embeddable":true,"href":"https:\/\/nextsnkr.com\/fi\/wp-json\/wp\/v2\/product_cat?post=661543"},{"taxonomy":"product_tag","embeddable":true,"href":"https:\/\/nextsnkr.com\/fi\/wp-json\/wp\/v2\/product_tag?post=661543"}],"curies":[{"name":"wp","href":"https:\/\/api.w.org\/{rel}","templated":true}]}}