{"id":660195,"date":"2025-06-14T15:05:41","date_gmt":"2025-06-14T12:05:41","guid":{"rendered":"https:\/\/nextsnkr.com\/product\/yslpuffer-chain\/"},"modified":"2026-01-30T19:06:58","modified_gmt":"2026-01-30T16:06:58","slug":"yslpuffer-chain","status":"publish","type":"product","link":"https:\/\/nextsnkr.com\/fi\/tuote\/yslpuffer-chain\/","title":{"rendered":"YSL Puffer Chain bag on tyylik\u00e4s naisten laukku, joka on valmistettu ekonahasta"},"content":{"rendered":"<h2>YSL Puffer Chain bag on tyylik\u00e4s naisten laukku, joka on valmistettu ekonahasta<\/h2>\n<p>YSL Puffer-Ketjukassi on muodikas ja monipuolinen malli, joka on valmistettu korkealaatuisesta ekonahasta pehme\u00e4ll\u00e4 &#8221;puffer&#8221; &#8211; tekstuurilla. Tyylikk\u00e4\u00e4n ketjuhihnan ja siistien asusteiden ansiosta laukku t\u00e4ydent\u00e4\u00e4 niin rentoa kuin iltaakin. Tilavaan sis\u00e4lokeroon voit k\u00e4tev\u00e4sti sijoittaa tarvittavat tavarat. Valitse YSL Puffer-ketju korostaaksesi modernia tyyli\u00e4si ja eleganssiasi. Koodi: 16051-241332.<\/p>\n","protected":false},"excerpt":{"rendered":"<p>YSL Puffer-Ketjukassi on muodikas ja monipuolinen malli, joka on valmistettu korkealaatuisesta ekonahasta pehme\u00e4ll\u00e4 &#8221;puffer&#8221; &#8211; tekstuurilla. Tyylikk\u00e4\u00e4n ketjuhihnan ja siistien asusteiden ansiosta laukku t\u00e4ydent\u00e4\u00e4 niin rentoa kuin iltaakin. Tilavaan sis\u00e4lokeroon voit k\u00e4tev\u00e4sti sijoittaa tarvittavat tavarat. Valitse YSL Puffer-ketju korostaaksesi modernia tyyli\u00e4si ja eleganssiasi. Koodi: 16051-241332.<\/p>\n","protected":false},"featured_media":660199,"comment_status":"open","ping_status":"open","template":"","meta":[],"product_brand":[],"product_cat":[3199,3476],"product_tag":[],"class_list":{"0":"post-660195","1":"product","2":"type-product","3":"status-publish","4":"has-post-thumbnail","6":"product_cat-all-product","7":"product_cat-sumky","8":"pa_rozmir-35kh16kh9","10":"first","11":"instock","12":"purchasable","13":"product-type-simple"},"_links":{"self":[{"href":"https:\/\/nextsnkr.com\/fi\/wp-json\/wp\/v2\/product\/660195","targetHints":{"allow":["GET"]}}],"collection":[{"href":"https:\/\/nextsnkr.com\/fi\/wp-json\/wp\/v2\/product"}],"about":[{"href":"https:\/\/nextsnkr.com\/fi\/wp-json\/wp\/v2\/types\/product"}],"replies":[{"embeddable":true,"href":"https:\/\/nextsnkr.com\/fi\/wp-json\/wp\/v2\/comments?post=660195"}],"version-history":[{"count":0,"href":"https:\/\/nextsnkr.com\/fi\/wp-json\/wp\/v2\/product\/660195\/revisions"}],"wp:featuredmedia":[{"embeddable":true,"href":"https:\/\/nextsnkr.com\/fi\/wp-json\/wp\/v2\/media\/660199"}],"wp:attachment":[{"href":"https:\/\/nextsnkr.com\/fi\/wp-json\/wp\/v2\/media?parent=660195"}],"wp:term":[{"taxonomy":"product_brand","embeddable":true,"href":"https:\/\/nextsnkr.com\/fi\/wp-json\/wp\/v2\/product_brand?post=660195"},{"taxonomy":"product_cat","embeddable":true,"href":"https:\/\/nextsnkr.com\/fi\/wp-json\/wp\/v2\/product_cat?post=660195"},{"taxonomy":"product_tag","embeddable":true,"href":"https:\/\/nextsnkr.com\/fi\/wp-json\/wp\/v2\/product_tag?post=660195"}],"curies":[{"name":"wp","href":"https:\/\/api.w.org\/{rel}","templated":true}]}}