{"id":660089,"date":"2025-06-14T15:05:47","date_gmt":"2025-06-14T12:05:47","guid":{"rendered":"https:\/\/nextsnkr.com\/product\/yves-saint-laurent\/"},"modified":"2026-01-30T19:06:50","modified_gmt":"2026-01-30T16:06:50","slug":"yves-saint-laurent","status":"publish","type":"product","link":"https:\/\/nextsnkr.com\/fi\/tuote\/yves-saint-laurent\/","title":{"rendered":"Yves Saint Laurent ekonahkainen laukku on tyylik\u00e4s klassinen malli"},"content":{"rendered":"<h2>Yves Saint Laurent ekonahkainen laukku on tyylik\u00e4s klassinen malli<\/h2>\n<p>Yves Saint Laurent laukku on valmistettu korkealaatuisesta ekonahasta, jossa yhdistyv\u00e4t tyylik\u00e4s ulkon\u00e4k\u00f6 ja k\u00e4yt\u00e4nn\u00f6llisyys. Tiivis muotoilu ja harkittu muoto tekev\u00e4t mallista monipuolisen p\u00e4ivitt\u00e4iseen k\u00e4ytt\u00f6\u00f6n ja erityistilaisuuksiin. Tilavaan sis\u00e4lokeroon voit k\u00e4tev\u00e4sti sijoittaa kaikki tarvittavat tavarat. Tyylik\u00e4s ja moderni laukku tulee onnistunut aksentti vaatekaappi ja lis\u00e4t\u00e4 hienostuneisuutta kuvan.<\/p>\n","protected":false},"excerpt":{"rendered":"<p>Yves Saint Laurent laukku on valmistettu korkealaatuisesta ekonahasta, jossa yhdistyv\u00e4t tyylik\u00e4s ulkon\u00e4k\u00f6 ja k\u00e4yt\u00e4nn\u00f6llisyys. Tiivis muotoilu ja harkittu muoto tekev\u00e4t mallista monipuolisen p\u00e4ivitt\u00e4iseen k\u00e4ytt\u00f6\u00f6n ja erityistilaisuuksiin. Tilavaan sis\u00e4lokeroon voit k\u00e4tev\u00e4sti sijoittaa kaikki tarvittavat tavarat. Tyylik\u00e4s ja moderni laukku tulee onnistunut aksentti vaatekaappi ja lis\u00e4t\u00e4 hienostuneisuutta kuvan.<\/p>\n","protected":false},"featured_media":660090,"comment_status":"open","ping_status":"open","template":"","meta":[],"product_brand":[],"product_cat":[3199,3476],"product_tag":[],"class_list":{"0":"post-660089","1":"product","2":"type-product","3":"status-publish","4":"has-post-thumbnail","6":"product_cat-all-product","7":"product_cat-sumky","8":"pa_rozmir-22kh18","10":"first","11":"instock","12":"purchasable","13":"product-type-simple"},"_links":{"self":[{"href":"https:\/\/nextsnkr.com\/fi\/wp-json\/wp\/v2\/product\/660089","targetHints":{"allow":["GET"]}}],"collection":[{"href":"https:\/\/nextsnkr.com\/fi\/wp-json\/wp\/v2\/product"}],"about":[{"href":"https:\/\/nextsnkr.com\/fi\/wp-json\/wp\/v2\/types\/product"}],"replies":[{"embeddable":true,"href":"https:\/\/nextsnkr.com\/fi\/wp-json\/wp\/v2\/comments?post=660089"}],"version-history":[{"count":0,"href":"https:\/\/nextsnkr.com\/fi\/wp-json\/wp\/v2\/product\/660089\/revisions"}],"wp:featuredmedia":[{"embeddable":true,"href":"https:\/\/nextsnkr.com\/fi\/wp-json\/wp\/v2\/media\/660090"}],"wp:attachment":[{"href":"https:\/\/nextsnkr.com\/fi\/wp-json\/wp\/v2\/media?parent=660089"}],"wp:term":[{"taxonomy":"product_brand","embeddable":true,"href":"https:\/\/nextsnkr.com\/fi\/wp-json\/wp\/v2\/product_brand?post=660089"},{"taxonomy":"product_cat","embeddable":true,"href":"https:\/\/nextsnkr.com\/fi\/wp-json\/wp\/v2\/product_cat?post=660089"},{"taxonomy":"product_tag","embeddable":true,"href":"https:\/\/nextsnkr.com\/fi\/wp-json\/wp\/v2\/product_tag?post=660089"}],"curies":[{"name":"wp","href":"https:\/\/api.w.org\/{rel}","templated":true}]}}