{"id":659532,"date":"2025-06-14T15:06:58","date_gmt":"2025-06-14T12:06:58","guid":{"rendered":"https:\/\/nextsnkr.com\/product\/air-force-1-low-07-se-white\/"},"modified":"2026-01-30T19:06:32","modified_gmt":"2026-01-30T16:06:32","slug":"air-force-1-low-07-se-white","status":"publish","type":"product","link":"https:\/\/nextsnkr.com\/fi\/tuote\/air-force-1-low-07-se-white\/","title":{"rendered":"Air Force 1 Low 07 se valkoiset tennarit-klassinen nahka miesten"},"content":{"rendered":"<h2>Air Force 1 Low 07 se valkoiset tennarit-klassinen nahka miesten<\/h2>\n<p>Air Force 1 Low 07 se valkoiset tennarit ovat legendaarinen malli, jossa yhdistyv\u00e4t tyyli, mukavuus ja kest\u00e4vyys. Valmistettu korkealaatuisesta nahasta, ne tarjoavat kest\u00e4vyytt\u00e4, kulutuskest\u00e4vyytt\u00e4 ja mukavan istuvuuden. Klassinen valkoinen muotoilu voidaan helposti yhdist\u00e4\u00e4 mihin tahansa vaatekaappiin korostaen kuvan puhtautta ja eleganssia. Pehmusteen ja luotettavan pohjan ansiosta malli Sopii p\u00e4ivitt\u00e4iseen k\u00e4ytt\u00f6\u00f6n. Valitse Air Force 1-todistettu klassikko, joka on aina muodissa.<\/p>\n","protected":false},"excerpt":{"rendered":"<p>Air Force 1 Low 07 se valkoiset tennarit ovat legendaarinen malli, jossa yhdistyv\u00e4t tyyli, mukavuus ja kest\u00e4vyys. Valmistettu korkealaatuisesta nahasta, ne tarjoavat kest\u00e4vyytt\u00e4, kulutuskest\u00e4vyytt\u00e4 ja mukavan istuvuuden. Klassinen valkoinen muotoilu voidaan helposti yhdist\u00e4\u00e4 mihin tahansa vaatekaappiin korostaen kuvan puhtautta ja eleganssia. Pehmusteen ja luotettavan pohjan ansiosta malli Sopii p\u00e4ivitt\u00e4iseen k\u00e4ytt\u00f6\u00f6n. Valitse Air Force 1-todistettu klassikko, joka on aina muodissa.<\/p>\n","protected":false},"featured_media":659533,"comment_status":"open","ping_status":"open","template":"","meta":[],"product_brand":[],"product_cat":[3199,3318],"product_tag":[],"class_list":{"0":"post-659532","1":"product","2":"type-product","3":"status-publish","4":"has-post-thumbnail","6":"product_cat-all-product","7":"product_cat-kedy","8":"pa_rozmir-910","9":"pa_rozmir-912","10":"pa_rozmir-914","11":"pa_rozmir-915","12":"pa_rozmir-916","13":"pa_rozmir-917","14":"pa_rozmir-918","15":"pa_rozmir-919","16":"pa_rozmir-920","17":"pa_rozmir-921","18":"pa_rozmir-922","20":"first","21":"instock","22":"purchasable","23":"product-type-variable"},"_links":{"self":[{"href":"https:\/\/nextsnkr.com\/fi\/wp-json\/wp\/v2\/product\/659532","targetHints":{"allow":["GET"]}}],"collection":[{"href":"https:\/\/nextsnkr.com\/fi\/wp-json\/wp\/v2\/product"}],"about":[{"href":"https:\/\/nextsnkr.com\/fi\/wp-json\/wp\/v2\/types\/product"}],"replies":[{"embeddable":true,"href":"https:\/\/nextsnkr.com\/fi\/wp-json\/wp\/v2\/comments?post=659532"}],"version-history":[{"count":0,"href":"https:\/\/nextsnkr.com\/fi\/wp-json\/wp\/v2\/product\/659532\/revisions"}],"wp:featuredmedia":[{"embeddable":true,"href":"https:\/\/nextsnkr.com\/fi\/wp-json\/wp\/v2\/media\/659533"}],"wp:attachment":[{"href":"https:\/\/nextsnkr.com\/fi\/wp-json\/wp\/v2\/media?parent=659532"}],"wp:term":[{"taxonomy":"product_brand","embeddable":true,"href":"https:\/\/nextsnkr.com\/fi\/wp-json\/wp\/v2\/product_brand?post=659532"},{"taxonomy":"product_cat","embeddable":true,"href":"https:\/\/nextsnkr.com\/fi\/wp-json\/wp\/v2\/product_cat?post=659532"},{"taxonomy":"product_tag","embeddable":true,"href":"https:\/\/nextsnkr.com\/fi\/wp-json\/wp\/v2\/product_tag?post=659532"}],"curies":[{"name":"wp","href":"https:\/\/api.w.org\/{rel}","templated":true}]}}