{"id":659023,"date":"2025-06-14T21:32:27","date_gmt":"2025-06-14T18:32:27","guid":{"rendered":"https:\/\/nextsnkr.com\/product\/ugg-classic-short-light-blue-rasprodazha\/"},"modified":"2026-01-30T19:06:03","modified_gmt":"2026-01-30T16:06:03","slug":"ugg-classic-short-light-blue-rasprodazha","status":"publish","type":"product","link":"https:\/\/nextsnkr.com\/fi\/tuote\/ugg-classic-short-light-blue-rasprodazha\/","title":{"rendered":"UGG Classic Lyhyet vaaleansiniset saappaat-mokkanahka tekoturkiksella"},"content":{"rendered":"<h2>UGG Classic Lyhyet vaaleansiniset saappaat-mokkanahka tekoturkiksella<\/h2>\n<p>UGG classic Lyhyet vaaleansiniset saappaat ovat tyylik\u00e4s ja mukava malli kylm\u00e4\u00e4n vuodenaikaan. Valmistettu pehme\u00e4st\u00e4 mokkanahasta ja tekoturkiksesta, ne tarjoavat l\u00e4mp\u00f6\u00e4 ja mukavuutta koko p\u00e4iv\u00e4n ajan. Klassinen lyhyt malli voidaan helposti yhdist\u00e4\u00e4 mihin tahansa kuvaan, ja herkk\u00e4 sininen v\u00e4ri lis\u00e4\u00e4 raikkautta ja nykyaikaisuutta. Ihanteellinen p\u00e4ivitt\u00e4iseen k\u00e4ytt\u00f6\u00f6n ja k\u00e4velyyn kylm\u00e4ll\u00e4 s\u00e4\u00e4ll\u00e4. Valmistaja on Australia. Valitse Ugg classic lyhyt Vaaleansininen l\u00e4mp\u00f6\u00e4, tyyli\u00e4 ja mukavuutta. Koodi: UG039-108523.<\/p>\n","protected":false},"excerpt":{"rendered":"<p>UGG classic Lyhyet vaaleansiniset saappaat ovat tyylik\u00e4s ja mukava malli kylm\u00e4\u00e4n vuodenaikaan. Valmistettu pehme\u00e4st\u00e4 mokkanahasta ja tekoturkiksesta, ne tarjoavat l\u00e4mp\u00f6\u00e4 ja mukavuutta koko p\u00e4iv\u00e4n ajan. Klassinen lyhyt malli voidaan helposti yhdist\u00e4\u00e4 mihin tahansa kuvaan, ja herkk\u00e4 sininen v\u00e4ri lis\u00e4\u00e4 raikkautta ja nykyaikaisuutta. Ihanteellinen p\u00e4ivitt\u00e4iseen k\u00e4ytt\u00f6\u00f6n ja k\u00e4velyyn kylm\u00e4ll\u00e4 s\u00e4\u00e4ll\u00e4. Valmistaja on Australia. Valitse Ugg classic lyhyt Vaaleansininen l\u00e4mp\u00f6\u00e4, tyyli\u00e4 ja mukavuutta. Koodi: UG039-108523.<\/p>\n","protected":false},"featured_media":659024,"comment_status":"open","ping_status":"open","template":"","meta":[],"product_brand":[],"product_cat":[3407,3199],"product_tag":[],"class_list":{"0":"post-659023","1":"product","2":"type-product","3":"status-publish","4":"has-post-thumbnail","6":"product_cat-ugg","7":"product_cat-all-product","8":"pa_rozmir-923","9":"pa_rozmir-910","10":"pa_rozmir-912","11":"pa_rozmir-914","12":"pa_rozmir-915","13":"pa_rozmir-916","14":"pa_rozmir-917","15":"pa_rozmir-918","16":"pa_rozmir-919","17":"pa_rozmir-920","18":"pa_rozmir-921","20":"first","21":"onbackorder","22":"purchasable","23":"product-type-variable"},"_links":{"self":[{"href":"https:\/\/nextsnkr.com\/fi\/wp-json\/wp\/v2\/product\/659023","targetHints":{"allow":["GET"]}}],"collection":[{"href":"https:\/\/nextsnkr.com\/fi\/wp-json\/wp\/v2\/product"}],"about":[{"href":"https:\/\/nextsnkr.com\/fi\/wp-json\/wp\/v2\/types\/product"}],"replies":[{"embeddable":true,"href":"https:\/\/nextsnkr.com\/fi\/wp-json\/wp\/v2\/comments?post=659023"}],"version-history":[{"count":0,"href":"https:\/\/nextsnkr.com\/fi\/wp-json\/wp\/v2\/product\/659023\/revisions"}],"wp:featuredmedia":[{"embeddable":true,"href":"https:\/\/nextsnkr.com\/fi\/wp-json\/wp\/v2\/media\/659024"}],"wp:attachment":[{"href":"https:\/\/nextsnkr.com\/fi\/wp-json\/wp\/v2\/media?parent=659023"}],"wp:term":[{"taxonomy":"product_brand","embeddable":true,"href":"https:\/\/nextsnkr.com\/fi\/wp-json\/wp\/v2\/product_brand?post=659023"},{"taxonomy":"product_cat","embeddable":true,"href":"https:\/\/nextsnkr.com\/fi\/wp-json\/wp\/v2\/product_cat?post=659023"},{"taxonomy":"product_tag","embeddable":true,"href":"https:\/\/nextsnkr.com\/fi\/wp-json\/wp\/v2\/product_tag?post=659023"}],"curies":[{"name":"wp","href":"https:\/\/api.w.org\/{rel}","templated":true}]}}