{"id":658513,"date":"2025-06-14T21:34:49","date_gmt":"2025-06-14T18:34:49","guid":{"rendered":"https:\/\/nextsnkr.com\/product\/ugg-classic-short-gray-rasprodazh\/"},"modified":"2026-01-30T19:05:48","modified_gmt":"2026-01-30T16:05:48","slug":"ugg-classic-short-gray-rasprodazh","status":"publish","type":"product","link":"https:\/\/nextsnkr.com\/fi\/tuote\/ugg-classic-short-gray-rasprodazh\/","title":{"rendered":"UGG Classic lyhyt harmaa-mokka naisten ugg saappaat Tekoturkis"},"content":{"rendered":"<h2>UGG Classic lyhyt harmaa-mokka naisten ugg saappaat Tekoturkis<\/h2>\n<p>UGG Classic Short Gray on mukavat ja l\u00e4mpim\u00e4t naisten ugg-saappaat, jotka on valmistettu korkealaatuisesta mokkanahasta ja pehme\u00e4st\u00e4 tekoturkiksesta. Klassinen muotoilu ja harmaa v\u00e4ri tekev\u00e4t niist\u00e4 monipuolisia mihin tahansa ulkon\u00e4k\u00f6\u00f6n, ja paksu pohja tarjoaa mukavuutta ja vakautta k\u00e4velless\u00e4. N\u00e4m\u00e4 Australiassa valmistetut ugg-saappaat takaavat kest\u00e4vyyden ja mukavuuden kylm\u00e4n\u00e4 vuodenaikana. UGG Classic lyhyt harmaa on t\u00e4ydellinen valinta niille, jotka arvostavat l\u00e4mp\u00f6\u00e4, tyyli\u00e4 ja k\u00e4yt\u00e4nn\u00f6llisyytt\u00e4 joka p\u00e4iv\u00e4.<\/p>\n","protected":false},"excerpt":{"rendered":"<p>UGG Classic Short Gray on mukavat ja l\u00e4mpim\u00e4t naisten ugg-saappaat, jotka on valmistettu korkealaatuisesta mokkanahasta ja pehme\u00e4st\u00e4 tekoturkiksesta. Klassinen muotoilu ja harmaa v\u00e4ri tekev\u00e4t niist\u00e4 monipuolisia mihin tahansa ulkon\u00e4k\u00f6\u00f6n, ja paksu pohja tarjoaa mukavuutta ja vakautta k\u00e4velless\u00e4. N\u00e4m\u00e4 Australiassa valmistetut ugg-saappaat takaavat kest\u00e4vyyden ja mukavuuden kylm\u00e4n\u00e4 vuodenaikana. UGG Classic lyhyt harmaa on t\u00e4ydellinen valinta niille, jotka arvostavat l\u00e4mp\u00f6\u00e4, tyyli\u00e4 ja k\u00e4yt\u00e4nn\u00f6llisyytt\u00e4 joka p\u00e4iv\u00e4.<\/p>\n","protected":false},"featured_media":658514,"comment_status":"open","ping_status":"open","template":"","meta":[],"product_brand":[],"product_cat":[3407,3199],"product_tag":[],"class_list":{"0":"post-658513","1":"product","2":"type-product","3":"status-publish","4":"has-post-thumbnail","6":"product_cat-ugg","7":"product_cat-all-product","8":"pa_rozmir-923","9":"pa_rozmir-910","10":"pa_rozmir-912","11":"pa_rozmir-914","12":"pa_rozmir-915","13":"pa_rozmir-916","14":"pa_rozmir-917","15":"pa_rozmir-918","16":"pa_rozmir-919","17":"pa_rozmir-920","18":"pa_rozmir-921","20":"first","21":"onbackorder","22":"purchasable","23":"product-type-variable"},"_links":{"self":[{"href":"https:\/\/nextsnkr.com\/fi\/wp-json\/wp\/v2\/product\/658513","targetHints":{"allow":["GET"]}}],"collection":[{"href":"https:\/\/nextsnkr.com\/fi\/wp-json\/wp\/v2\/product"}],"about":[{"href":"https:\/\/nextsnkr.com\/fi\/wp-json\/wp\/v2\/types\/product"}],"replies":[{"embeddable":true,"href":"https:\/\/nextsnkr.com\/fi\/wp-json\/wp\/v2\/comments?post=658513"}],"version-history":[{"count":0,"href":"https:\/\/nextsnkr.com\/fi\/wp-json\/wp\/v2\/product\/658513\/revisions"}],"wp:featuredmedia":[{"embeddable":true,"href":"https:\/\/nextsnkr.com\/fi\/wp-json\/wp\/v2\/media\/658514"}],"wp:attachment":[{"href":"https:\/\/nextsnkr.com\/fi\/wp-json\/wp\/v2\/media?parent=658513"}],"wp:term":[{"taxonomy":"product_brand","embeddable":true,"href":"https:\/\/nextsnkr.com\/fi\/wp-json\/wp\/v2\/product_brand?post=658513"},{"taxonomy":"product_cat","embeddable":true,"href":"https:\/\/nextsnkr.com\/fi\/wp-json\/wp\/v2\/product_cat?post=658513"},{"taxonomy":"product_tag","embeddable":true,"href":"https:\/\/nextsnkr.com\/fi\/wp-json\/wp\/v2\/product_tag?post=658513"}],"curies":[{"name":"wp","href":"https:\/\/api.w.org\/{rel}","templated":true}]}}