{"id":657663,"date":"2025-06-14T21:38:50","date_gmt":"2025-06-14T18:38:50","guid":{"rendered":"https:\/\/nextsnkr.com\/product\/ugg-bailey-button-triplet-ii-brown-mocha-rasprodazha\/"},"modified":"2026-01-30T19:05:24","modified_gmt":"2026-01-30T16:05:24","slug":"ugg-bailey-button-triplet-ii-brown-mocha-rasprodazha","status":"publish","type":"product","link":"https:\/\/nextsnkr.com\/fi\/tuote\/ugg-bailey-button-triplet-ii-brown-mocha-rasprodazha\/","title":{"rendered":"UGG Bailey Button Triplet II ruskea virtsa-Mokka Naisten Ugg saappaat"},"content":{"rendered":"<h2>UGG Bailey Button Triplet II ruskea virtsa-Mokka Naisten Ugg saappaat<\/h2>\n<p>UGG Bailey Button Triplet II Brown Mokka on tyylik\u00e4s ja l\u00e4mmin naisten ugg saappaat valmistettu luonnon mokka ja pehme\u00e4 tekoturkista, suunniteltu mukavuutta kylm\u00e4n\u00e4 vuodenaikana. Mallissa on alkuper\u00e4inen muotoilu, jossa on kolme koristeellista painiketta, mukava istuvuus ja vakaa pohja. N\u00e4m\u00e4 Australiassa valmistetut ugg-saappaat yhdist\u00e4v\u00e4t ensiluokkaisen laadun, kest\u00e4vyyden ja legendaarisen tyyliugg-tuotemerkin. T\u00e4ydellinen valinta p\u00e4ivitt\u00e4iseen k\u00e4ytt\u00f6\u00f6n ja tyylikk\u00e4\u00e4seen talvilookiin.<\/p>\n","protected":false},"excerpt":{"rendered":"<p>UGG Bailey Button Triplet II Brown Mokka on tyylik\u00e4s ja l\u00e4mmin naisten ugg saappaat valmistettu luonnon mokka ja pehme\u00e4 tekoturkista, suunniteltu mukavuutta kylm\u00e4n\u00e4 vuodenaikana. Mallissa on alkuper\u00e4inen muotoilu, jossa on kolme koristeellista painiketta, mukava istuvuus ja vakaa pohja. N\u00e4m\u00e4 Australiassa valmistetut ugg-saappaat yhdist\u00e4v\u00e4t ensiluokkaisen laadun, kest\u00e4vyyden ja legendaarisen tyyliugg-tuotemerkin. T\u00e4ydellinen valinta p\u00e4ivitt\u00e4iseen k\u00e4ytt\u00f6\u00f6n ja tyylikk\u00e4\u00e4seen talvilookiin.<\/p>\n","protected":false},"featured_media":657664,"comment_status":"open","ping_status":"open","template":"","meta":[],"product_brand":[],"product_cat":[3407,3199],"product_tag":[],"class_list":{"0":"post-657663","1":"product","2":"type-product","3":"status-publish","4":"has-post-thumbnail","6":"product_cat-ugg","7":"product_cat-all-product","8":"pa_rozmir-923","9":"pa_rozmir-910","10":"pa_rozmir-912","11":"pa_rozmir-914","12":"pa_rozmir-915","13":"pa_rozmir-916","14":"pa_rozmir-917","15":"pa_rozmir-918","16":"pa_rozmir-919","17":"pa_rozmir-920","18":"pa_rozmir-921","20":"first","21":"onbackorder","22":"purchasable","23":"product-type-variable"},"_links":{"self":[{"href":"https:\/\/nextsnkr.com\/fi\/wp-json\/wp\/v2\/product\/657663","targetHints":{"allow":["GET"]}}],"collection":[{"href":"https:\/\/nextsnkr.com\/fi\/wp-json\/wp\/v2\/product"}],"about":[{"href":"https:\/\/nextsnkr.com\/fi\/wp-json\/wp\/v2\/types\/product"}],"replies":[{"embeddable":true,"href":"https:\/\/nextsnkr.com\/fi\/wp-json\/wp\/v2\/comments?post=657663"}],"version-history":[{"count":0,"href":"https:\/\/nextsnkr.com\/fi\/wp-json\/wp\/v2\/product\/657663\/revisions"}],"wp:featuredmedia":[{"embeddable":true,"href":"https:\/\/nextsnkr.com\/fi\/wp-json\/wp\/v2\/media\/657664"}],"wp:attachment":[{"href":"https:\/\/nextsnkr.com\/fi\/wp-json\/wp\/v2\/media?parent=657663"}],"wp:term":[{"taxonomy":"product_brand","embeddable":true,"href":"https:\/\/nextsnkr.com\/fi\/wp-json\/wp\/v2\/product_brand?post=657663"},{"taxonomy":"product_cat","embeddable":true,"href":"https:\/\/nextsnkr.com\/fi\/wp-json\/wp\/v2\/product_cat?post=657663"},{"taxonomy":"product_tag","embeddable":true,"href":"https:\/\/nextsnkr.com\/fi\/wp-json\/wp\/v2\/product_tag?post=657663"}],"curies":[{"name":"wp","href":"https:\/\/api.w.org\/{rel}","templated":true}]}}