{"id":657323,"date":"2025-06-14T21:40:25","date_gmt":"2025-06-14T18:40:25","guid":{"rendered":"https:\/\/nextsnkr.com\/product\/ugg-bailey-button-triplet-ii-dark-shade-rasprodazha\/"},"modified":"2026-01-30T19:05:14","modified_gmt":"2026-01-30T16:05:14","slug":"ugg-bailey-button-triplet-ii-dark-shade-rasprodazha","status":"publish","type":"product","link":"https:\/\/nextsnkr.com\/fi\/tuote\/ugg-bailey-button-triplet-ii-dark-shade-rasprodazha\/","title":{"rendered":"UGG Bailey Button Triplet II tumma s\u00e4vy-naisten mokka ugg saappaat"},"content":{"rendered":"<h2>UGG Bailey Button Triplet II tumma s\u00e4vy-naisten mokka ugg saappaat<\/h2>\n<p>UGG Bailey Button Triplet II tumma s\u00e4vy on l\u00e4mmin naisten ugg saappaat valmistettu luonnon mokka ja Tekoturkis, suunniteltu mukavuutta kylm\u00e4n\u00e4 vuodenaikana. Malli on varustettu k\u00e4tev\u00e4ll\u00e4 painikkeella helppoa pukeutumista varten ja modernilla muotoilulla, joka korostaa tyyli\u00e4. Pehme\u00e4 vuori tarjoaa erinomaisen l\u00e4mm\u00f6neristyksen, ja korkealaatuinen australialainen tuotanto takaa kest\u00e4vyyden ja luotettavuuden. Valitse Ugg Bailey painiketta Triplet II yhdist\u00e4\u00e4 l\u00e4mp\u00f6\u00e4, mukavuutta ja eleganssia joka p\u00e4iv\u00e4.<\/p>\n","protected":false},"excerpt":{"rendered":"<p>UGG Bailey Button Triplet II tumma s\u00e4vy on l\u00e4mmin naisten ugg saappaat valmistettu luonnon mokka ja Tekoturkis, suunniteltu mukavuutta kylm\u00e4n\u00e4 vuodenaikana. Malli on varustettu k\u00e4tev\u00e4ll\u00e4 painikkeella helppoa pukeutumista varten ja modernilla muotoilulla, joka korostaa tyyli\u00e4. Pehme\u00e4 vuori tarjoaa erinomaisen l\u00e4mm\u00f6neristyksen, ja korkealaatuinen australialainen tuotanto takaa kest\u00e4vyyden ja luotettavuuden. Valitse Ugg Bailey painiketta Triplet II yhdist\u00e4\u00e4 l\u00e4mp\u00f6\u00e4, mukavuutta ja eleganssia joka p\u00e4iv\u00e4.<\/p>\n","protected":false},"featured_media":657324,"comment_status":"open","ping_status":"open","template":"","meta":[],"product_brand":[],"product_cat":[3407,3199],"product_tag":[],"class_list":{"0":"post-657323","1":"product","2":"type-product","3":"status-publish","4":"has-post-thumbnail","6":"product_cat-ugg","7":"product_cat-all-product","8":"pa_rozmir-923","9":"pa_rozmir-910","10":"pa_rozmir-912","11":"pa_rozmir-914","12":"pa_rozmir-915","13":"pa_rozmir-916","14":"pa_rozmir-917","15":"pa_rozmir-918","16":"pa_rozmir-919","17":"pa_rozmir-920","18":"pa_rozmir-921","20":"first","21":"onbackorder","22":"purchasable","23":"product-type-variable"},"_links":{"self":[{"href":"https:\/\/nextsnkr.com\/fi\/wp-json\/wp\/v2\/product\/657323","targetHints":{"allow":["GET"]}}],"collection":[{"href":"https:\/\/nextsnkr.com\/fi\/wp-json\/wp\/v2\/product"}],"about":[{"href":"https:\/\/nextsnkr.com\/fi\/wp-json\/wp\/v2\/types\/product"}],"replies":[{"embeddable":true,"href":"https:\/\/nextsnkr.com\/fi\/wp-json\/wp\/v2\/comments?post=657323"}],"version-history":[{"count":0,"href":"https:\/\/nextsnkr.com\/fi\/wp-json\/wp\/v2\/product\/657323\/revisions"}],"wp:featuredmedia":[{"embeddable":true,"href":"https:\/\/nextsnkr.com\/fi\/wp-json\/wp\/v2\/media\/657324"}],"wp:attachment":[{"href":"https:\/\/nextsnkr.com\/fi\/wp-json\/wp\/v2\/media?parent=657323"}],"wp:term":[{"taxonomy":"product_brand","embeddable":true,"href":"https:\/\/nextsnkr.com\/fi\/wp-json\/wp\/v2\/product_brand?post=657323"},{"taxonomy":"product_cat","embeddable":true,"href":"https:\/\/nextsnkr.com\/fi\/wp-json\/wp\/v2\/product_cat?post=657323"},{"taxonomy":"product_tag","embeddable":true,"href":"https:\/\/nextsnkr.com\/fi\/wp-json\/wp\/v2\/product_tag?post=657323"}],"curies":[{"name":"wp","href":"https:\/\/api.w.org\/{rel}","templated":true}]}}