{"id":656983,"date":"2025-06-14T21:42:03","date_gmt":"2025-06-14T18:42:03","guid":{"rendered":"https:\/\/nextsnkr.com\/product\/ugg-bailey-button-triplet-ii-black-rasprodazha\/"},"modified":"2026-01-30T19:05:05","modified_gmt":"2026-01-30T16:05:05","slug":"ugg-bailey-button-triplet-ii-black-rasprodazha","status":"publish","type":"product","link":"https:\/\/nextsnkr.com\/fi\/tuote\/ugg-bailey-button-triplet-ii-black-rasprodazha\/","title":{"rendered":"UGG Bailey Button Triplet II musta mokka ja turkis saappaat"},"content":{"rendered":"<h2>UGG Bailey Button Triplet II musta mokka ja turkis saappaat<\/h2>\n<p>UGG Bailey Button Triplet II musta-tyylik\u00e4s ja l\u00e4mmin saappaat valmistettu mokka ja Tekoturkis, ihanteellinen kylm\u00e4ll\u00e4 s\u00e4\u00e4ll\u00e4. Pehme\u00e4 sis\u00e4vuori tarjoaa mukavuutta ja l\u00e4mp\u00f6\u00e4, ja klassinen musta v\u00e4ri tekee mallista monipuolisen mihin tahansa lookiin. K\u00e4yt\u00e4nn\u00f6llinen muotoilu napeilla lis\u00e4\u00e4 k\u00e4ytt\u00f6mukavuutta, ja laadukkaat materiaalit takaavat kest\u00e4vyyden. N\u00e4m\u00e4 Australiassa valmistetut UGG-saappaat yhdist\u00e4v\u00e4t ensiluokkaisen tyylin, mukavuuden ja luotettavuuden p\u00e4ivitt\u00e4iseen k\u00e4ytt\u00f6\u00f6n.<\/p>\n","protected":false},"excerpt":{"rendered":"<p>UGG Bailey Button Triplet II musta-tyylik\u00e4s ja l\u00e4mmin saappaat valmistettu mokka ja Tekoturkis, ihanteellinen kylm\u00e4ll\u00e4 s\u00e4\u00e4ll\u00e4. Pehme\u00e4 sis\u00e4vuori tarjoaa mukavuutta ja l\u00e4mp\u00f6\u00e4, ja klassinen musta v\u00e4ri tekee mallista monipuolisen mihin tahansa lookiin. K\u00e4yt\u00e4nn\u00f6llinen muotoilu napeilla lis\u00e4\u00e4 k\u00e4ytt\u00f6mukavuutta, ja laadukkaat materiaalit takaavat kest\u00e4vyyden. N\u00e4m\u00e4 Australiassa valmistetut UGG-saappaat yhdist\u00e4v\u00e4t ensiluokkaisen tyylin, mukavuuden ja luotettavuuden p\u00e4ivitt\u00e4iseen k\u00e4ytt\u00f6\u00f6n.<\/p>\n","protected":false},"featured_media":656984,"comment_status":"open","ping_status":"open","template":"","meta":[],"product_brand":[],"product_cat":[3407,3199],"product_tag":[],"class_list":{"0":"post-656983","1":"product","2":"type-product","3":"status-publish","4":"has-post-thumbnail","6":"product_cat-ugg","7":"product_cat-all-product","8":"pa_rozmir-923","9":"pa_rozmir-910","10":"pa_rozmir-912","11":"pa_rozmir-914","12":"pa_rozmir-915","13":"pa_rozmir-916","14":"pa_rozmir-917","15":"pa_rozmir-918","16":"pa_rozmir-919","17":"pa_rozmir-920","18":"pa_rozmir-921","20":"first","21":"onbackorder","22":"purchasable","23":"product-type-variable"},"_links":{"self":[{"href":"https:\/\/nextsnkr.com\/fi\/wp-json\/wp\/v2\/product\/656983","targetHints":{"allow":["GET"]}}],"collection":[{"href":"https:\/\/nextsnkr.com\/fi\/wp-json\/wp\/v2\/product"}],"about":[{"href":"https:\/\/nextsnkr.com\/fi\/wp-json\/wp\/v2\/types\/product"}],"replies":[{"embeddable":true,"href":"https:\/\/nextsnkr.com\/fi\/wp-json\/wp\/v2\/comments?post=656983"}],"version-history":[{"count":0,"href":"https:\/\/nextsnkr.com\/fi\/wp-json\/wp\/v2\/product\/656983\/revisions"}],"wp:featuredmedia":[{"embeddable":true,"href":"https:\/\/nextsnkr.com\/fi\/wp-json\/wp\/v2\/media\/656984"}],"wp:attachment":[{"href":"https:\/\/nextsnkr.com\/fi\/wp-json\/wp\/v2\/media?parent=656983"}],"wp:term":[{"taxonomy":"product_brand","embeddable":true,"href":"https:\/\/nextsnkr.com\/fi\/wp-json\/wp\/v2\/product_brand?post=656983"},{"taxonomy":"product_cat","embeddable":true,"href":"https:\/\/nextsnkr.com\/fi\/wp-json\/wp\/v2\/product_cat?post=656983"},{"taxonomy":"product_tag","embeddable":true,"href":"https:\/\/nextsnkr.com\/fi\/wp-json\/wp\/v2\/product_tag?post=656983"}],"curies":[{"name":"wp","href":"https:\/\/api.w.org\/{rel}","templated":true}]}}