{"id":655064,"date":"2025-06-16T18:40:31","date_gmt":"2025-06-16T15:40:31","guid":{"rendered":"https:\/\/nextsnkr.com\/product\/adidas-yeezy-boost-350-v2-blackred\/"},"modified":"2026-01-30T19:03:58","modified_gmt":"2026-01-30T16:03:58","slug":"adidas-yeezy-boost-350-v2-blackred","status":"publish","type":"product","link":"https:\/\/nextsnkr.com\/fi\/tuote\/adidas-yeezy-boost-350-v2-blackred\/","title":{"rendered":"Adidas Yeezy Boost 350 V2 Mustat \/ Punaiset tennarit-miesten tekstiililenkkarit"},"content":{"rendered":"<h2>Adidas Yeezy Boost 350 V2 Mustat \/ Punaiset tennarit-miesten tekstiililenkkarit<\/h2>\n<p>Adidas Yeezy Boost 350 V2 Musta \/ punainen lenkkarit on valmistettu hengitt\u00e4v\u00e4st\u00e4 tekstiiliverkosta ja pehme\u00e4st\u00e4 kumipohjasta, jossa on Boost-tekniikka mukavuuden, iskunvaimennuksen ja kest\u00e4vyyden takaamiseksi. Malli sopii demi-season k\u00e4ytt\u00f6\u00f6n ja p\u00e4ivitt\u00e4iseen k\u00e4ytt\u00f6\u00f6n. Mustan ja punaisen v\u00e4rin tyylik\u00e4s yhdistelm\u00e4 antaa modernin ilmeen, ja t\u00e4ydellinen setti alkuper\u00e4isell\u00e4 laatikolla, dokumentaatiolla ja lis\u00e4varusteilla takaa aitouden. Valitse Adidas Yeezy Boost 350 V2, jossa yhdistyv\u00e4t ensiluokkainen laatu ja trendik\u00e4s muotoilu.<\/p>\n","protected":false},"excerpt":{"rendered":"<p>Adidas Yeezy Boost 350 V2 Musta \/ punainen lenkkarit on valmistettu hengitt\u00e4v\u00e4st\u00e4 tekstiiliverkosta ja pehme\u00e4st\u00e4 kumipohjasta, jossa on Boost-tekniikka mukavuuden, iskunvaimennuksen ja kest\u00e4vyyden takaamiseksi. Malli sopii demi-season k\u00e4ytt\u00f6\u00f6n ja p\u00e4ivitt\u00e4iseen k\u00e4ytt\u00f6\u00f6n. Mustan ja punaisen v\u00e4rin tyylik\u00e4s yhdistelm\u00e4 antaa modernin ilmeen, ja t\u00e4ydellinen setti alkuper\u00e4isell\u00e4 laatikolla, dokumentaatiolla ja lis\u00e4varusteilla takaa aitouden. Valitse Adidas Yeezy Boost 350 V2, jossa yhdistyv\u00e4t ensiluokkainen laatu ja trendik\u00e4s muotoilu.<\/p>\n","protected":false},"featured_media":655065,"comment_status":"open","ping_status":"open","template":"","meta":[],"product_brand":[],"product_cat":[3396,3199,3200],"product_tag":[],"class_list":{"0":"post-655064","1":"product","2":"type-product","3":"status-publish","4":"has-post-thumbnail","6":"product_cat-adidas-yeezy","7":"product_cat-all-product","8":"product_cat-krosivky","9":"pa_rozmir-910","10":"pa_rozmir-912","11":"pa_rozmir-914","12":"pa_rozmir-915","13":"pa_rozmir-916","14":"pa_rozmir-917","15":"pa_rozmir-918","16":"pa_rozmir-919","17":"pa_rozmir-920","18":"pa_rozmir-921","19":"pa_rozmir-922","21":"first","22":"onbackorder","23":"purchasable","24":"product-type-variable"},"_links":{"self":[{"href":"https:\/\/nextsnkr.com\/fi\/wp-json\/wp\/v2\/product\/655064","targetHints":{"allow":["GET"]}}],"collection":[{"href":"https:\/\/nextsnkr.com\/fi\/wp-json\/wp\/v2\/product"}],"about":[{"href":"https:\/\/nextsnkr.com\/fi\/wp-json\/wp\/v2\/types\/product"}],"replies":[{"embeddable":true,"href":"https:\/\/nextsnkr.com\/fi\/wp-json\/wp\/v2\/comments?post=655064"}],"version-history":[{"count":0,"href":"https:\/\/nextsnkr.com\/fi\/wp-json\/wp\/v2\/product\/655064\/revisions"}],"wp:featuredmedia":[{"embeddable":true,"href":"https:\/\/nextsnkr.com\/fi\/wp-json\/wp\/v2\/media\/655065"}],"wp:attachment":[{"href":"https:\/\/nextsnkr.com\/fi\/wp-json\/wp\/v2\/media?parent=655064"}],"wp:term":[{"taxonomy":"product_brand","embeddable":true,"href":"https:\/\/nextsnkr.com\/fi\/wp-json\/wp\/v2\/product_brand?post=655064"},{"taxonomy":"product_cat","embeddable":true,"href":"https:\/\/nextsnkr.com\/fi\/wp-json\/wp\/v2\/product_cat?post=655064"},{"taxonomy":"product_tag","embeddable":true,"href":"https:\/\/nextsnkr.com\/fi\/wp-json\/wp\/v2\/product_tag?post=655064"}],"curies":[{"name":"wp","href":"https:\/\/api.w.org\/{rel}","templated":true}]}}