{"id":654217,"date":"2025-06-16T18:44:32","date_gmt":"2025-06-16T15:44:32","guid":{"rendered":"https:\/\/nextsnkr.com\/product\/adidas-niteball-beige-orange\/"},"modified":"2026-01-30T19:03:34","modified_gmt":"2026-01-30T16:03:34","slug":"adidas-niteball-beige-orange","status":"publish","type":"product","link":"https:\/\/nextsnkr.com\/fi\/tuote\/adidas-niteball-beige-orange\/","title":{"rendered":"Adidas Niteball Beige \/ Oranssi lenkkarit-nahka-ja tekstiiliurheilukeng\u00e4t"},"content":{"rendered":"<h2>Adidas Niteball Beige \/ Oranssi lenkkarit-nahka-ja tekstiiliurheilukeng\u00e4t<\/h2>\n<p>Adidas Niteball Beige \/ Oranssi lenkkarit on valmistettu nahan ja Tekstiilien yhdistelm\u00e4st\u00e4, mik\u00e4 tarjoaa mukavuutta, kest\u00e4vyytt\u00e4 ja hengitt\u00e4vyytt\u00e4 p\u00e4ivitt\u00e4isess\u00e4 k\u00e4yt\u00f6ss\u00e4. Kevyt iskuja vaimentava pohja tekee mallista mukavan aktiiviseen kaupunkiel\u00e4m\u00e4\u00e4n ja urheiluharjoitteluun. Beigen ja oranssin v\u00e4rien tyylik\u00e4s yhdistelm\u00e4 lis\u00e4\u00e4 kirkkautta ja modernia korostusta mihin tahansa lookiin.Valmistaja on factory Vietnam. Valitse Adidas Niteball yhdist\u00e4\u00e4ksesi tyyli\u00e4, mukavuutta ja korkeaa laatua.<\/p>\n","protected":false},"excerpt":{"rendered":"<p>Adidas Niteball Beige \/ Oranssi lenkkarit on valmistettu nahan ja Tekstiilien yhdistelm\u00e4st\u00e4, mik\u00e4 tarjoaa mukavuutta, kest\u00e4vyytt\u00e4 ja hengitt\u00e4vyytt\u00e4 p\u00e4ivitt\u00e4isess\u00e4 k\u00e4yt\u00f6ss\u00e4. Kevyt iskuja vaimentava pohja tekee mallista mukavan aktiiviseen kaupunkiel\u00e4m\u00e4\u00e4n ja urheiluharjoitteluun. Beigen ja oranssin v\u00e4rien tyylik\u00e4s yhdistelm\u00e4 lis\u00e4\u00e4 kirkkautta ja modernia korostusta mihin tahansa lookiin.Valmistaja on factory Vietnam. Valitse Adidas Niteball yhdist\u00e4\u00e4ksesi tyyli\u00e4, mukavuutta ja korkeaa laatua.<\/p>\n","protected":false},"featured_media":654218,"comment_status":"open","ping_status":"open","template":"","meta":[],"product_brand":[],"product_cat":[3199,3200],"product_tag":[],"class_list":{"0":"post-654217","1":"product","2":"type-product","3":"status-publish","4":"has-post-thumbnail","6":"product_cat-all-product","7":"product_cat-krosivky","8":"pa_rozmir-910","9":"pa_rozmir-912","10":"pa_rozmir-914","11":"pa_rozmir-915","12":"pa_rozmir-916","13":"pa_rozmir-917","14":"pa_rozmir-918","15":"pa_rozmir-919","16":"pa_rozmir-920","17":"pa_rozmir-921","18":"pa_rozmir-922","20":"first","21":"onbackorder","22":"purchasable","23":"product-type-variable"},"_links":{"self":[{"href":"https:\/\/nextsnkr.com\/fi\/wp-json\/wp\/v2\/product\/654217","targetHints":{"allow":["GET"]}}],"collection":[{"href":"https:\/\/nextsnkr.com\/fi\/wp-json\/wp\/v2\/product"}],"about":[{"href":"https:\/\/nextsnkr.com\/fi\/wp-json\/wp\/v2\/types\/product"}],"replies":[{"embeddable":true,"href":"https:\/\/nextsnkr.com\/fi\/wp-json\/wp\/v2\/comments?post=654217"}],"version-history":[{"count":0,"href":"https:\/\/nextsnkr.com\/fi\/wp-json\/wp\/v2\/product\/654217\/revisions"}],"wp:featuredmedia":[{"embeddable":true,"href":"https:\/\/nextsnkr.com\/fi\/wp-json\/wp\/v2\/media\/654218"}],"wp:attachment":[{"href":"https:\/\/nextsnkr.com\/fi\/wp-json\/wp\/v2\/media?parent=654217"}],"wp:term":[{"taxonomy":"product_brand","embeddable":true,"href":"https:\/\/nextsnkr.com\/fi\/wp-json\/wp\/v2\/product_brand?post=654217"},{"taxonomy":"product_cat","embeddable":true,"href":"https:\/\/nextsnkr.com\/fi\/wp-json\/wp\/v2\/product_cat?post=654217"},{"taxonomy":"product_tag","embeddable":true,"href":"https:\/\/nextsnkr.com\/fi\/wp-json\/wp\/v2\/product_tag?post=654217"}],"curies":[{"name":"wp","href":"https:\/\/api.w.org\/{rel}","templated":true}]}}