{"id":653877,"date":"2025-06-14T15:08:13","date_gmt":"2025-06-14T12:08:13","guid":{"rendered":"https:\/\/nextsnkr.com\/product\/nike-air-force-1-low-black\/"},"modified":"2026-01-30T19:03:25","modified_gmt":"2026-01-30T16:03:25","slug":"nike-air-force-1-low-black","status":"publish","type":"product","link":"https:\/\/nextsnkr.com\/fi\/tuote\/nike-air-force-1-low-black\/","title":{"rendered":"Nike Air Force 1 matalat mustat tennarit-mustat nahkakeng\u00e4t"},"content":{"rendered":"<h2>Nike Air Force 1 matalat mustat tennarit-mustat nahkakeng\u00e4t<\/h2>\n<p>Nike Air Force 1 Low Black lenkkarit on valmistettu korkealaatuisesta aidosta nahasta, joka tarjoaa kest\u00e4vyytt\u00e4, mukavuutta ja tyylikk\u00e4\u00e4n ilmeen. Klassinen musta muotoilu tekee mallista monipuolisen mihin tahansa ulkon\u00e4k\u00f6\u00f6n, ja pehme\u00e4 pohja takaa pehmusteen ja tuen p\u00e4ivitt\u00e4isess\u00e4 k\u00e4yt\u00f6ss\u00e4. N\u00e4iss\u00e4 legendaarisissa Niken kengiss\u00e4 yhdistyv\u00e4t ensiluokkaiset materiaalit, mukavuus ja tunnistettava tyyli \u2014 t\u00e4ydellinen valinta urbaaniin rytmiin.<\/p>\n","protected":false},"excerpt":{"rendered":"<p>Nike Air Force 1 Low Black lenkkarit on valmistettu korkealaatuisesta aidosta nahasta, joka tarjoaa kest\u00e4vyytt\u00e4, mukavuutta ja tyylikk\u00e4\u00e4n ilmeen. Klassinen musta muotoilu tekee mallista monipuolisen mihin tahansa ulkon\u00e4k\u00f6\u00f6n, ja pehme\u00e4 pohja takaa pehmusteen ja tuen p\u00e4ivitt\u00e4isess\u00e4 k\u00e4yt\u00f6ss\u00e4. N\u00e4iss\u00e4 legendaarisissa Niken kengiss\u00e4 yhdistyv\u00e4t ensiluokkaiset materiaalit, mukavuus ja tunnistettava tyyli \u2014 t\u00e4ydellinen valinta urbaaniin rytmiin.<\/p>\n","protected":false},"featured_media":653878,"comment_status":"open","ping_status":"open","template":"","meta":[],"product_brand":[],"product_cat":[3199,3318],"product_tag":[],"class_list":{"0":"post-653877","1":"product","2":"type-product","3":"status-publish","4":"has-post-thumbnail","6":"product_cat-all-product","7":"product_cat-kedy","8":"pa_rozmir-910","9":"pa_rozmir-912","10":"pa_rozmir-914","11":"pa_rozmir-915","12":"pa_rozmir-916","13":"pa_rozmir-917","14":"pa_rozmir-918","15":"pa_rozmir-919","16":"pa_rozmir-920","17":"pa_rozmir-921","18":"pa_rozmir-922","20":"first","21":"instock","22":"purchasable","23":"product-type-variable"},"_links":{"self":[{"href":"https:\/\/nextsnkr.com\/fi\/wp-json\/wp\/v2\/product\/653877","targetHints":{"allow":["GET"]}}],"collection":[{"href":"https:\/\/nextsnkr.com\/fi\/wp-json\/wp\/v2\/product"}],"about":[{"href":"https:\/\/nextsnkr.com\/fi\/wp-json\/wp\/v2\/types\/product"}],"replies":[{"embeddable":true,"href":"https:\/\/nextsnkr.com\/fi\/wp-json\/wp\/v2\/comments?post=653877"}],"version-history":[{"count":0,"href":"https:\/\/nextsnkr.com\/fi\/wp-json\/wp\/v2\/product\/653877\/revisions"}],"wp:featuredmedia":[{"embeddable":true,"href":"https:\/\/nextsnkr.com\/fi\/wp-json\/wp\/v2\/media\/653878"}],"wp:attachment":[{"href":"https:\/\/nextsnkr.com\/fi\/wp-json\/wp\/v2\/media?parent=653877"}],"wp:term":[{"taxonomy":"product_brand","embeddable":true,"href":"https:\/\/nextsnkr.com\/fi\/wp-json\/wp\/v2\/product_brand?post=653877"},{"taxonomy":"product_cat","embeddable":true,"href":"https:\/\/nextsnkr.com\/fi\/wp-json\/wp\/v2\/product_cat?post=653877"},{"taxonomy":"product_tag","embeddable":true,"href":"https:\/\/nextsnkr.com\/fi\/wp-json\/wp\/v2\/product_tag?post=653877"}],"curies":[{"name":"wp","href":"https:\/\/api.w.org\/{rel}","templated":true}]}}