{"id":653199,"date":"2025-06-16T18:47:45","date_gmt":"2025-06-16T15:47:45","guid":{"rendered":"https:\/\/nextsnkr.com\/product\/sale-dr-martens-jadon-beige-khutro-zastibka\/"},"modified":"2026-01-30T19:03:08","modified_gmt":"2026-01-30T16:03:08","slug":"sale-dr-martens-jadon-beige-khutro-zastibka","status":"publish","type":"product","link":"https:\/\/nextsnkr.com\/fi\/tuote\/sale-dr-martens-jadon-beige-khutro-zastibka\/","title":{"rendered":"Dr. Martens Jadon beige saappaat-kiiltonahkaa turkis ja solki"},"content":{"rendered":"<h2>Dr. Martens Jadon beige saappaat-kiiltonahkaa turkis ja solki<\/h2>\n<p>Dr. Martens Jadon Beige&#8221; turkis + Lukko &#8221; saappaat on valmistettu korkealaatuisesta pehme\u00e4st\u00e4 kiiltonahasta, joka takaa kest\u00e4vyyden ja tyylikk\u00e4\u00e4n ulkon\u00e4\u00f6n. Turkiseristetyt ne tarjoavat l\u00e4mp\u00f6\u00e4 ja mukavuutta kylm\u00e4n\u00e4 vuodenaikana, ja k\u00e4yt\u00e4nn\u00f6llinen Lukko helpottaa niiden k\u00e4ytt\u00f6\u00e4. Mallin mukana tulee lis\u00e4nauhat, merkkipakkaus ja merkkitarvikkeet. T\u00e4ydellinen valinta niille, jotka arvostavat ensiluokkaista laatua, mukavuutta ja legendaarista Dr. Martens-muotoilua.<\/p>\n","protected":false},"excerpt":{"rendered":"<p>Dr. Martens Jadon Beige&#8221; turkis + Lukko &#8221; saappaat on valmistettu korkealaatuisesta pehme\u00e4st\u00e4 kiiltonahasta, joka takaa kest\u00e4vyyden ja tyylikk\u00e4\u00e4n ulkon\u00e4\u00f6n. Turkiseristetyt ne tarjoavat l\u00e4mp\u00f6\u00e4 ja mukavuutta kylm\u00e4n\u00e4 vuodenaikana, ja k\u00e4yt\u00e4nn\u00f6llinen Lukko helpottaa niiden k\u00e4ytt\u00f6\u00e4. Mallin mukana tulee lis\u00e4nauhat, merkkipakkaus ja merkkitarvikkeet. T\u00e4ydellinen valinta niille, jotka arvostavat ensiluokkaista laatua, mukavuutta ja legendaarista Dr. Martens-muotoilua.<\/p>\n","protected":false},"featured_media":653200,"comment_status":"open","ping_status":"open","template":"","meta":[],"product_brand":[2398],"product_cat":[3616,3199,3331],"product_tag":[],"class_list":{"0":"post-653199","1":"product","2":"type-product","3":"status-publish","4":"has-post-thumbnail","6":"product_brand-dr-martens","7":"product_cat-dr-martens","8":"product_cat-all-product","9":"product_cat-cherevyky","10":"pa_rozmir-910","11":"pa_rozmir-912","12":"pa_rozmir-914","13":"pa_rozmir-915","14":"pa_rozmir-916","15":"pa_rozmir-917","16":"pa_rozmir-918","17":"pa_rozmir-919","18":"pa_rozmir-920","19":"pa_rozmir-921","20":"pa_rozmir-922","22":"first","23":"instock","24":"purchasable","25":"product-type-variable"},"_links":{"self":[{"href":"https:\/\/nextsnkr.com\/fi\/wp-json\/wp\/v2\/product\/653199","targetHints":{"allow":["GET"]}}],"collection":[{"href":"https:\/\/nextsnkr.com\/fi\/wp-json\/wp\/v2\/product"}],"about":[{"href":"https:\/\/nextsnkr.com\/fi\/wp-json\/wp\/v2\/types\/product"}],"replies":[{"embeddable":true,"href":"https:\/\/nextsnkr.com\/fi\/wp-json\/wp\/v2\/comments?post=653199"}],"version-history":[{"count":0,"href":"https:\/\/nextsnkr.com\/fi\/wp-json\/wp\/v2\/product\/653199\/revisions"}],"wp:featuredmedia":[{"embeddable":true,"href":"https:\/\/nextsnkr.com\/fi\/wp-json\/wp\/v2\/media\/653200"}],"wp:attachment":[{"href":"https:\/\/nextsnkr.com\/fi\/wp-json\/wp\/v2\/media?parent=653199"}],"wp:term":[{"taxonomy":"product_brand","embeddable":true,"href":"https:\/\/nextsnkr.com\/fi\/wp-json\/wp\/v2\/product_brand?post=653199"},{"taxonomy":"product_cat","embeddable":true,"href":"https:\/\/nextsnkr.com\/fi\/wp-json\/wp\/v2\/product_cat?post=653199"},{"taxonomy":"product_tag","embeddable":true,"href":"https:\/\/nextsnkr.com\/fi\/wp-json\/wp\/v2\/product_tag?post=653199"}],"curies":[{"name":"wp","href":"https:\/\/api.w.org\/{rel}","templated":true}]}}