{"id":652871,"date":"2025-06-14T15:09:30","date_gmt":"2025-06-14T12:09:30","guid":{"rendered":"https:\/\/nextsnkr.com\/product\/air-force-1-white-black\/"},"modified":"2026-01-30T19:03:00","modified_gmt":"2026-01-30T16:03:00","slug":"air-force-1-white-black","status":"publish","type":"product","link":"https:\/\/nextsnkr.com\/fi\/tuote\/air-force-1-white-black\/","title":{"rendered":"Air Force 1 valkoiset \/ mustat tennarit-valkoiset nahkakeng\u00e4t mustilla aksenteilla"},"content":{"rendered":"<h2>Air Force 1 valkoiset \/ mustat tennarit-valkoiset nahkakeng\u00e4t mustilla aksenteilla<\/h2>\n<p>Air Force 1 valkoiset \/ mustat tennarit ovat tyylik\u00e4s klassinen nahkamalli, jossa yhdistyv\u00e4t mukavuus ja kest\u00e4vyys. Valkoinen pohja kontrastiv\u00e4risill\u00e4 mustilla yksityiskohdilla luo monipuolisen muotoilun, joka sopii helposti mihin tahansa rentoon ilmeeseen. Kest\u00e4v\u00e4 materiaali tarjoaa kulutuskest\u00e4vyytt\u00e4, ja mukava istuvuus takaa mukavuuden koko p\u00e4iv\u00e4n. Valitse Air Force 1 Valkoinen \/ Musta, jos haluat saada luotettavat ja tyylikk\u00e4\u00e4t lenkkarit joka p\u00e4iv\u00e4.<\/p>\n","protected":false},"excerpt":{"rendered":"<p>Air Force 1 valkoiset \/ mustat tennarit ovat tyylik\u00e4s klassinen nahkamalli, jossa yhdistyv\u00e4t mukavuus ja kest\u00e4vyys. Valkoinen pohja kontrastiv\u00e4risill\u00e4 mustilla yksityiskohdilla luo monipuolisen muotoilun, joka sopii helposti mihin tahansa rentoon ilmeeseen. Kest\u00e4v\u00e4 materiaali tarjoaa kulutuskest\u00e4vyytt\u00e4, ja mukava istuvuus takaa mukavuuden koko p\u00e4iv\u00e4n. Valitse Air Force 1 Valkoinen \/ Musta, jos haluat saada luotettavat ja tyylikk\u00e4\u00e4t lenkkarit joka p\u00e4iv\u00e4.<\/p>\n","protected":false},"featured_media":652873,"comment_status":"open","ping_status":"open","template":"","meta":[],"product_brand":[],"product_cat":[3199,3318],"product_tag":[],"class_list":{"0":"post-652871","1":"product","2":"type-product","3":"status-publish","4":"has-post-thumbnail","6":"product_cat-all-product","7":"product_cat-kedy","8":"pa_rozmir-910","9":"pa_rozmir-912","10":"pa_rozmir-914","11":"pa_rozmir-915","12":"pa_rozmir-916","13":"pa_rozmir-917","14":"pa_rozmir-918","15":"pa_rozmir-919","16":"pa_rozmir-920","17":"pa_rozmir-921","18":"pa_rozmir-922","20":"first","21":"instock","22":"purchasable","23":"product-type-variable"},"_links":{"self":[{"href":"https:\/\/nextsnkr.com\/fi\/wp-json\/wp\/v2\/product\/652871","targetHints":{"allow":["GET"]}}],"collection":[{"href":"https:\/\/nextsnkr.com\/fi\/wp-json\/wp\/v2\/product"}],"about":[{"href":"https:\/\/nextsnkr.com\/fi\/wp-json\/wp\/v2\/types\/product"}],"replies":[{"embeddable":true,"href":"https:\/\/nextsnkr.com\/fi\/wp-json\/wp\/v2\/comments?post=652871"}],"version-history":[{"count":0,"href":"https:\/\/nextsnkr.com\/fi\/wp-json\/wp\/v2\/product\/652871\/revisions"}],"wp:featuredmedia":[{"embeddable":true,"href":"https:\/\/nextsnkr.com\/fi\/wp-json\/wp\/v2\/media\/652873"}],"wp:attachment":[{"href":"https:\/\/nextsnkr.com\/fi\/wp-json\/wp\/v2\/media?parent=652871"}],"wp:term":[{"taxonomy":"product_brand","embeddable":true,"href":"https:\/\/nextsnkr.com\/fi\/wp-json\/wp\/v2\/product_brand?post=652871"},{"taxonomy":"product_cat","embeddable":true,"href":"https:\/\/nextsnkr.com\/fi\/wp-json\/wp\/v2\/product_cat?post=652871"},{"taxonomy":"product_tag","embeddable":true,"href":"https:\/\/nextsnkr.com\/fi\/wp-json\/wp\/v2\/product_tag?post=652871"}],"curies":[{"name":"wp","href":"https:\/\/api.w.org\/{rel}","templated":true}]}}