{"id":651970,"date":"2025-06-14T15:10:44","date_gmt":"2025-06-14T12:10:44","guid":{"rendered":"https:\/\/nextsnkr.com\/product\/air-force-1-low-white-green\/"},"modified":"2026-01-30T19:02:24","modified_gmt":"2026-01-30T16:02:24","slug":"air-force-1-low-white-green","status":"publish","type":"product","link":"https:\/\/nextsnkr.com\/fi\/tuote\/air-force-1-low-white-green\/","title":{"rendered":"Air Force 1 matalat Valko-vihre\u00e4t tennarit-tyylikk\u00e4\u00e4t nahkaiset Miesten tennarit"},"content":{"rendered":"<h2>Air Force 1 matalat Valko-vihre\u00e4t tennarit-tyylikk\u00e4\u00e4t nahkaiset Miesten tennarit<\/h2>\n<p>Air Force 1 matalat valkoiset\/vihre\u00e4t tennarit on valmistettu korkealaatuisesta nahasta, mik\u00e4 takaa kest\u00e4vyyden, mukavuuden ja kest\u00e4vyyden. Klassinen valkoinen v\u00e4ri vihreill\u00e4 aksenteilla antaa mallille raikkaan ja tyylikk\u00e4\u00e4n ilmeen. Mukavan istuvuuden ja iskuja vaimentavan pohjan ansiosta n\u00e4m\u00e4 tennarit ovat ihanteellisia jokap\u00e4iv\u00e4iseen k\u00e4ytt\u00f6\u00f6n. Valitse Air Force 1 Matala Valkoinen \/ Vihre\u00e4 yhdist\u00e4\u00e4ksesi mukavuuden ja modernin kaupunkityylin.<\/p>\n","protected":false},"excerpt":{"rendered":"<p>Air Force 1 matalat valkoiset\/vihre\u00e4t tennarit on valmistettu korkealaatuisesta nahasta, mik\u00e4 takaa kest\u00e4vyyden, mukavuuden ja kest\u00e4vyyden. Klassinen valkoinen v\u00e4ri vihreill\u00e4 aksenteilla antaa mallille raikkaan ja tyylikk\u00e4\u00e4n ilmeen. Mukavan istuvuuden ja iskuja vaimentavan pohjan ansiosta n\u00e4m\u00e4 tennarit ovat ihanteellisia jokap\u00e4iv\u00e4iseen k\u00e4ytt\u00f6\u00f6n. Valitse Air Force 1 Matala Valkoinen \/ Vihre\u00e4 yhdist\u00e4\u00e4ksesi mukavuuden ja modernin kaupunkityylin.<\/p>\n","protected":false},"featured_media":651973,"comment_status":"open","ping_status":"open","template":"","meta":[],"product_brand":[],"product_cat":[3199,3318],"product_tag":[],"class_list":{"0":"post-651970","1":"product","2":"type-product","3":"status-publish","4":"has-post-thumbnail","6":"product_cat-all-product","7":"product_cat-kedy","8":"pa_rozmir-910","9":"pa_rozmir-912","10":"pa_rozmir-914","11":"pa_rozmir-915","12":"pa_rozmir-916","13":"pa_rozmir-917","14":"pa_rozmir-918","15":"pa_rozmir-919","16":"pa_rozmir-920","17":"pa_rozmir-921","18":"pa_rozmir-922","20":"first","21":"instock","22":"purchasable","23":"product-type-variable"},"_links":{"self":[{"href":"https:\/\/nextsnkr.com\/fi\/wp-json\/wp\/v2\/product\/651970","targetHints":{"allow":["GET"]}}],"collection":[{"href":"https:\/\/nextsnkr.com\/fi\/wp-json\/wp\/v2\/product"}],"about":[{"href":"https:\/\/nextsnkr.com\/fi\/wp-json\/wp\/v2\/types\/product"}],"replies":[{"embeddable":true,"href":"https:\/\/nextsnkr.com\/fi\/wp-json\/wp\/v2\/comments?post=651970"}],"version-history":[{"count":0,"href":"https:\/\/nextsnkr.com\/fi\/wp-json\/wp\/v2\/product\/651970\/revisions"}],"wp:featuredmedia":[{"embeddable":true,"href":"https:\/\/nextsnkr.com\/fi\/wp-json\/wp\/v2\/media\/651973"}],"wp:attachment":[{"href":"https:\/\/nextsnkr.com\/fi\/wp-json\/wp\/v2\/media?parent=651970"}],"wp:term":[{"taxonomy":"product_brand","embeddable":true,"href":"https:\/\/nextsnkr.com\/fi\/wp-json\/wp\/v2\/product_brand?post=651970"},{"taxonomy":"product_cat","embeddable":true,"href":"https:\/\/nextsnkr.com\/fi\/wp-json\/wp\/v2\/product_cat?post=651970"},{"taxonomy":"product_tag","embeddable":true,"href":"https:\/\/nextsnkr.com\/fi\/wp-json\/wp\/v2\/product_tag?post=651970"}],"curies":[{"name":"wp","href":"https:\/\/api.w.org\/{rel}","templated":true}]}}